{"id":2652,"date":"2022-06-08T16:57:45","date_gmt":"2022-06-08T08:57:45","guid":{"rendered":"https:\/\/www.tesswave.com\/?post_type=product&#038;p=2652"},"modified":"2025-06-19T18:19:59","modified_gmt":"2025-06-19T10:19:59","slug":"450-470-mhz-12dbi-uhf-yagi-antenna","status":"publish","type":"product","link":"https:\/\/www.tesswave.com\/es\/product\/450-470-mhz-12dbi-uhf-yagi-antenna\/","title":{"rendered":"450-470MHz 12dBi Alta Ganancia UHF GMRS Antena Yagi"},"content":{"rendered":"<figure class=\"wp-block-table\"><table class=\"has-fixed-layout\"><tbody><tr><td><strong>Especificaciones el\u00e9ctricas<\/strong><\/td><td>&nbsp;<\/td><\/tr><tr><td>Frecuencia<\/td><td>450-470 MHz<\/td><\/tr><tr><td>Gane<\/td><td>12 dBi<\/td><\/tr><tr><td>VSWR<\/td><td>&lt;1.5<\/td><\/tr><tr><td>Polarizaci\u00f3n<\/td><td>Vertical<\/td><\/tr><tr><td>Anchura del haz horizontal<\/td><td>49\u00b0<\/td><\/tr><tr><td>Anchura del haz vertical<\/td><td>48\u00b0<\/td><\/tr><tr><td>Relaci\u00f3n F\/B<\/td><td>\u226515dB<\/td><\/tr><tr><td>Impedancia<\/td><td>50 ohmios<\/td><\/tr><tr><td>M\u00e1x. Potencia de entrada<\/td><td>100W<\/td><\/tr><tr><td>Protecci\u00f3n contra el rayo<\/td><td>DC Tierra<\/td><\/tr><tr><td><strong>Especificaciones mec\u00e1nicas<\/strong><\/td><td>&nbsp;<\/td><\/tr><tr><td>Conector<\/td><td>N Mujer<\/td><\/tr><tr><td>Dimensi\u00f3n<\/td><td>990\u00d7370\u00d780 mm<\/td><\/tr><tr><td>Peso<\/td><td>0,8 kg<\/td><\/tr><tr><td>Montaje<\/td><td>M\u00e1stil \u00d840-\u00d860 mm<\/td><\/tr><tr><td>Velocidad del viento<\/td><td>210 km\/h<\/td><\/tr><tr><td>Temperatura de funcionamiento<\/td><td>-40\u2103 - +65\u2103<\/td><\/tr><\/tbody><\/table><\/figure>","protected":false},"author":1,"featured_media":4917,"menu_order":0,"template":"","meta":{"_acf_changed":true},"product_cat":[102,329],"product_tag":[],"class_list":["post-2652","product","type-product","status-publish","has-post-thumbnail","hentry","product_cat-vhf-uhf-yagi-antennas","product_cat-300-800-mhz-antennas"],"acf":{"_sku":"","product-image":[4917],"_price":"17","pdsms":null,"excerpt":"<ul>\r\n<li>Gama de frecuencias: 450-470MHz<\/li>\r\n<li>Alta ganancia<\/li>\r\n<li>Radiaci\u00f3n direccional para conexi\u00f3n punto a punto<\/li>\r\n<li>Ideal para GMRS, UHF<\/li>\r\n<li>T\u00edpico conector N hembra con cable de 30 cm<\/li>\r\n<\/ul>","faqs":""},"_links":{"self":[{"href":"https:\/\/www.tesswave.com\/es\/wp-json\/wp\/v2\/product\/2652","targetHints":{"allow":["GET"]}}],"collection":[{"href":"https:\/\/www.tesswave.com\/es\/wp-json\/wp\/v2\/product"}],"about":[{"href":"https:\/\/www.tesswave.com\/es\/wp-json\/wp\/v2\/types\/product"}],"author":[{"embeddable":true,"href":"https:\/\/www.tesswave.com\/es\/wp-json\/wp\/v2\/users\/1"}],"acf:attachment":[{"embeddable":true,"href":"https:\/\/www.tesswave.com\/es\/wp-json\/wp\/v2\/media\/4917"}],"wp:featuredmedia":[{"embeddable":true,"href":"https:\/\/www.tesswave.com\/es\/wp-json\/wp\/v2\/media\/4917"}],"wp:attachment":[{"href":"https:\/\/www.tesswave.com\/es\/wp-json\/wp\/v2\/media?parent=2652"}],"wp:term":[{"taxonomy":"product_cat","embeddable":true,"href":"https:\/\/www.tesswave.com\/es\/wp-json\/wp\/v2\/product_cat?post=2652"},{"taxonomy":"product_tag","embeddable":true,"href":"https:\/\/www.tesswave.com\/es\/wp-json\/wp\/v2\/product_tag?post=2652"}],"curies":[{"name":"wp","href":"https:\/\/api.w.org\/{rel}","templated":true}]}}