{"id":2666,"date":"2022-06-08T17:26:20","date_gmt":"2022-06-08T09:26:20","guid":{"rendered":"https:\/\/www.tesswave.com\/?post_type=product&#038;p=2666"},"modified":"2025-06-19T18:17:53","modified_gmt":"2025-06-19T10:17:53","slug":"433mhz-9dbi-uhf-yagi-antenna","status":"publish","type":"product","link":"https:\/\/www.tesswave.com\/es\/product\/433mhz-9dbi-uhf-yagi-antenna\/","title":{"rendered":"433MHz 9dBi Antena Yagi UHF Direccional de Largo Alcance"},"content":{"rendered":"<figure class=\"wp-block-table\"><table class=\"has-fixed-layout\"><tbody><tr><td><strong>Especificaciones el\u00e9ctricas<\/strong><\/td><td>&nbsp;<\/td><\/tr><tr><td>Frecuencia<\/td><td>430-440 MHz<\/td><\/tr><tr><td>Gane<\/td><td>9 dBi<\/td><\/tr><tr><td>VSWR<\/td><td>&lt;1.5<\/td><\/tr><tr><td>Polarizaci\u00f3n<\/td><td>Vertical<\/td><\/tr><tr><td>Anchura del haz horizontal<\/td><td>68\u00b0<\/td><\/tr><tr><td>Anchura del haz vertical<\/td><td>60\u00b0<\/td><\/tr><tr><td>Relaci\u00f3n F\/B<\/td><td>\u226515dB<\/td><\/tr><tr><td>Impedancia<\/td><td>50 ohmios<\/td><\/tr><tr><td>M\u00e1x. Potencia de entrada<\/td><td>100W<\/td><\/tr><tr><td>Protecci\u00f3n contra el rayo<\/td><td>DC Tierra<\/td><\/tr><tr><td><strong>Especificaciones mec\u00e1nicas<\/strong><\/td><td>&nbsp;<\/td><\/tr><tr><td>Conector<\/td><td>N Mujer<\/td><\/tr><tr><td>Dimensi\u00f3n<\/td><td>750\u00d7370\u00d780 mm<\/td><\/tr><tr><td>Peso<\/td><td>0,4 kg<\/td><\/tr><tr><td>Montaje<\/td><td>M\u00e1stil \u00d840-\u00d860 mm<\/td><\/tr><tr><td>Velocidad del viento<\/td><td>210 km\/h<\/td><\/tr><tr><td>Temperatura de funcionamiento<\/td><td>-40\u2103 - +65\u2103<\/td><\/tr><\/tbody><\/table><\/figure>","protected":false},"author":1,"featured_media":4907,"menu_order":0,"template":"","meta":{"_acf_changed":true},"product_cat":[255,329,102],"product_tag":[],"class_list":["post-2666","product","type-product","status-publish","has-post-thumbnail","hentry","product_cat-433-mhz-lora-antennas","product_cat-300-800-mhz-antennas","product_cat-vhf-uhf-yagi-antennas"],"acf":{"_sku":"TYC-43440-9E","product-image":[4907],"_price":"17","pdsms":null,"excerpt":"<ul>\r\n<li>Gama de frecuencias: 430-440MHz<\/li>\r\n<li>Dise\u00f1o de alta ganancia<\/li>\r\n<li>Radiaci\u00f3n direccional para conexi\u00f3n punto a punto<\/li>\r\n<li>Ideal para aplicaciones LoRa, LMR, ISM, RFID, M2M, etc.<\/li>\r\n<li>T\u00edpico conector N hembra con cable de 30 cm<\/li>\r\n<\/ul>","faqs":""},"_links":{"self":[{"href":"https:\/\/www.tesswave.com\/es\/wp-json\/wp\/v2\/product\/2666","targetHints":{"allow":["GET"]}}],"collection":[{"href":"https:\/\/www.tesswave.com\/es\/wp-json\/wp\/v2\/product"}],"about":[{"href":"https:\/\/www.tesswave.com\/es\/wp-json\/wp\/v2\/types\/product"}],"author":[{"embeddable":true,"href":"https:\/\/www.tesswave.com\/es\/wp-json\/wp\/v2\/users\/1"}],"acf:attachment":[{"embeddable":true,"href":"https:\/\/www.tesswave.com\/es\/wp-json\/wp\/v2\/media\/4907"}],"wp:featuredmedia":[{"embeddable":true,"href":"https:\/\/www.tesswave.com\/es\/wp-json\/wp\/v2\/media\/4907"}],"wp:attachment":[{"href":"https:\/\/www.tesswave.com\/es\/wp-json\/wp\/v2\/media?parent=2666"}],"wp:term":[{"taxonomy":"product_cat","embeddable":true,"href":"https:\/\/www.tesswave.com\/es\/wp-json\/wp\/v2\/product_cat?post=2666"},{"taxonomy":"product_tag","embeddable":true,"href":"https:\/\/www.tesswave.com\/es\/wp-json\/wp\/v2\/product_tag?post=2666"}],"curies":[{"name":"wp","href":"https:\/\/api.w.org\/{rel}","templated":true}]}}