{"id":2828,"date":"2022-06-22T22:54:46","date_gmt":"2022-06-22T14:54:46","guid":{"rendered":"https:\/\/www.tesswave.com\/?post_type=product&#038;p=2828"},"modified":"2025-06-19T18:17:34","modified_gmt":"2025-06-19T10:17:34","slug":"868-915-mhz-13dbi-directional-lora-sector-antenna","status":"publish","type":"product","link":"https:\/\/www.tesswave.com\/es\/product\/868-915-mhz-13dbi-directional-lora-sector-antenna\/","title":{"rendered":"860-930MHz 13dBi Antena sectorial LoRa direccional de 120 grados"},"content":{"rendered":"<figure class=\"wp-block-table\"><table class=\"has-fixed-layout\"><tbody><tr><td><strong>Especificaciones el\u00e9ctricas<\/strong><\/td><td>&nbsp;<\/td><\/tr><tr><td>Frecuencia<\/td><td>860-930 MHz<\/td><\/tr><tr><td>Gane<\/td><td>13 dBi<\/td><\/tr><tr><td>VSWR<\/td><td>&lt;1.5<\/td><\/tr><tr><td>Polarizaci\u00f3n<\/td><td>Vertical<\/td><\/tr><tr><td>Anchura del haz horizontal<\/td><td>120\u00b0<\/td><\/tr><tr><td>Anchura del haz vertical<\/td><td>16\u00b0<\/td><\/tr><tr><td>Relaci\u00f3n F\/B<\/td><td>\u226523dB<\/td><\/tr><tr><td>Impedancia<\/td><td>50 ohmios<\/td><\/tr><tr><td>M\u00e1x. Potencia de entrada<\/td><td>100W<\/td><\/tr><tr><td>Protecci\u00f3n contra el rayo<\/td><td>DC Tierra<\/td><\/tr><tr><td><strong>Especificaciones mec\u00e1nicas<\/strong><\/td><td>&nbsp;<\/td><\/tr><tr><td>Conector<\/td><td>N Mujer<\/td><\/tr><tr><td>Dimensi\u00f3n<\/td><td>1150\u00d7290\u00d7130mm<\/td><\/tr><tr><td>Peso<\/td><td>6,75 kg<\/td><\/tr><tr><td>Montaje<\/td><td>M\u00e1stil \u00d840-\u00d860 mm<\/td><\/tr><tr><td>Material del radomo<\/td><td>PVC resistente a los rayos UV<\/td><\/tr><tr><td>Velocidad del viento<\/td><td>210 km\/h<\/td><\/tr><tr><td>Temperatura de funcionamiento<\/td><td>-40\u2103 - +65\u2103<\/td><\/tr><\/tbody><\/table><\/figure>","protected":false},"author":1,"featured_media":4900,"menu_order":0,"template":"","meta":{"_acf_changed":true},"product_cat":[136,330,253],"product_tag":[],"class_list":["post-2828","product","type-product","status-publish","has-post-thumbnail","hentry","product_cat-helium-antennas","product_cat-800-900-mhz-antennas","product_cat-868-915-mhz-lora-antennas"],"acf":{"_sku":"TSC-86930-13V120","product-image":[4900],"_price":"149","pdsms":null,"excerpt":"<ul>\r\n<li>Funciona en la banda de frecuencias 860-930MHz<\/li>\r\n<li>Ancho de haz horizontal de 120 grados<\/li>\r\n<li>Polarizaci\u00f3n lineal vertical<\/li>\r\n<li>Soportes de montaje resistentes<\/li>\r\n<li>Robusta carcasa de antena de PVC con protecci\u00f3n UV<\/li>\r\n<li>N Conector hembra<\/li>\r\n<\/ul>","faqs":""},"_links":{"self":[{"href":"https:\/\/www.tesswave.com\/es\/wp-json\/wp\/v2\/product\/2828","targetHints":{"allow":["GET"]}}],"collection":[{"href":"https:\/\/www.tesswave.com\/es\/wp-json\/wp\/v2\/product"}],"about":[{"href":"https:\/\/www.tesswave.com\/es\/wp-json\/wp\/v2\/types\/product"}],"author":[{"embeddable":true,"href":"https:\/\/www.tesswave.com\/es\/wp-json\/wp\/v2\/users\/1"}],"acf:attachment":[{"embeddable":true,"href":"https:\/\/www.tesswave.com\/es\/wp-json\/wp\/v2\/media\/4900"}],"wp:featuredmedia":[{"embeddable":true,"href":"https:\/\/www.tesswave.com\/es\/wp-json\/wp\/v2\/media\/4900"}],"wp:attachment":[{"href":"https:\/\/www.tesswave.com\/es\/wp-json\/wp\/v2\/media?parent=2828"}],"wp:term":[{"taxonomy":"product_cat","embeddable":true,"href":"https:\/\/www.tesswave.com\/es\/wp-json\/wp\/v2\/product_cat?post=2828"},{"taxonomy":"product_tag","embeddable":true,"href":"https:\/\/www.tesswave.com\/es\/wp-json\/wp\/v2\/product_tag?post=2828"}],"curies":[{"name":"wp","href":"https:\/\/api.w.org\/{rel}","templated":true}]}}