{"id":3222,"date":"2022-07-08T16:22:00","date_gmt":"2022-07-08T08:22:00","guid":{"rendered":"https:\/\/www.tesswave.com\/?post_type=product&#038;p=3222"},"modified":"2025-06-19T18:16:58","modified_gmt":"2025-06-19T10:16:58","slug":"900mhz-12dbi-directional-panel-antenna","status":"publish","type":"product","link":"https:\/\/www.tesswave.com\/es\/product\/900mhz-12dbi-directional-panel-antenna\/","title":{"rendered":"902-928MHz 12dBi Antena de panel direccional de polarizaci\u00f3n lineal"},"content":{"rendered":"<figure class=\"wp-block-table is-style-regular\"><table class=\"has-fixed-layout\"><tbody><tr><td><strong>Especificaciones el\u00e9ctricas<\/strong><\/td><td>&nbsp;<\/td><\/tr><tr><td>Frecuencia<\/td><td>902-928 MHz<\/td><\/tr><tr><td>Gane<\/td><td>12 dBi<\/td><\/tr><tr><td>VSWR<\/td><td>&lt;1.5<\/td><\/tr><tr><td>Polarizaci\u00f3n<\/td><td>Vertical lineal<\/td><\/tr><tr><td>Anchura del haz horizontal<\/td><td>41\u00b0<\/td><\/tr><tr><td>Anchura del haz vertical<\/td><td>39\u00b0<\/td><\/tr><tr><td>Relaci\u00f3n F\/B<\/td><td>\u226518dB<\/td><\/tr><tr><td>Impedancia<\/td><td>50 ohmios<\/td><\/tr><tr><td>M\u00e1x. Potencia de entrada<\/td><td>100W<\/td><\/tr><tr><td>Protecci\u00f3n contra el rayo<\/td><td>DC Tierra<\/td><\/tr><tr><td><strong>Especificaciones mec\u00e1nicas<\/strong><\/td><td>&nbsp;<\/td><\/tr><tr><td>Conector<\/td><td>N Mujer<\/td><\/tr><tr><td>Dimensi\u00f3n<\/td><td>450\u00d7450\u00d740mm<\/td><\/tr><tr><td>Peso<\/td><td>2 kg<\/td><\/tr><tr><td>Montaje<\/td><td>M\u00e1stil \u00d840-\u00d860 mm<\/td><\/tr><tr><td>Material del radomo<\/td><td>ABS<\/td><\/tr><tr><td>Velocidad del viento<\/td><td>210 km\/h<\/td><\/tr><tr><td>Temperatura de funcionamiento<\/td><td>-40\u2103 - +65\u2103<\/td><\/tr><\/tbody><\/table><\/figure>","protected":false},"author":1,"featured_media":4889,"menu_order":0,"template":"","meta":{"_acf_changed":true},"product_cat":[253,330],"product_tag":[],"class_list":["post-3222","product","type-product","status-publish","has-post-thumbnail","hentry","product_cat-868-915-mhz-lora-antennas","product_cat-800-900-mhz-antennas"],"acf":{"_sku":"TPC-90930-12V","product-image":[4889],"_price":"63","pdsms":null,"excerpt":"<ul>\r\n<li>Funciona en la banda de frecuencias 902-928MHz<\/li>\r\n<li>Ideal para aplicaciones RFID, LoRa, ISM, M2M, etc.<\/li>\r\n<li>Alta ganancia True 12dBi<\/li>\r\n<li>Polarizaci\u00f3n lineal vertical<\/li>\r\n<li>Instalaci\u00f3n exterior en poste<\/li>\r\n<li>Robusta carcasa de antena de ABS con protecci\u00f3n UV<\/li>\r\n<li>Dimensiones: 450\u00d7450\u00d740 mm<\/li>\r\n<li>N Conector hembra<\/li>\r\n<\/ul>","faqs":""},"_links":{"self":[{"href":"https:\/\/www.tesswave.com\/es\/wp-json\/wp\/v2\/product\/3222","targetHints":{"allow":["GET"]}}],"collection":[{"href":"https:\/\/www.tesswave.com\/es\/wp-json\/wp\/v2\/product"}],"about":[{"href":"https:\/\/www.tesswave.com\/es\/wp-json\/wp\/v2\/types\/product"}],"author":[{"embeddable":true,"href":"https:\/\/www.tesswave.com\/es\/wp-json\/wp\/v2\/users\/1"}],"acf:attachment":[{"embeddable":true,"href":"https:\/\/www.tesswave.com\/es\/wp-json\/wp\/v2\/media\/4889"}],"wp:featuredmedia":[{"embeddable":true,"href":"https:\/\/www.tesswave.com\/es\/wp-json\/wp\/v2\/media\/4889"}],"wp:attachment":[{"href":"https:\/\/www.tesswave.com\/es\/wp-json\/wp\/v2\/media?parent=3222"}],"wp:term":[{"taxonomy":"product_cat","embeddable":true,"href":"https:\/\/www.tesswave.com\/es\/wp-json\/wp\/v2\/product_cat?post=3222"},{"taxonomy":"product_tag","embeddable":true,"href":"https:\/\/www.tesswave.com\/es\/wp-json\/wp\/v2\/product_tag?post=3222"}],"curies":[{"name":"wp","href":"https:\/\/api.w.org\/{rel}","templated":true}]}}