{"id":3498,"date":"2022-07-25T11:39:38","date_gmt":"2022-07-25T03:39:38","guid":{"rendered":"https:\/\/www.tesswave.com\/?post_type=product&#038;p=3498"},"modified":"2025-06-19T18:15:42","modified_gmt":"2025-06-19T10:15:42","slug":"outdoor-3g-4g-lte-omni-antenna","status":"publish","type":"product","link":"https:\/\/www.tesswave.com\/es\/product\/outdoor-3g-4g-lte-omni-antenna\/","title":{"rendered":"698-2700MHz 4\/6dBi Antena Omnidireccional de Alta Ganancia para Exteriores 3G\/4G LTE"},"content":{"rendered":"<figure class=\"wp-block-table is-style-regular\"><table class=\"has-fixed-layout\"><tbody><tr><td><strong>Especificaciones el\u00e9ctricas<\/strong><\/td><td>&nbsp;<\/td><\/tr><tr><td>Frecuencia-MHz<\/td><td>698-960\/1710-2700<\/td><\/tr><tr><td>Ganancia-dBi<\/td><td>4\/6<\/td><\/tr><tr><td>VSWR<\/td><td>&lt;2.5<\/td><\/tr><tr><td>Polarizaci\u00f3n<\/td><td>Vertical<\/td><\/tr><tr><td>Anchura del haz horizontal<\/td><td>360\u00b0<\/td><\/tr><tr><td>Anchura del haz vertical<\/td><td>38\u00b0<\/td><\/tr><tr><td>Impedancia<\/td><td>50 ohmios<\/td><\/tr><tr><td>M\u00e1x. Potencia de entrada<\/td><td>100W<\/td><\/tr><tr><td>Protecci\u00f3n contra el rayo<\/td><td>DC Tierra<\/td><\/tr><tr><td><strong>Especificaciones mec\u00e1nicas<\/strong><\/td><td>&nbsp;<\/td><\/tr><tr><td>Conector<\/td><td>N Mujer<\/td><\/tr><tr><td>Dimensi\u00f3n<\/td><td>\u00d880\u00d7490 mm<\/td><\/tr><tr><td>Peso<\/td><td>0,9 kg<\/td><\/tr><tr><td>Montaje<\/td><td>M\u00e1stil \u00d840-\u00d860 mm<\/td><\/tr><tr><td>Material del radomo<\/td><td>PVC UV<\/td><\/tr><tr><td>Velocidad del viento<\/td><td>210 km\/h<\/td><\/tr><tr><td>Temperatura de funcionamiento<\/td><td>-40\u2103 - +65\u2103<\/td><\/tr><\/tbody><\/table><\/figure>","protected":false},"author":1,"featured_media":4874,"menu_order":0,"template":"","meta":{"_acf_changed":true},"product_cat":[250,87,337],"product_tag":[],"class_list":["post-3498","product","type-product","status-publish","has-post-thumbnail","hentry","product_cat-2g-3g-omnidirectional-antennas","product_cat-4g-lte-antennas","product_cat-698-2700-mhz-antennas"],"acf":{"_sku":"TOF-0727-6V","product-image":[4874],"_price":"23","pdsms":null,"excerpt":"<ul>\r\n<li>Funciona en la banda 698-960\/1710-2700MHz para reapeater\/booster 2G\/3G\/4G<\/li>\r\n<li>Ganancia real 4\/6dBi<\/li>\r\n<li>Es una antena omnidireccional<\/li>\r\n<li>Instalaci\u00f3n exterior en poste<\/li>\r\n<li>Kits de montaje de alta resistencia incluidos<\/li>\r\n<li>Robusta carcasa de antena de ABS con protecci\u00f3n UV<\/li>\r\n<li>N Conector hembra en la parte inferior de la antena<\/li>\r\n<li>IP55 resistente a la lluvia y al polvo<\/li>\r\n<\/ul>","faqs":""},"_links":{"self":[{"href":"https:\/\/www.tesswave.com\/es\/wp-json\/wp\/v2\/product\/3498","targetHints":{"allow":["GET"]}}],"collection":[{"href":"https:\/\/www.tesswave.com\/es\/wp-json\/wp\/v2\/product"}],"about":[{"href":"https:\/\/www.tesswave.com\/es\/wp-json\/wp\/v2\/types\/product"}],"author":[{"embeddable":true,"href":"https:\/\/www.tesswave.com\/es\/wp-json\/wp\/v2\/users\/1"}],"acf:attachment":[{"embeddable":true,"href":"https:\/\/www.tesswave.com\/es\/wp-json\/wp\/v2\/media\/4874"}],"wp:featuredmedia":[{"embeddable":true,"href":"https:\/\/www.tesswave.com\/es\/wp-json\/wp\/v2\/media\/4874"}],"wp:attachment":[{"href":"https:\/\/www.tesswave.com\/es\/wp-json\/wp\/v2\/media?parent=3498"}],"wp:term":[{"taxonomy":"product_cat","embeddable":true,"href":"https:\/\/www.tesswave.com\/es\/wp-json\/wp\/v2\/product_cat?post=3498"},{"taxonomy":"product_tag","embeddable":true,"href":"https:\/\/www.tesswave.com\/es\/wp-json\/wp\/v2\/product_tag?post=3498"}],"curies":[{"name":"wp","href":"https:\/\/api.w.org\/{rel}","templated":true}]}}