{"id":7517,"date":"2023-09-20T11:09:41","date_gmt":"2023-09-20T03:09:41","guid":{"rendered":"https:\/\/www.tesswave.com\/?post_type=product&#038;p=7517"},"modified":"2025-06-19T17:38:44","modified_gmt":"2025-06-19T09:38:44","slug":"3-3-3-8-ghz-18dbi-panel-antenna","status":"publish","type":"product","link":"https:\/\/www.tesswave.com\/es\/product\/3-3-3-8-ghz-18dbi-panel-antenna\/","title":{"rendered":"3.3-3.8 GHz 18dBi Antena de panel WiMax direccional de alta ganancia para exteriores"},"content":{"rendered":"<figure class=\"wp-block-table\"><table class=\"has-fixed-layout\"><tbody><tr><td><strong>Especificaciones el\u00e9ctricas<\/strong><\/td><td>&nbsp;<\/td><\/tr><tr><td>Frecuencia<\/td><td>3300-3800 MHz<\/td><\/tr><tr><td>Gane<\/td><td>18 dBi<\/td><\/tr><tr><td>VSWR<\/td><td>&lt;2<\/td><\/tr><tr><td>Polarizaci\u00f3n<\/td><td>Vertical<\/td><\/tr><tr><td>Anchura del haz horizontal<\/td><td>21\u00b0<\/td><\/tr><tr><td>Anchura del haz vertical<\/td><td>21\u00b0<\/td><\/tr><tr><td>Relaci\u00f3n F\/B<\/td><td>\u226520dB<\/td><\/tr><tr><td>Impedancia<\/td><td>50 ohmios<\/td><\/tr><tr><td>M\u00e1x. Potencia de entrada<\/td><td>100W<\/td><\/tr><tr><td>Protecci\u00f3n contra el rayo<\/td><td>DC Tierra<\/td><\/tr><tr><td><strong>Especificaciones mec\u00e1nicas<\/strong><\/td><td>&nbsp;<\/td><\/tr><tr><td>Conector<\/td><td>N Mujer<\/td><\/tr><tr><td>Dimensi\u00f3n<\/td><td>250\u00d7250\u00d725mm<\/td><\/tr><tr><td>Peso<\/td><td>0,7 kg<\/td><\/tr><tr><td>Montaje<\/td><td>M\u00e1stil \u00d840-\u00d860 mm<\/td><\/tr><tr><td>Material del radomo<\/td><td>ABS<\/td><\/tr><tr><td>Velocidad del viento<\/td><td>210 km\/h<\/td><\/tr><tr><td>Temperatura de funcionamiento<\/td><td>-40\u2103 - +65\u2103<\/td><\/tr><\/tbody><\/table><\/figure>","protected":false},"author":1,"featured_media":7518,"menu_order":0,"template":"","meta":{"_acf_changed":true},"product_cat":[260,333],"product_tag":[],"class_list":["post-7517","product","type-product","status-publish","has-post-thumbnail","hentry","product_cat-panel-wimax-antennas","product_cat-3-ghz-antennas"],"acf":{"_sku":"TPC-3338-18E","product-image":[7518],"_price":"","pdsms":null,"excerpt":"<ul>\r\n<li>Funciona en la banda de frecuencias 3300-3800MHz<\/li>\r\n<li>Alta ganancia True 18dBi<\/li>\r\n<li>Direccional de haz estrecho para conexi\u00f3n punto a punto<\/li>\r\n<li>Instalaci\u00f3n exterior en poste<\/li>\r\n<li>Robusta carcasa de antena de ABS resistente a la intemperie<\/li>\r\n<li>Dimensiones: 250\u00d7250\u00d725mm<\/li>\r\n<li>N Conector hembra<\/li>\r\n<li>IP66 resistente a la lluvia y al polvo<\/li>\r\n<\/ul>","faqs":""},"_links":{"self":[{"href":"https:\/\/www.tesswave.com\/es\/wp-json\/wp\/v2\/product\/7517","targetHints":{"allow":["GET"]}}],"collection":[{"href":"https:\/\/www.tesswave.com\/es\/wp-json\/wp\/v2\/product"}],"about":[{"href":"https:\/\/www.tesswave.com\/es\/wp-json\/wp\/v2\/types\/product"}],"author":[{"embeddable":true,"href":"https:\/\/www.tesswave.com\/es\/wp-json\/wp\/v2\/users\/1"}],"acf:attachment":[{"embeddable":true,"href":"https:\/\/www.tesswave.com\/es\/wp-json\/wp\/v2\/media\/7518"}],"wp:featuredmedia":[{"embeddable":true,"href":"https:\/\/www.tesswave.com\/es\/wp-json\/wp\/v2\/media\/7518"}],"wp:attachment":[{"href":"https:\/\/www.tesswave.com\/es\/wp-json\/wp\/v2\/media?parent=7517"}],"wp:term":[{"taxonomy":"product_cat","embeddable":true,"href":"https:\/\/www.tesswave.com\/es\/wp-json\/wp\/v2\/product_cat?post=7517"},{"taxonomy":"product_tag","embeddable":true,"href":"https:\/\/www.tesswave.com\/es\/wp-json\/wp\/v2\/product_tag?post=7517"}],"curies":[{"name":"wp","href":"https:\/\/api.w.org\/{rel}","templated":true}]}}