{"id":7551,"date":"2023-09-21T21:09:24","date_gmt":"2023-09-21T13:09:24","guid":{"rendered":"https:\/\/www.tesswave.com\/?post_type=product&#038;p=7551"},"modified":"2025-06-19T17:36:37","modified_gmt":"2025-06-19T09:36:37","slug":"2-4-7-2-ghz-13dbi-4-ports-mimo-panel-antenna","status":"publish","type":"product","link":"https:\/\/www.tesswave.com\/es\/product\/2-4-7-2-ghz-13dbi-4-ports-mimo-panel-antenna\/","title":{"rendered":"2.4-7.2GHz 13dBi Exterior 4-Puertos MIMO Direccional WiFi 6E Panel Antena"},"content":{"rendered":"<figure class=\"wp-block-table\"><table class=\"has-fixed-layout\"><tbody><tr><td><strong>Especificaciones el\u00e9ctricas<\/strong><\/td><td colspan=\"2\">&nbsp;<\/td><\/tr><tr><td>Frecuencia-MHz<\/td><td>2400-2500<\/td><td>4900-7125<\/td><\/tr><tr><td>Ganancia-dBi<\/td><td>10<\/td><td>13<\/td><\/tr><tr><td>VSWR<\/td><td colspan=\"2\">&lt;2<\/td><\/tr><tr><td>Polarizaci\u00f3n<\/td><td colspan=\"2\">2*Vertical y 2*horizontal<\/td><\/tr><tr><td>Anchura del haz horizontal<\/td><td>55\u00b0<\/td><td>44\u00b0<\/td><\/tr><tr><td>Anchura del haz vertical<\/td><td>50\u00b0<\/td><td>40\u00b0<\/td><\/tr><tr><td>Relaci\u00f3n F\/B<\/td><td colspan=\"2\">\u226525dB<\/td><\/tr><tr><td>Aislamiento<\/td><td colspan=\"2\">\u226528dB<\/td><\/tr><tr><td>Impedancia<\/td><td colspan=\"2\">50 ohmios<\/td><\/tr><tr><td>M\u00e1x. Potencia de entrada<\/td><td colspan=\"2\">50W<\/td><\/tr><tr><td>Protecci\u00f3n contra el rayo<\/td><td colspan=\"2\">DC Tierra<\/td><\/tr><tr><td><strong>Especificaciones mec\u00e1nicas<\/strong><\/td><td colspan=\"2\">&nbsp;<\/td><\/tr><tr><td>Conector<\/td><td colspan=\"2\">4\u00d7N Hembra<\/td><\/tr><tr><td>Dimensi\u00f3n<\/td><td colspan=\"2\">250<a>\u00d7<\/a>250\u00d725mm<\/td><\/tr><tr><td>Peso<\/td><td colspan=\"2\">0,7 kg<\/td><\/tr><tr><td>Montaje<\/td><td colspan=\"2\">M\u00e1stil \u00d830-\u00d850 mm<\/td><\/tr><tr><td>Material del radomo<\/td><td colspan=\"2\">ABS<\/td><\/tr><tr><td>Velocidad del viento<\/td><td colspan=\"2\">210 km\/h<\/td><\/tr><tr><td>Temperatura de funcionamiento<\/td><td colspan=\"2\">-40\u2103 - +65\u2103<\/td><\/tr><\/tbody><\/table><\/figure>","protected":false},"author":1,"featured_media":7556,"menu_order":0,"template":"","meta":{"_acf_changed":true},"product_cat":[166,338,128],"product_tag":[],"class_list":["post-7551","product","type-product","status-publish","has-post-thumbnail","hentry","product_cat-wifi-6-6e-antennas","product_cat-2400-7125-mhz-antennas","product_cat-mimo-panel-antennas"],"acf":{"_sku":"TPC-2472-13BD","product-image":[7556],"_price":"","pdsms":null,"excerpt":"<ul>\r\n<li>Funciona en la banda 2400-2500\/4900-7125MHz<\/li>\r\n<li>10\/13dBi alta ganancia<\/li>\r\n<li>Patr\u00f3n de radiaci\u00f3n direccional<\/li>\r\n<li>Montaje en poste para exteriores<\/li>\r\n<li>4*N Conector hembra<\/li>\r\n<\/ul>","faqs":""},"_links":{"self":[{"href":"https:\/\/www.tesswave.com\/es\/wp-json\/wp\/v2\/product\/7551","targetHints":{"allow":["GET"]}}],"collection":[{"href":"https:\/\/www.tesswave.com\/es\/wp-json\/wp\/v2\/product"}],"about":[{"href":"https:\/\/www.tesswave.com\/es\/wp-json\/wp\/v2\/types\/product"}],"author":[{"embeddable":true,"href":"https:\/\/www.tesswave.com\/es\/wp-json\/wp\/v2\/users\/1"}],"acf:attachment":[{"embeddable":true,"href":"https:\/\/www.tesswave.com\/es\/wp-json\/wp\/v2\/media\/7556"}],"wp:featuredmedia":[{"embeddable":true,"href":"https:\/\/www.tesswave.com\/es\/wp-json\/wp\/v2\/media\/7556"}],"wp:attachment":[{"href":"https:\/\/www.tesswave.com\/es\/wp-json\/wp\/v2\/media?parent=7551"}],"wp:term":[{"taxonomy":"product_cat","embeddable":true,"href":"https:\/\/www.tesswave.com\/es\/wp-json\/wp\/v2\/product_cat?post=7551"},{"taxonomy":"product_tag","embeddable":true,"href":"https:\/\/www.tesswave.com\/es\/wp-json\/wp\/v2\/product_tag?post=7551"}],"curies":[{"name":"wp","href":"https:\/\/api.w.org\/{rel}","templated":true}]}}