{"id":7563,"date":"2023-09-21T21:20:41","date_gmt":"2023-09-21T13:20:41","guid":{"rendered":"https:\/\/www.tesswave.com\/?post_type=product&#038;p=7563"},"modified":"2025-06-19T17:35:53","modified_gmt":"2025-06-19T09:35:53","slug":"4900-7125-mhz-17dbi-mimo-panel-antenna","status":"publish","type":"product","link":"https:\/\/www.tesswave.com\/es\/product\/4900-7125-mhz-17dbi-mimo-panel-antenna\/","title":{"rendered":"4900-7125MHz 17dBi Direccional 2-Puertos MIMO WiFi 6E Panel Antena"},"content":{"rendered":"<h3 class=\"wp-block-heading\">Productos<\/h3>\n\n\n\n<p>La TPC-4972-17D es una antena de panel MIMO WiFi 6E direccional de alto rendimiento y alta ganancia, dise\u00f1ada para redes WiFi 6E que operan en la gama de frecuencias 4900-7125MHz. Con puerto dual <a href=\"https:\/\/www.tesswave.com\/es\/what-is-mimo-technology\/\" target=\"_blank\" data-type=\"post\" data-id=\"3205\" rel=\"noreferrer noopener\">Tecnolog\u00eda MIMO<\/a> y soporte para polarizaci\u00f3n horizontal y vertical, esta antena ofrece alta ganancia, baja VSWR y excelente directividad, lo que la hace ideal para escenarios de comunicaci\u00f3n inal\u00e1mbrica de largo alcance en exteriores.<\/p>\n\n\n\n<p>Esta antena de panel WiFi 6E para exteriores utiliza tecnolog\u00eda de radiaci\u00f3n direccional para concentrar la energ\u00eda de la se\u00f1al en una direcci\u00f3n espec\u00edfica, mejorando la distancia de cobertura y la calidad de la se\u00f1al. Su dise\u00f1o de doble polarizaci\u00f3n (horizontal + vertical) es compatible con la tecnolog\u00eda MIMO, lo que permite la transmisi\u00f3n simult\u00e1nea de se\u00f1ales multicanal para mejorar significativamente el rendimiento de la red y la capacidad antiinterferencias. La baja <a href=\"https:\/\/www.antenna-theory.com\/m\/definitions\/vswr.php\" target=\"_blank\" rel=\"noopener\">VSWR<\/a> y un elevado aislamiento optimizan a\u00fan m\u00e1s la eficacia de la transmisi\u00f3n de se\u00f1ales, por lo que resulta adecuado para entornos de red de alta densidad.<\/p>\n\n\n\n<figure class=\"wp-block-table\"><table class=\"has-fixed-layout\"><tbody><tr><td><strong>Especificaciones el\u00e9ctricas<\/strong><\/td><td>&nbsp;<\/td><\/tr><tr><td>Frecuencia<\/td><td>4900-7125 MHz<\/td><\/tr><tr><td>Gane<\/td><td>4900-5150MHz @ 15dBi<br>5150-7125MHz @ 17dBi<\/td><\/tr><tr><td>VSWR<\/td><td>&lt;1.5<\/td><\/tr><tr><td>Polarizaci\u00f3n<\/td><td>Horizontal y vertical<\/td><\/tr><tr><td>Anchura del haz horizontal<\/td><td>25\u00b0<\/td><\/tr><tr><td>Anchura del haz vertical<\/td><td>22\u00b0<\/td><\/tr><tr><td>Relaci\u00f3n F\/B<\/td><td>\u226523dB<\/td><\/tr><tr><td>Aislamiento<\/td><td>\u226528dB<\/td><\/tr><tr><td>Impedancia<\/td><td>50 ohmios<\/td><\/tr><tr><td>M\u00e1x. Potencia de entrada<\/td><td>100W<\/td><\/tr><tr><td>Protecci\u00f3n contra el rayo<\/td><td>DC Tierra<\/td><\/tr><tr><td><strong>Especificaciones mec\u00e1nicas<\/strong><\/td><td>&nbsp;<\/td><\/tr><tr><td>Conector<\/td><td>2\u00d7N Hembra<\/td><\/tr><tr><td>Dimensi\u00f3n<\/td><td>250\u00d7250\u00d735mm<\/td><\/tr><tr><td>Peso<\/td><td>0,7 kg<\/td><\/tr><tr><td>Montaje<\/td><td>M\u00e1stil \u00d840-\u00d860 mm<\/td><\/tr><tr><td>Material del radomo<\/td><td>ABS<\/td><\/tr><tr><td>Velocidad del viento<\/td><td>210 km\/h<\/td><\/tr><tr><td>Temperatura de funcionamiento<\/td><td>-40\u2103 - +65\u2103<\/td><\/tr><\/tbody><\/table><\/figure>\n\n\n\n<h3 class=\"wp-block-heading\">Caracter\u00edsticas del producto\uff1a<\/h3>\n\n\n\n<p><strong>Cobertura de se\u00f1al de alto rendimiento<\/strong><\/p>\n\n\n\n<ul class=\"wp-block-list\">\n<li>Alta ganancia: 15dBi en la banda 4900-5150MHz y hasta 17dBi en la banda 5150-7125MHz, lo que mejora significativamente la distancia de transmisi\u00f3n y la estabilidad de la se\u00f1al.<\/li>\n\n\n\n<li>Baja VSWR: &lt;1,5, lo que garantiza la m\u00e1xima eficacia de transmisi\u00f3n de la se\u00f1al.<\/li>\n\n\n\n<li>Alto aislamiento: \u226528dB, lo que reduce las interferencias y mejora la conectividad multidispositivo.<\/li>\n<\/ul>\n\n\n\n<p><strong>Radiaci\u00f3n direccional<\/strong><\/p>\n\n\n\n<ul class=\"wp-block-list\">\n<li>Ancho de haz estrecho: ancho de haz horizontal de 25\u00b0 y vertical de 22\u00b0 para un rendimiento direccional preciso.<\/li>\n\n\n\n<li>Relaci\u00f3n frontal-trasera (F\/B Ratio): \u226523dB, suprimiendo eficazmente las interferencias traseras y mejorando la directividad de la se\u00f1al.<\/li>\n<\/ul>\n\n\n\n<p><strong>Dise\u00f1o duradero<\/strong><\/p>\n\n\n\n<ul class=\"wp-block-list\">\n<li>Carcasa robusta: Construida con material ABS, ofrece propiedades impermeables y resistentes a los rayos UV para entornos exteriores dif\u00edciles.<\/li>\n\n\n\n<li>Resistencia al viento: Soporta vientos de hasta 210 km\/h, lo que garantiza un funcionamiento estable en condiciones meteorol\u00f3gicas extremas.<\/li>\n\n\n\n<li>Amplio rango de temperatura de funcionamiento: -40\u2103 a +65\u2103, adecuado para condiciones clim\u00e1ticas extremas.<\/li>\n<\/ul>\n\n\n\n<p><strong>F\u00e1cil instalaci\u00f3n<\/strong><\/p>\n\n\n\n<ul class=\"wp-block-list\">\n<li>Montaje en m\u00e1stil: Compatible con m\u00e1stiles de \u00d840-\u00d860mm para instalaciones en tejados, torres o similares. Incluye abrazaderas de montaje para una instalaci\u00f3n r\u00e1pida y sencilla.<\/li>\n\n\n\n<li>Dise\u00f1o ligero: Pesa s\u00f3lo 0,7 kg para una instalaci\u00f3n sin esfuerzo.<\/li>\n<\/ul>\n\n\n\n<p><strong>Dise\u00f1o de doble polarizaci\u00f3n y doble puerto<\/strong><\/p>\n\n\n\n<ul class=\"wp-block-list\">\n<li>Tecnolog\u00eda MIMO: Equipado con dos conectores de tipo N, totalmente compatible con los principales dispositivos inal\u00e1mbricos MIMO.<\/li>\n\n\n\n<li>Interfaces personalizables: P\u00f3ngase en contacto con nosotros para conocer los requisitos espec\u00edficos de los conectores.<\/li>\n<\/ul>\n\n\n\n<h3 class=\"wp-block-heading\">Aplicaciones de la antena de panel WiFi 6E<\/h3>\n\n\n\n<p>La antena TPC-4972-17D es adecuada para los siguientes escenarios:<\/p>\n\n\n\n<ul class=\"wp-block-list\">\n<li>Expansi\u00f3n de red WiFi 6E: Proporciona cobertura inal\u00e1mbrica de alta velocidad y baja latencia para hogares, empresas o instalaciones industriales.<\/li>\n\n\n\n<li>Comunicaci\u00f3n punto a punto de largo alcance: Ideal para puentes inal\u00e1mbricos, backhaul de vigilancia y otras necesidades de transmisi\u00f3n a larga distancia.<\/li>\n\n\n\n<li>Cobertura inal\u00e1mbrica en exteriores: Mejora la intensidad de la se\u00f1al en grandes \u00e1reas como campus, almacenes y estadios.<\/li>\n\n\n\n<li>Sistemas MIMO: Admite MIMO de doble puerto para aumentar la capacidad de la red y la eficiencia de transmisi\u00f3n.<\/li>\n<\/ul>\n\n\n\n<h3 class=\"wp-block-heading\">Gu\u00eda de instalaci\u00f3n de la antena de panel WiFi 6E<\/h3>\n\n\n\n<p><strong>Preparaci\u00f3n previa a la instalaci\u00f3n<\/strong><\/p>\n\n\n\n<ul class=\"wp-block-list\">\n<li>Instale la antena en un lugar elevado y sin obst\u00e1culos, apuntando hacia la zona objetivo.<\/li>\n\n\n\n<li>Aseg\u00farese de que el di\u00e1metro del poste de montaje (\u00d840-\u00d860mm) cumple las especificaciones.<\/li>\n\n\n\n<li>La antena tiene un grado de estanqueidad IP66, por lo que no requiere medidas adicionales de impermeabilizaci\u00f3n.<\/li>\n<\/ul>\n\n\n\n<p><strong>Pasos de la instalaci\u00f3n<\/strong><\/p>\n\n\n\n<ol start=\"1\" class=\"wp-block-list\">\n<li>Fije la antena de panel WiFi 6E al poste utilizando las abrazaderas incluidas.<\/li>\n\n\n\n<li>Ajuste la direcci\u00f3n de la antena para alinear el haz principal con la zona objetivo.<\/li>\n\n\n\n<li>Conecte los puertos de tipo N al router o dispositivo inal\u00e1mbrico utilizando el conjunto de cables (tambi\u00e9n proporcionamos todo tipo de conjunto de cables, p\u00f3ngase en contacto con nosotros si lo necesita).<\/li>\n\n\n\n<li>Compruebe que todas las conexiones son seguras y aplique impermeabilizante (por ejemplo, cinta impermeable o sellador) en las juntas.<\/li>\n<\/ol>\n\n\n\n<p><strong>Precauciones<\/strong><\/p>\n\n\n\n<ul class=\"wp-block-list\">\n<li>Evite orientar la antena hacia fuentes de interferencias fuertes (por ejemplo, otros dispositivos de alta frecuencia).<\/li>\n\n\n\n<li>Garantice una conexi\u00f3n a tierra adecuada para la protecci\u00f3n contra rayos (tierra CC).<\/li>\n<\/ul>","protected":false},"author":1,"featured_media":7564,"menu_order":0,"template":"","meta":{"_acf_changed":true},"product_cat":[166,338,128],"product_tag":[],"class_list":["post-7563","product","type-product","status-publish","has-post-thumbnail","hentry","product_cat-wifi-6-6e-antennas","product_cat-2400-7125-mhz-antennas","product_cat-mimo-panel-antennas"],"acf":{"_sku":"TPC-4972-17D","product-image":[7564],"_price":"","pdsms":null,"excerpt":"<ul>\r\n<li>Funciona en la banda 4900-7125MHz<\/li>\r\n<li>15\/17dBi alta ganancia<\/li>\r\n<li>Patr\u00f3n de radiaci\u00f3n direccional<\/li>\r\n<li>Montaje en poste para exteriores<\/li>\r\n<li>2*N Conector hembra<\/li>\r\n<\/ul>","faqs":""},"_links":{"self":[{"href":"https:\/\/www.tesswave.com\/es\/wp-json\/wp\/v2\/product\/7563","targetHints":{"allow":["GET"]}}],"collection":[{"href":"https:\/\/www.tesswave.com\/es\/wp-json\/wp\/v2\/product"}],"about":[{"href":"https:\/\/www.tesswave.com\/es\/wp-json\/wp\/v2\/types\/product"}],"author":[{"embeddable":true,"href":"https:\/\/www.tesswave.com\/es\/wp-json\/wp\/v2\/users\/1"}],"acf:attachment":[{"embeddable":true,"href":"https:\/\/www.tesswave.com\/es\/wp-json\/wp\/v2\/media\/7564"}],"wp:featuredmedia":[{"embeddable":true,"href":"https:\/\/www.tesswave.com\/es\/wp-json\/wp\/v2\/media\/7564"}],"wp:attachment":[{"href":"https:\/\/www.tesswave.com\/es\/wp-json\/wp\/v2\/media?parent=7563"}],"wp:term":[{"taxonomy":"product_cat","embeddable":true,"href":"https:\/\/www.tesswave.com\/es\/wp-json\/wp\/v2\/product_cat?post=7563"},{"taxonomy":"product_tag","embeddable":true,"href":"https:\/\/www.tesswave.com\/es\/wp-json\/wp\/v2\/product_tag?post=7563"}],"curies":[{"name":"wp","href":"https:\/\/api.w.org\/{rel}","templated":true}]}}