{"id":7578,"date":"2023-09-22T10:06:57","date_gmt":"2023-09-22T02:06:57","guid":{"rendered":"https:\/\/www.tesswave.com\/?post_type=product&#038;p=7578"},"modified":"2025-06-19T17:33:31","modified_gmt":"2025-06-19T09:33:31","slug":"2-4-7-2-ghz-4x4-omni-mimo-antenna","status":"publish","type":"product","link":"https:\/\/www.tesswave.com\/es\/product\/2-4-7-2-ghz-4x4-omni-mimo-antenna\/","title":{"rendered":"2400-7125MHz Antena exterior omnidireccional 4\u00d74 MIMO WiFi 6E de 4 puertos"},"content":{"rendered":"<figure class=\"wp-block-table\"><table><tbody><tr><td><strong>Especificaciones el\u00e9ctricas<\/strong><\/td><td colspan=\"2\">&nbsp;<\/td><\/tr><tr><td>Frecuencia-MHz<\/td><td>2400-2500<\/td><td>4900-7125<\/td><\/tr><tr><td>Ganancia-dBi<\/td><td>4<\/td><td>6<\/td><\/tr><tr><td>VSWR<\/td><td>&lt;1.5<\/td><td>&lt;2.2<\/td><\/tr><tr><td>Polarizaci\u00f3n<\/td><td colspan=\"2\">Vertical<\/td><\/tr><tr><td>Anchura del haz horizontal<\/td><td colspan=\"2\">360\u00b0<\/td><\/tr><tr><td>Anchura del haz vertical<\/td><td>48\u00b0<\/td><td>28\u00b0<\/td><\/tr><tr><td>Impedancia<\/td><td colspan=\"2\">50\u03a9<\/td><\/tr><tr><td>M\u00e1x. Potencia de entrada<\/td><td colspan=\"2\">50W<\/td><\/tr><tr><td>Protecci\u00f3n contra el rayo<\/td><td colspan=\"2\">DC Tierra<\/td><\/tr><tr><td><strong>Especificaciones mec\u00e1nicas<\/strong><\/td><td colspan=\"2\">&nbsp;<\/td><\/tr><tr><td>Conector<\/td><td colspan=\"2\">4\u00d7RP SMA macho<\/td><\/tr><tr><td>Dimensi\u00f3n<\/td><td colspan=\"2\">\u00d8128\u00d7220 mm<\/td><\/tr><tr><td>Peso<\/td><td colspan=\"2\">1,4 kg<\/td><\/tr><tr><td>Montaje<\/td><td colspan=\"2\">M\u00e1stil \u00d830-\u00d850 mm<\/td><\/tr><tr><td>Material del radomo<\/td><td colspan=\"2\">PVC resistente a los rayos UV<\/td><\/tr><tr><td>Velocidad del viento<\/td><td colspan=\"2\">210 km\/h<\/td><\/tr><tr><td>Temperatura de funcionamiento<\/td><td colspan=\"2\">-40\u2103 - +65\u2103<\/td><\/tr><\/tbody><\/table><\/figure>","protected":false},"author":1,"featured_media":7579,"menu_order":0,"template":"","meta":{"_acf_changed":true},"product_cat":[166,338,247],"product_tag":[],"class_list":["post-7578","product","type-product","status-publish","has-post-thumbnail","hentry","product_cat-wifi-6-6e-antennas","product_cat-2400-7125-mhz-antennas","product_cat-mimo-omni-antennas"],"acf":{"_sku":"TOF-2472-6DV","product-image":[7579],"_price":"","pdsms":null,"excerpt":"<ul>\r\n<li>Funciona en la banda de frecuencias 2400-2500\/4900-7125MHz en cada puerto<\/li>\r\n<li>Ganancia real: 4dBi@2.4GHz y 6dBi@5\/6GHz<\/li>\r\n<li>Tres antenas verticales independientes en una sola carcasa<\/li>\r\n<li>Instalaci\u00f3n exterior en poste<\/li>\r\n<li>Robusta carcasa de antena de PVC con protecci\u00f3n UV<\/li>\r\n<li>Dimensiones: \u03a6128\u00d7220 mm<\/li>\r\n<li>Conector 4\u00d7RP-SMA macho con cable 30cm<\/li>\r\n<\/ul>","faqs":""},"_links":{"self":[{"href":"https:\/\/www.tesswave.com\/es\/wp-json\/wp\/v2\/product\/7578","targetHints":{"allow":["GET"]}}],"collection":[{"href":"https:\/\/www.tesswave.com\/es\/wp-json\/wp\/v2\/product"}],"about":[{"href":"https:\/\/www.tesswave.com\/es\/wp-json\/wp\/v2\/types\/product"}],"author":[{"embeddable":true,"href":"https:\/\/www.tesswave.com\/es\/wp-json\/wp\/v2\/users\/1"}],"acf:attachment":[{"embeddable":true,"href":"https:\/\/www.tesswave.com\/es\/wp-json\/wp\/v2\/media\/7579"}],"wp:featuredmedia":[{"embeddable":true,"href":"https:\/\/www.tesswave.com\/es\/wp-json\/wp\/v2\/media\/7579"}],"wp:attachment":[{"href":"https:\/\/www.tesswave.com\/es\/wp-json\/wp\/v2\/media?parent=7578"}],"wp:term":[{"taxonomy":"product_cat","embeddable":true,"href":"https:\/\/www.tesswave.com\/es\/wp-json\/wp\/v2\/product_cat?post=7578"},{"taxonomy":"product_tag","embeddable":true,"href":"https:\/\/www.tesswave.com\/es\/wp-json\/wp\/v2\/product_tag?post=7578"}],"curies":[{"name":"wp","href":"https:\/\/api.w.org\/{rel}","templated":true}]}}