{"id":1333,"date":"2021-09-18T17:05:57","date_gmt":"2021-09-18T09:05:57","guid":{"rendered":"https:\/\/www.tesswave.com\/?page_id=1333"},"modified":"2025-06-21T22:58:36","modified_gmt":"2025-06-21T14:58:36","slug":"quality-control","status":"publish","type":"page","link":"https:\/\/www.tesswave.com\/fr\/quality-control\/","title":{"rendered":"Contr\u00f4le de la qualit\u00e9"},"content":{"rendered":"<div data-elementor-type=\"wp-page\" data-elementor-id=\"1333\" class=\"elementor elementor-1333\" data-elementor-post-type=\"page\">\n\t\t\t\t<div class=\"elementor-element elementor-element-51020ca e-flex e-con-boxed e-con e-parent\" data-id=\"51020ca\" data-element_type=\"container\" data-e-type=\"container\" data-settings=\"{&quot;background_background&quot;:&quot;classic&quot;,&quot;ekit_has_onepagescroll_dot&quot;:&quot;yes&quot;}\">\n\t\t\t\t\t<div class=\"e-con-inner\">\n\t\t\t\t<div class=\"elementor-element elementor-element-f07d8b8 elementor-widget elementor-widget-heading\" data-id=\"f07d8b8\" data-element_type=\"widget\" data-e-type=\"widget\" data-settings=\"{&quot;ekit_we_effect_on&quot;:&quot;none&quot;}\" data-widget_type=\"heading.default\">\n\t\t\t\t<div class=\"elementor-widget-container\">\n\t\t\t\t\t<h2 class=\"elementor-heading-title elementor-size-default\">Contr\u00f4le de la qualit\u00e9<\/h2>\t\t\t\t<\/div>\n\t\t\t\t<\/div>\n\t\t\t\t<div class=\"elementor-element elementor-element-6b79359 elementor-widget elementor-widget-breadcrumbs\" data-id=\"6b79359\" data-element_type=\"widget\" data-e-type=\"widget\" data-settings=\"{&quot;ekit_we_effect_on&quot;:&quot;none&quot;}\" data-widget_type=\"breadcrumbs.default\">\n\t\t\t\t<div class=\"elementor-widget-container\">\n\t\t\t\t\t<nav aria-label=\"chapelure\" class=\"rank-math-breadcrumb\"><p><span class=\"last\">Accueil<\/span><\/p><\/nav>\t\t\t\t<\/div>\n\t\t\t\t<\/div>\n\t\t\t\t\t<\/div>\n\t\t\t\t<\/div>\n\t\t<div class=\"elementor-element elementor-element-56d2d13 e-flex e-con-boxed e-con e-parent\" data-id=\"56d2d13\" data-element_type=\"container\" data-e-type=\"container\" data-settings=\"{&quot;ekit_has_onepagescroll_dot&quot;:&quot;yes&quot;}\">\n\t\t\t\t\t<div class=\"e-con-inner\">\n\t\t\t\t<div class=\"elementor-element elementor-element-2c58611 elementor-widget elementor-widget-heading\" data-id=\"2c58611\" data-element_type=\"widget\" data-e-type=\"widget\" data-settings=\"{&quot;ekit_we_effect_on&quot;:&quot;none&quot;}\" data-widget_type=\"heading.default\">\n\t\t\t\t<div class=\"elementor-widget-container\">\n\t\t\t\t\t<h2 class=\"elementor-heading-title elementor-size-large\">Pour nous, la qualit\u00e9, c'est la vie<\/h2>\t\t\t\t<\/div>\n\t\t\t\t<\/div>\n\t\t\t\t<div class=\"elementor-element elementor-element-9e2ca8c elementor-widget__width-initial elementor-widget elementor-widget-text-editor\" data-id=\"9e2ca8c\" data-element_type=\"widget\" data-e-type=\"widget\" data-settings=\"{&quot;ekit_we_effect_on&quot;:&quot;none&quot;}\" data-widget_type=\"text-editor.default\">\n\t\t\t\t<div class=\"elementor-widget-container\">\n\t\t\t\t\t\t\t\t\t<p>En tant qu'entreprise de fabrication d'antennes ayant pass\u00e9 <a href=\"https:\/\/www.tesswave.com\/fr\/certifications\/\">Certification ISO 9001:2015<\/a>Nous avons toujours accord\u00e9 la plus grande importance \u00e0 la qualit\u00e9 des produits. L'entreprise dispose d'un syst\u00e8me strict de contr\u00f4le de la qualit\u00e9, depuis les mati\u00e8res premi\u00e8res jusqu'aux produits finis, afin de garantir la fourniture de produits d'antenne de la plus haute qualit\u00e9 aux clients du monde entier.<\/p>\t\t\t\t\t\t\t\t<\/div>\n\t\t\t\t<\/div>\n\t\t\t\t\t<\/div>\n\t\t\t\t<\/div>\n\t\t<div class=\"elementor-element elementor-element-07c86bb e-flex e-con-boxed e-con e-parent\" data-id=\"07c86bb\" data-element_type=\"container\" data-e-type=\"container\" data-settings=\"{&quot;ekit_has_onepagescroll_dot&quot;:&quot;yes&quot;}\">\n\t\t\t\t\t<div class=\"e-con-inner\">\n\t\t<div class=\"elementor-element elementor-element-b5c56d8 e-con-full e-flex e-con e-child\" data-id=\"b5c56d8\" data-element_type=\"container\" data-e-type=\"container\" data-settings=\"{&quot;ekit_has_onepagescroll_dot&quot;:&quot;yes&quot;}\">\n\t\t\t\t<div class=\"elementor-element elementor-element-a0b35ae elementor-widget elementor-widget-heading\" data-id=\"a0b35ae\" data-element_type=\"widget\" data-e-type=\"widget\" data-settings=\"{&quot;ekit_we_effect_on&quot;:&quot;none&quot;}\" data-widget_type=\"heading.default\">\n\t\t\t\t<div class=\"elementor-widget-container\">\n\t\t\t\t\t<h2 class=\"elementor-heading-title elementor-size-default\">Contr\u00f4le des mati\u00e8res premi\u00e8res<\/h2>\t\t\t\t<\/div>\n\t\t\t\t<\/div>\n\t\t\t\t<div class=\"elementor-element elementor-element-0b66d8b elementor-widget elementor-widget-text-editor\" data-id=\"0b66d8b\" data-element_type=\"widget\" data-e-type=\"widget\" data-settings=\"{&quot;ekit_we_effect_on&quot;:&quot;none&quot;}\" data-widget_type=\"text-editor.default\">\n\t\t\t\t<div class=\"elementor-widget-container\">\n\t\t\t\t\t\t\t\t\t<p>Nous avons toujours pens\u00e9 que le contr\u00f4le de la qualit\u00e9 des mati\u00e8res premi\u00e8res \u00e9tait l'\u00e9l\u00e9ment le plus important et le plus indispensable de l'industrie manufacturi\u00e8re. Nous consacrons beaucoup d'efforts \u00e0 la s\u00e9lection des fournisseurs de mati\u00e8res premi\u00e8res afin de garantir le taux de qualification des mati\u00e8res premi\u00e8res, ce qui nous permet d'am\u00e9liorer notre efficacit\u00e9 de production et d'optimiser le cycle de production.<\/p>\t\t\t\t\t\t\t\t<\/div>\n\t\t\t\t<\/div>\n\t\t\t\t<\/div>\n\t\t<div class=\"elementor-element elementor-element-5beec8c e-con-full e-flex e-con e-child\" data-id=\"5beec8c\" data-element_type=\"container\" data-e-type=\"container\" data-settings=\"{&quot;ekit_has_onepagescroll_dot&quot;:&quot;yes&quot;}\">\n\t\t\t\t<div class=\"elementor-element elementor-element-25a4082 elementor-widget elementor-widget-image\" data-id=\"25a4082\" data-element_type=\"widget\" data-e-type=\"widget\" data-settings=\"{&quot;ekit_we_effect_on&quot;:&quot;none&quot;}\" data-widget_type=\"image.default\">\n\t\t\t\t<div class=\"elementor-widget-container\">\n\t\t\t\t\t\t\t\t\t\t\t\t\t\t\t<img fetchpriority=\"high\" decoding=\"async\" width=\"725\" height=\"525\" src=\"https:\/\/www.tesswave.com\/wp-content\/uploads\/2023\/03\/121.jpg\" class=\"attachment-large size-large wp-image-4734\" alt=\"\" srcset=\"https:\/\/www.tesswave.com\/wp-content\/uploads\/2023\/03\/121.jpg 725w, https:\/\/www.tesswave.com\/wp-content\/uploads\/2023\/03\/121-300x217.jpg 300w, https:\/\/www.tesswave.com\/wp-content\/uploads\/2023\/03\/121-50x36.jpg 50w\" sizes=\"(max-width: 725px) 100vw, 725px\" \/>\t\t\t\t\t\t\t\t\t\t\t\t\t\t\t<\/div>\n\t\t\t\t<\/div>\n\t\t\t\t<\/div>\n\t\t\t\t\t<\/div>\n\t\t\t\t<\/div>\n\t\t<div class=\"elementor-element elementor-element-535f458 e-flex e-con-boxed e-con e-parent\" data-id=\"535f458\" data-element_type=\"container\" data-e-type=\"container\" data-settings=\"{&quot;ekit_has_onepagescroll_dot&quot;:&quot;yes&quot;}\">\n\t\t\t\t\t<div class=\"e-con-inner\">\n\t\t<div class=\"elementor-element elementor-element-6b1fe3e e-con-full e-flex e-con e-child\" data-id=\"6b1fe3e\" data-element_type=\"container\" data-e-type=\"container\" data-settings=\"{&quot;ekit_has_onepagescroll_dot&quot;:&quot;yes&quot;}\">\n\t\t\t\t<div class=\"elementor-element elementor-element-0f5d291 elementor-widget elementor-widget-image\" data-id=\"0f5d291\" data-element_type=\"widget\" data-e-type=\"widget\" data-settings=\"{&quot;ekit_we_effect_on&quot;:&quot;none&quot;}\" data-widget_type=\"image.default\">\n\t\t\t\t<div class=\"elementor-widget-container\">\n\t\t\t\t\t\t\t\t\t\t\t\t\t\t\t<img decoding=\"async\" width=\"725\" height=\"525\" src=\"https:\/\/www.tesswave.com\/wp-content\/uploads\/2023\/03\/12-1.jpg\" class=\"attachment-large size-large wp-image-4735\" alt=\"\" srcset=\"https:\/\/www.tesswave.com\/wp-content\/uploads\/2023\/03\/12-1.jpg 725w, https:\/\/www.tesswave.com\/wp-content\/uploads\/2023\/03\/12-1-300x217.jpg 300w, https:\/\/www.tesswave.com\/wp-content\/uploads\/2023\/03\/12-1-50x36.jpg 50w\" sizes=\"(max-width: 725px) 100vw, 725px\" \/>\t\t\t\t\t\t\t\t\t\t\t\t\t\t\t<\/div>\n\t\t\t\t<\/div>\n\t\t\t\t<\/div>\n\t\t<div class=\"elementor-element elementor-element-86a09c7 e-con-full e-flex e-con e-child\" data-id=\"86a09c7\" data-element_type=\"container\" data-e-type=\"container\" data-settings=\"{&quot;ekit_has_onepagescroll_dot&quot;:&quot;yes&quot;}\">\n\t\t\t\t<div class=\"elementor-element elementor-element-f27b89d elementor-widget elementor-widget-heading\" data-id=\"f27b89d\" data-element_type=\"widget\" data-e-type=\"widget\" data-settings=\"{&quot;ekit_we_effect_on&quot;:&quot;none&quot;}\" data-widget_type=\"heading.default\">\n\t\t\t\t<div class=\"elementor-widget-container\">\n\t\t\t\t\t<h2 class=\"elementor-heading-title elementor-size-default\">Programmation raisonnable et scientifique<\/h2>\t\t\t\t<\/div>\n\t\t\t\t<\/div>\n\t\t\t\t<div class=\"elementor-element elementor-element-ae075b8 elementor-widget elementor-widget-text-editor\" data-id=\"ae075b8\" data-element_type=\"widget\" data-e-type=\"widget\" data-settings=\"{&quot;ekit_we_effect_on&quot;:&quot;none&quot;}\" data-widget_type=\"text-editor.default\">\n\t\t\t\t<div class=\"elementor-widget-container\">\n\t\t\t\t\t\t\t\t\t<p>L'entreprise dispose d'un syst\u00e8me de gestion de la production ERP professionnel. Gr\u00e2ce \u00e0 une planification efficace de la production, le personnel d'encadrement peut \u00e9viter la perte d'\u00e9nergie du personnel de l'entreprise, maximiser l'efficacit\u00e9 de la production et garantir le cycle de production.<\/p>\t\t\t\t\t\t\t\t<\/div>\n\t\t\t\t<\/div>\n\t\t\t\t<\/div>\n\t\t\t\t\t<\/div>\n\t\t\t\t<\/div>\n\t\t<div class=\"elementor-element elementor-element-e588ebc e-flex e-con-boxed e-con e-parent\" data-id=\"e588ebc\" data-element_type=\"container\" data-e-type=\"container\" data-settings=\"{&quot;ekit_has_onepagescroll_dot&quot;:&quot;yes&quot;}\">\n\t\t\t\t\t<div class=\"e-con-inner\">\n\t\t<div class=\"elementor-element elementor-element-7eebe22 e-con-full e-flex e-con e-child\" data-id=\"7eebe22\" data-element_type=\"container\" data-e-type=\"container\" data-settings=\"{&quot;ekit_has_onepagescroll_dot&quot;:&quot;yes&quot;}\">\n\t\t\t\t<div class=\"elementor-element elementor-element-d1ee6a8 elementor-widget elementor-widget-heading\" data-id=\"d1ee6a8\" data-element_type=\"widget\" data-e-type=\"widget\" data-settings=\"{&quot;ekit_we_effect_on&quot;:&quot;none&quot;}\" data-widget_type=\"heading.default\">\n\t\t\t\t<div class=\"elementor-widget-container\">\n\t\t\t\t\t<h2 class=\"elementor-heading-title elementor-size-default\">Contr\u00f4le du processus de production<\/h2>\t\t\t\t<\/div>\n\t\t\t\t<\/div>\n\t\t\t\t<div class=\"elementor-element elementor-element-d92853e elementor-widget elementor-widget-text-editor\" data-id=\"d92853e\" data-element_type=\"widget\" data-e-type=\"widget\" data-settings=\"{&quot;ekit_we_effect_on&quot;:&quot;none&quot;}\" data-widget_type=\"text-editor.default\">\n\t\t\t\t<div class=\"elementor-widget-container\">\n\t\t\t\t\t\t\t\t\tNous disposons de directives et de normes de production professionnelles pour chaque produit. Plus de 100 travailleurs qualifi\u00e9s peuvent suivre ces directives, notamment pour l'installation de l'antenne, le soudage et le premier test. Nous avons achet\u00e9 des outils de production professionnels pour am\u00e9liorer l'efficacit\u00e9 de la production et prot\u00e9ger la s\u00e9curit\u00e9 des travailleurs.\t\t\t\t\t\t\t\t<\/div>\n\t\t\t\t<\/div>\n\t\t\t\t<\/div>\n\t\t<div class=\"elementor-element elementor-element-298bd28 e-con-full e-flex e-con e-child\" data-id=\"298bd28\" data-element_type=\"container\" data-e-type=\"container\" data-settings=\"{&quot;ekit_has_onepagescroll_dot&quot;:&quot;yes&quot;}\">\n\t\t\t\t<div class=\"elementor-element elementor-element-5965fe6 elementor-widget elementor-widget-image\" data-id=\"5965fe6\" data-element_type=\"widget\" data-e-type=\"widget\" data-settings=\"{&quot;ekit_we_effect_on&quot;:&quot;none&quot;}\" data-widget_type=\"image.default\">\n\t\t\t\t<div class=\"elementor-widget-container\">\n\t\t\t\t\t\t\t\t\t\t\t\t\t\t\t<img decoding=\"async\" width=\"725\" height=\"525\" src=\"https:\/\/www.tesswave.com\/wp-content\/uploads\/2023\/03\/1.jpg\" class=\"attachment-large size-large wp-image-4736\" alt=\"\" srcset=\"https:\/\/www.tesswave.com\/wp-content\/uploads\/2023\/03\/1.jpg 725w, https:\/\/www.tesswave.com\/wp-content\/uploads\/2023\/03\/1-300x217.jpg 300w, https:\/\/www.tesswave.com\/wp-content\/uploads\/2023\/03\/1-50x36.jpg 50w\" sizes=\"(max-width: 725px) 100vw, 725px\" \/>\t\t\t\t\t\t\t\t\t\t\t\t\t\t\t<\/div>\n\t\t\t\t<\/div>\n\t\t\t\t<\/div>\n\t\t\t\t\t<\/div>\n\t\t\t\t<\/div>\n\t\t<div class=\"elementor-element elementor-element-44770ac e-flex e-con-boxed e-con e-parent\" data-id=\"44770ac\" data-element_type=\"container\" data-e-type=\"container\" data-settings=\"{&quot;ekit_has_onepagescroll_dot&quot;:&quot;yes&quot;}\">\n\t\t\t\t\t<div class=\"e-con-inner\">\n\t\t<div class=\"elementor-element elementor-element-5c6654d e-con-full e-flex e-con e-child\" data-id=\"5c6654d\" data-element_type=\"container\" data-e-type=\"container\" data-settings=\"{&quot;ekit_has_onepagescroll_dot&quot;:&quot;yes&quot;}\">\n\t\t\t\t<div class=\"elementor-element elementor-element-f418379 elementor-widget elementor-widget-image\" data-id=\"f418379\" data-element_type=\"widget\" data-e-type=\"widget\" data-settings=\"{&quot;ekit_we_effect_on&quot;:&quot;none&quot;}\" data-widget_type=\"image.default\">\n\t\t\t\t<div class=\"elementor-widget-container\">\n\t\t\t\t\t\t\t\t\t\t\t\t\t\t\t<img loading=\"lazy\" decoding=\"async\" width=\"725\" height=\"525\" src=\"https:\/\/www.tesswave.com\/wp-content\/uploads\/2023\/03\/11.jpg\" class=\"attachment-large size-large wp-image-4737\" alt=\"\" srcset=\"https:\/\/www.tesswave.com\/wp-content\/uploads\/2023\/03\/11.jpg 725w, https:\/\/www.tesswave.com\/wp-content\/uploads\/2023\/03\/11-300x217.jpg 300w, https:\/\/www.tesswave.com\/wp-content\/uploads\/2023\/03\/11-50x36.jpg 50w\" sizes=\"(max-width: 725px) 100vw, 725px\" \/>\t\t\t\t\t\t\t\t\t\t\t\t\t\t\t<\/div>\n\t\t\t\t<\/div>\n\t\t\t\t<\/div>\n\t\t<div class=\"elementor-element elementor-element-adb78cb e-con-full e-flex e-con e-child\" data-id=\"adb78cb\" data-element_type=\"container\" data-e-type=\"container\" data-settings=\"{&quot;ekit_has_onepagescroll_dot&quot;:&quot;yes&quot;}\">\n\t\t\t\t<div class=\"elementor-element elementor-element-7a936c9 elementor-widget elementor-widget-heading\" data-id=\"7a936c9\" data-element_type=\"widget\" data-e-type=\"widget\" data-settings=\"{&quot;ekit_we_effect_on&quot;:&quot;none&quot;}\" data-widget_type=\"heading.default\">\n\t\t\t\t<div class=\"elementor-widget-container\">\n\t\t\t\t\t<h2 class=\"elementor-heading-title elementor-size-default\">100% Test avant exp\u00e9dition<\/h2>\t\t\t\t<\/div>\n\t\t\t\t<\/div>\n\t\t\t\t<div class=\"elementor-element elementor-element-6074b4a elementor-widget elementor-widget-text-editor\" data-id=\"6074b4a\" data-element_type=\"widget\" data-e-type=\"widget\" data-settings=\"{&quot;ekit_we_effect_on&quot;:&quot;none&quot;}\" data-widget_type=\"text-editor.default\">\n\t\t\t\t<div class=\"elementor-widget-container\">\n\t\t\t\t\t\t\t\t\tUne fois l'antenne assembl\u00e9e, nous effectuons un test de performance 100% avant l'emballage et exigeons un taux de r\u00e9ussite 100%. Avant l'exp\u00e9dition, nous effectuons des inspections al\u00e9atoires sur chaque bo\u00eete de marchandises. Si un taux de d\u00e9fectuosit\u00e9 sup\u00e9rieur \u00e0 3% est constat\u00e9, tous les produits seront \u00e0 nouveau test\u00e9s.\t\t\t\t\t\t\t\t<\/div>\n\t\t\t\t<\/div>\n\t\t\t\t<\/div>\n\t\t\t\t\t<\/div>\n\t\t\t\t<\/div>\n\t\t\t\t<\/div>","protected":false},"excerpt":{"rendered":"<p>Home We regard quality as life As an\u00a0antenna manufacturing company\u00a0that has passed ISO 9001:2015 certification, we have always put product quality in the most important position. The company has a strict quality control system from raw materials to finished products to ensure that it provides the highest quality antenna products to customers around the world. [&hellip;]<\/p>\n","protected":false},"author":1,"featured_media":0,"parent":0,"menu_order":0,"comment_status":"closed","ping_status":"closed","template":"elementor_header_footer","meta":{"_acf_changed":false,"footnotes":""},"class_list":["post-1333","page","type-page","status-publish","hentry"],"acf":[],"_links":{"self":[{"href":"https:\/\/www.tesswave.com\/fr\/wp-json\/wp\/v2\/pages\/1333","targetHints":{"allow":["GET"]}}],"collection":[{"href":"https:\/\/www.tesswave.com\/fr\/wp-json\/wp\/v2\/pages"}],"about":[{"href":"https:\/\/www.tesswave.com\/fr\/wp-json\/wp\/v2\/types\/page"}],"author":[{"embeddable":true,"href":"https:\/\/www.tesswave.com\/fr\/wp-json\/wp\/v2\/users\/1"}],"replies":[{"embeddable":true,"href":"https:\/\/www.tesswave.com\/fr\/wp-json\/wp\/v2\/comments?post=1333"}],"version-history":[{"count":3,"href":"https:\/\/www.tesswave.com\/fr\/wp-json\/wp\/v2\/pages\/1333\/revisions"}],"predecessor-version":[{"id":10184,"href":"https:\/\/www.tesswave.com\/fr\/wp-json\/wp\/v2\/pages\/1333\/revisions\/10184"}],"wp:attachment":[{"href":"https:\/\/www.tesswave.com\/fr\/wp-json\/wp\/v2\/media?parent=1333"}],"curies":[{"name":"wp","href":"https:\/\/api.w.org\/{rel}","templated":true}]}}