{"id":2200,"date":"2022-05-24T08:34:35","date_gmt":"2022-05-24T00:34:35","guid":{"rendered":"https:\/\/www.tesswave.com\/?post_type=product&#038;p=2200"},"modified":"2025-06-19T19:49:56","modified_gmt":"2025-06-19T11:49:56","slug":"5-8-ghz-26dbi-parabolic-wifi-antenna","status":"publish","type":"product","link":"https:\/\/www.tesswave.com\/fr\/product\/5-8-ghz-26dbi-parabolic-wifi-antenna\/","title":{"rendered":"5.8GHz 26dBi Antenne parabolique \u00e0 grille \u00e0 gain \u00e9lev\u00e9 pour WiFi"},"content":{"rendered":"<figure class=\"wp-block-table\"><table><tbody><tr><td><strong>Sp\u00e9cifications \u00e9lectriques<\/strong><\/td><td><\/td><\/tr><tr><td>Fr\u00e9quence<\/td><td>5725-5850 MHz<\/td><\/tr><tr><td>Gain<\/td><td>26 dBi<\/td><\/tr><tr><td>TOS<\/td><td>&lt;1.5<\/td><\/tr><tr><td>Polarisation<\/td><td>Vertical<\/td><\/tr><tr><td>Largeur du faisceau horizontal<\/td><td>6\u00b0<\/td><\/tr><tr><td>Largeur du faisceau vertical<\/td><td>9\u00b0<\/td><\/tr><tr><td>Rapport F\/B<\/td><td>\u226525dB<\/td><\/tr><tr><td>Imp\u00e9dance<\/td><td>50 ohms<\/td><\/tr><tr><td>Puissance max. Puissance d'entr\u00e9e<\/td><td>100W<\/td><\/tr><tr><td>Protection contre la foudre<\/td><td>Terre DC<\/td><\/tr><tr><td><strong>Sp\u00e9cifications m\u00e9caniques<\/strong><\/td><td>&nbsp;<\/td><\/tr><tr><td>Connecteur<\/td><td>N Femme<\/td><\/tr><tr><td>Dimension<\/td><td>400\u00d7600mm<\/td><\/tr><tr><td>Poids<\/td><td>2kg<\/td><\/tr><tr><td>Montage<\/td><td>M\u00e2t \u00d840-\u00d860 mm<\/td><\/tr><tr><td>Vitesse du vent<\/td><td>210 km\/h<\/td><\/tr><tr><td>Temp\u00e9rature de fonctionnement<\/td><td>-40\u2103 - +65\u2103<\/td><\/tr><\/tbody><\/table><\/figure>","protected":false},"author":1,"featured_media":5061,"menu_order":0,"template":"","meta":{"_acf_changed":true},"product_cat":[246,334],"product_tag":[],"class_list":["post-2200","product","type-product","status-publish","has-post-thumbnail","hentry","product_cat-parabolic-wifi-antennas","product_cat-5-ghz-antennas"],"acf":{"_sku":"TGC-5800-26E6","product-image":[5061],"_price":"29","pdsms":null,"excerpt":"<ul>\r\n<li>Fonctionne sur la bande de fr\u00e9quence 5725-5850MHz pour le WiFi<\/li>\r\n<li>Conception \u00e0 gain \u00e9lev\u00e9<\/li>\r\n<li>Id\u00e9al pour les connexions ext\u00e9rieures point \u00e0 point \u00e0 longue port\u00e9e<\/li>\r\n<li>Installation sur poteau \u00e0 l'ext\u00e9rieur<\/li>\r\n<li>Supports de montage robustes<\/li>\r\n<li>N Connecteur femelle<\/li>\r\n<\/ul>","faqs":""},"_links":{"self":[{"href":"https:\/\/www.tesswave.com\/fr\/wp-json\/wp\/v2\/product\/2200","targetHints":{"allow":["GET"]}}],"collection":[{"href":"https:\/\/www.tesswave.com\/fr\/wp-json\/wp\/v2\/product"}],"about":[{"href":"https:\/\/www.tesswave.com\/fr\/wp-json\/wp\/v2\/types\/product"}],"author":[{"embeddable":true,"href":"https:\/\/www.tesswave.com\/fr\/wp-json\/wp\/v2\/users\/1"}],"acf:attachment":[{"embeddable":true,"href":"https:\/\/www.tesswave.com\/fr\/wp-json\/wp\/v2\/media\/5061"}],"wp:featuredmedia":[{"embeddable":true,"href":"https:\/\/www.tesswave.com\/fr\/wp-json\/wp\/v2\/media\/5061"}],"wp:attachment":[{"href":"https:\/\/www.tesswave.com\/fr\/wp-json\/wp\/v2\/media?parent=2200"}],"wp:term":[{"taxonomy":"product_cat","embeddable":true,"href":"https:\/\/www.tesswave.com\/fr\/wp-json\/wp\/v2\/product_cat?post=2200"},{"taxonomy":"product_tag","embeddable":true,"href":"https:\/\/www.tesswave.com\/fr\/wp-json\/wp\/v2\/product_tag?post=2200"}],"curies":[{"name":"wp","href":"https:\/\/api.w.org\/{rel}","templated":true}]}}