{"id":2212,"date":"2022-05-24T08:43:52","date_gmt":"2022-05-24T00:43:52","guid":{"rendered":"https:\/\/www.tesswave.com\/?post_type=product&#038;p=2212"},"modified":"2025-06-19T19:49:18","modified_gmt":"2025-06-19T11:49:18","slug":"2-4-ghz-24dbi-parabolic-grid-wifi-antenna","status":"publish","type":"product","link":"https:\/\/www.tesswave.com\/fr\/product\/2-4-ghz-24dbi-parabolic-grid-wifi-antenna\/","title":{"rendered":"2.4GHz 24dBi Antenne parabolique \u00e0 haut gain pour WiFi"},"content":{"rendered":"<figure class=\"wp-block-table\"><table class=\"has-fixed-layout\"><tbody><tr><td><strong>Sp\u00e9cifications \u00e9lectriques<\/strong><\/td><td>&nbsp;<\/td><\/tr><tr><td>Fr\u00e9quence<\/td><td>2400-2500 MHz<\/td><\/tr><tr><td>Gain<\/td><td>24 dBi<\/td><\/tr><tr><td>TOS<\/td><td>&lt;1.5<\/td><\/tr><tr><td>Polarisation<\/td><td>Vertical<\/td><\/tr><tr><td>Largeur du faisceau horizontal<\/td><td>10\u00b0<\/td><\/tr><tr><td>Largeur du faisceau vertical<\/td><td>14\u00b0<\/td><\/tr><tr><td>Rapport F\/B<\/td><td>\u226530dB<\/td><\/tr><tr><td>Imp\u00e9dance<\/td><td>50 ohms<\/td><\/tr><tr><td>Puissance max. Puissance d'entr\u00e9e<\/td><td>100W<\/td><\/tr><tr><td>Protection contre la foudre<\/td><td>Terre DC<\/td><\/tr><tr><td><strong>Sp\u00e9cifications m\u00e9caniques<\/strong><\/td><td>&nbsp;<\/td><\/tr><tr><td>Connecteur<\/td><td>N Femme<\/td><\/tr><tr><td>Dimension<\/td><td>600\u00d7900mm<\/td><\/tr><tr><td>Poids<\/td><td>2,5 kg<\/td><\/tr><tr><td>Montage<\/td><td>M\u00e2t \u00d840-\u00d860 mm<\/td><\/tr><tr><td>Vitesse du vent<\/td><td>210 km\/h<\/td><\/tr><tr><td>Temp\u00e9rature de fonctionnement<\/td><td>-40\u2103 - +65\u2103<\/td><\/tr><\/tbody><\/table><\/figure>","protected":false},"author":1,"featured_media":5067,"menu_order":0,"template":"","meta":{"_acf_changed":true},"product_cat":[246,332],"product_tag":[],"class_list":["post-2212","product","type-product","status-publish","has-post-thumbnail","hentry","product_cat-parabolic-wifi-antennas","product_cat-2-4-ghz-antennas"],"acf":{"_sku":"TGC-2400-24E9","product-image":[5067],"_price":"33","pdsms":null,"excerpt":"<ul>\r\n<li>Fonctionne sur la bande de fr\u00e9quence 2400-2500MHz pour le WiFi<\/li>\r\n<li>Conception \u00e0 gain \u00e9lev\u00e9<\/li>\r\n<li>Id\u00e9al pour les connexions ext\u00e9rieures point \u00e0 point \u00e0 longue port\u00e9e<\/li>\r\n<li>Installation sur poteau \u00e0 l'ext\u00e9rieur<\/li>\r\n<li>Supports de montage robustes<\/li>\r\n<li>N Connecteur femelle (accepter d'autres options)<\/li>\r\n<\/ul>","faqs":""},"_links":{"self":[{"href":"https:\/\/www.tesswave.com\/fr\/wp-json\/wp\/v2\/product\/2212","targetHints":{"allow":["GET"]}}],"collection":[{"href":"https:\/\/www.tesswave.com\/fr\/wp-json\/wp\/v2\/product"}],"about":[{"href":"https:\/\/www.tesswave.com\/fr\/wp-json\/wp\/v2\/types\/product"}],"author":[{"embeddable":true,"href":"https:\/\/www.tesswave.com\/fr\/wp-json\/wp\/v2\/users\/1"}],"acf:attachment":[{"embeddable":true,"href":"https:\/\/www.tesswave.com\/fr\/wp-json\/wp\/v2\/media\/5067"}],"wp:featuredmedia":[{"embeddable":true,"href":"https:\/\/www.tesswave.com\/fr\/wp-json\/wp\/v2\/media\/5067"}],"wp:attachment":[{"href":"https:\/\/www.tesswave.com\/fr\/wp-json\/wp\/v2\/media?parent=2212"}],"wp:term":[{"taxonomy":"product_cat","embeddable":true,"href":"https:\/\/www.tesswave.com\/fr\/wp-json\/wp\/v2\/product_cat?post=2212"},{"taxonomy":"product_tag","embeddable":true,"href":"https:\/\/www.tesswave.com\/fr\/wp-json\/wp\/v2\/product_tag?post=2212"}],"curies":[{"name":"wp","href":"https:\/\/api.w.org\/{rel}","templated":true}]}}