{"id":2230,"date":"2022-05-24T10:43:07","date_gmt":"2022-05-24T02:43:07","guid":{"rendered":"https:\/\/www.tesswave.com\/?post_type=product&#038;p=2230"},"modified":"2025-06-19T19:45:55","modified_gmt":"2025-06-19T11:45:55","slug":"5ghz-12dbi-outdoor-omni-wifi-antenna","status":"publish","type":"product","link":"https:\/\/www.tesswave.com\/fr\/product\/5ghz-12dbi-outdoor-omni-wifi-antenna\/","title":{"rendered":"Antenne Wi-Fi omnidirectionnelle ext\u00e9rieure 5,1-5,8 GHz 12dBi"},"content":{"rendered":"<p>Nous proposons une gamme d'antennes WiFi omnidirectionnelles ext\u00e9rieures fonctionnant sur la bande de fr\u00e9quence 5GHz qui est largement compatible avec les r\u00e9seaux sans fil.&nbsp;<a href=\"https:\/\/www.tesswave.com\/fr\/what-are-the-ieee-802-11-standards\/\">normes IEEE<\/a>&nbsp;802.11b\/g\/n, elles sont id\u00e9ales pour une utilisation sur un routeur WiFi, un modem, un point d'acc\u00e8s, un r\u00e9p\u00e9teur, un booster WiFi et une passerelle via un c\u00e2ble coaxial ou en les attachant directement \u00e0 l'appareil sans fil. Nos antennes wifi omnidirectionnelles sont g\u00e9n\u00e9ralement utilis\u00e9es dans les applications suivantes : WiFi public, zoos, parcs publics et zones de loisirs en plein air, ainsi que la plupart des marinas et des parcs pour camping-cars.<\/p>\n\n\n\n<p>L'antenne WiFi omni n'a pas de directivit\u00e9, elle \u00e9met un signal sur 360 degr\u00e9s, ce qui est id\u00e9al pour les syst\u00e8mes o\u00f9 la direction vers le terminal distant est inconnue ou changeante. Elles sont con\u00e7ues pour augmenter la force du signal et la port\u00e9e de vos appareils WiFi, un gain \u00e9lev\u00e9 avec plus de puissance dans toutes les directions est parfait pour la couverture WiFi point \u00e0 multipoint en ext\u00e9rieur.<\/p>\n\n\n\n<p>Ces antennes WiFi omnidirectionnelles ext\u00e9rieures sont durables pour une installation ext\u00e9rieure avec le rad\u00f4me en fibre de verre ou UV-PVC et l'\u00e9tanch\u00e9it\u00e9 IP66, toutes nos antennes sont livr\u00e9es avec un kit de montage robuste qui vous permet d'installer facilement et rapidement nos antennes sur un poteau.<\/p>\n\n\n\n<p>Nous proposons des options d'antennes SISO (Single Input Single Output) et MIMO (Multiple Input Multiple Output) pour r\u00e9pondre aux besoins de votre appareil. Puisque la plupart des appareils WiFi modernes supportent maintenant la technologie MIMO, nous recommendons nos antennes \u00e0 l'aide de la technologie MIMO.<a href=\"https:\/\/www.tesswave.com\/fr\/products\/mimo-antennas\/mimo-omni-antennas\/\">Antenne omnidirectionnelle MIMO<\/a> qui comporte plusieurs ports pour une compatibilit\u00e9 parfaite avec les appareils sans fil \u00e0 ports multiples.<\/p>\n\n\n\n<p>En outre, nous proposons une large gamme d'antennes WiFi directionnelles, y compris des mod\u00e8les Panel, Yagi, Sector et Parabolic, pour r\u00e9pondre aux diff\u00e9rents besoins de connectivit\u00e9.<\/p>\n\n\n\n<p>Pour plus de d\u00e9tails ou un devis gratuit, visitez notre site web ou contactez-nous directement !<\/p>\n\n\n\n<figure class=\"wp-block-table is-style-stripes\"><table class=\"has-fixed-layout\"><tbody><tr><td><strong>Sp\u00e9cifications \u00e9lectriques<\/strong><\/td><td>&nbsp;<\/td><\/tr><tr><td>Fr\u00e9quence<\/td><td>5150-5850 MHz<\/td><\/tr><tr><td>Gain<\/td><td>12 dBi<\/td><\/tr><tr><td>TOS<\/td><td>&lt;1.5<\/td><\/tr><tr><td>Polarisation<\/td><td>Vertical<\/td><\/tr><tr><td>Largeur du faisceau horizontal<\/td><td>360\u00b0<\/td><\/tr><tr><td>Largeur du faisceau vertical<\/td><td>8\u00b0<\/td><\/tr><tr><td>Imp\u00e9dance<\/td><td>50 ohms<\/td><\/tr><tr><td>Puissance max. Puissance d'entr\u00e9e<\/td><td>100W<\/td><\/tr><tr><td>Protection contre la foudre<\/td><td>Terre DC<\/td><\/tr><tr><td><strong>Sp\u00e9cifications m\u00e9caniques<\/strong><\/td><td>&nbsp;<\/td><\/tr><tr><td>Connecteur<\/td><td>N Femme<\/td><\/tr><tr><td>Dimension<\/td><td>\u00d820\u00d7480mm<\/td><\/tr><tr><td>Poids<\/td><td>0,5 kg<\/td><\/tr><tr><td>Montage<\/td><td>M\u00e2t \u00d840-\u00d860 mm<\/td><\/tr><tr><td>Mat\u00e9riau du rad\u00f4me<\/td><td>Fibre de verre (blanc)<\/td><\/tr><tr><td>Vitesse du vent<\/td><td>210 km\/h<\/td><\/tr><tr><td>Temp\u00e9rature de fonctionnement<\/td><td>-40\u2103 - +65\u2103<\/td><\/tr><\/tbody><\/table><\/figure>","protected":false},"author":1,"featured_media":4965,"menu_order":0,"template":"","meta":{"_acf_changed":true},"product_cat":[242,334],"product_tag":[],"class_list":["post-2230","product","type-product","status-publish","has-post-thumbnail","hentry","product_cat-omnidirectional-wifi-antennas","product_cat-5-ghz-antennas"],"acf":{"_sku":"TOF-5158-12V","product-image":[4965],"_price":"25","pdsms":null,"excerpt":"<ul>\r\n<li>Fonctionne dans la bande de fr\u00e9quence 5150-5850MHz<\/li>\r\n<li>V\u00e9ritable gain \u00e9lev\u00e9 de 12dBi<\/li>\r\n<li>Antenne omnidirectionnelle, id\u00e9ale pour couvrir le signal en ext\u00e9rieur<\/li>\r\n<li>Installation sur poteau \u00e0 l'ext\u00e9rieur<\/li>\r\n<li>Bo\u00eetier d'antenne en fibre de verre robuste et r\u00e9sistant aux intemp\u00e9ries<\/li>\r\n<li>Dimensions : \u00d820\u00d7480mm<\/li>\r\n<li>IP55 r\u00e9sistant \u00e0 la pluie et \u00e0 la poussi\u00e8re<\/li>\r\n<li>Connecteur N femelle typique<\/li>\r\n<\/ul>","faqs":""},"_links":{"self":[{"href":"https:\/\/www.tesswave.com\/fr\/wp-json\/wp\/v2\/product\/2230","targetHints":{"allow":["GET"]}}],"collection":[{"href":"https:\/\/www.tesswave.com\/fr\/wp-json\/wp\/v2\/product"}],"about":[{"href":"https:\/\/www.tesswave.com\/fr\/wp-json\/wp\/v2\/types\/product"}],"author":[{"embeddable":true,"href":"https:\/\/www.tesswave.com\/fr\/wp-json\/wp\/v2\/users\/1"}],"acf:attachment":[{"embeddable":true,"href":"https:\/\/www.tesswave.com\/fr\/wp-json\/wp\/v2\/media\/4965"}],"wp:featuredmedia":[{"embeddable":true,"href":"https:\/\/www.tesswave.com\/fr\/wp-json\/wp\/v2\/media\/4965"}],"wp:attachment":[{"href":"https:\/\/www.tesswave.com\/fr\/wp-json\/wp\/v2\/media?parent=2230"}],"wp:term":[{"taxonomy":"product_cat","embeddable":true,"href":"https:\/\/www.tesswave.com\/fr\/wp-json\/wp\/v2\/product_cat?post=2230"},{"taxonomy":"product_tag","embeddable":true,"href":"https:\/\/www.tesswave.com\/fr\/wp-json\/wp\/v2\/product_tag?post=2230"}],"curies":[{"name":"wp","href":"https:\/\/api.w.org\/{rel}","templated":true}]}}