{"id":2237,"date":"2022-05-24T10:55:53","date_gmt":"2022-05-24T02:55:53","guid":{"rendered":"https:\/\/www.tesswave.com\/?post_type=product&#038;p=2237"},"modified":"2025-06-19T19:44:04","modified_gmt":"2025-06-19T11:44:04","slug":"2-4-ghz-12dbi-outdoor-omni-wifi-antenna","status":"publish","type":"product","link":"https:\/\/www.tesswave.com\/fr\/product\/2-4-ghz-12dbi-outdoor-omni-wifi-antenna\/","title":{"rendered":"Antenne Wi-Fi omnidirectionnelle ext\u00e9rieure \u00e0 gain \u00e9lev\u00e9 2,4 GHz 12 dBi"},"content":{"rendered":"<p>L'antenne wifi omnidirectionnelle \u00e0 haut gain de la s\u00e9rie TOF-2400 est con\u00e7ue pour la couverture du signal wifi en ext\u00e9rieur, augmentant la force du signal et la port\u00e9e de vos appareils Wi-Fi 2,4GHz, y compris les routeurs, les passerelles, les modems, les ponts, les boosters et les r\u00e9p\u00e9teurs dans toutes les directions. Fonctionnant sur la bande de fr\u00e9quence 2400-2500MHz, elle est id\u00e9ale pour de nombreuses applications telles que Wi-Fi, Bluetooth, Zigbee, IoT, <a href=\"https:\/\/www.tesswave.com\/fr\/what-are-lora-and-lorawan\/\">LoRa\/LoRaWAN<\/a> et RFID, etc,<\/p>\n\n\n\n<p><strong>CARACT\u00c9RISTIQUES :<\/strong><\/p>\n\n\n\n<ul class=\"wp-block-list\">\n<li>Gain \u00e9lev\u00e9 pour l'ext\u00e9rieur afin de maximiser la couverture du signal WiFi<\/li>\n\n\n\n<li>Con\u00e7u pour de hautes performances, un excellent diagramme de rayonnement<\/li>\n\n\n\n<li>Bon VSWR, moins de 1,5 ou meilleur<\/li>\n\n\n\n<li>R\u00e9sistant aux intemp\u00e9ries et con\u00e7u avec un rad\u00f4me d'antenne en fibre de verre durable et une protection \u00e9tanche conforme \u00e0 la norme IP66.<\/li>\n\n\n\n<li>Connecteur N femelle typique compatible avec la plupart des appareils sans fil<\/li>\n\n\n\n<li>Fournit un ensemble de kits de fixation murale ou sur poteau tr\u00e8s r\u00e9sistants pour divers environnements.<\/li>\n<\/ul>\n\n\n\n<p>L'antenne wifi omnidirectionnelle ext\u00e9rieure 2.4GHz \u00e9met un signal dans un motif de 360 degr\u00e9s qui transmet le signal \u00e0 la plus grande distance possible, son design pr\u00eat \u00e0 l'emploi vous permet de l'attacher \u00e0 vos routeurs ou points d'acc\u00e8s existants rapidement pour transmettre le signal WiFi le plus \u00e9lev\u00e9 dans toutes les directions. Mais veuillez noter que vous ne pouvez attacher une antenne WiFi 2.4GHz qu'aux appareils qui supportent la bande de fr\u00e9quence 2.4GHz.<\/p>\n\n\n\n<h2 class=\"wp-block-heading\">Une conception sup\u00e9rieure<\/h2>\n\n\n\n<p>L'antenne Omni WiFi est construite avec des \u00e9l\u00e9ments en cuivre pour assurer une performance \u00e9lectrique sup\u00e9rieure, les \u00e9l\u00e9ments m\u00e9talliques offrent une performance meilleure et plus stable. Le bo\u00eetier en fibre de verre durable est con\u00e7u pour une installation ext\u00e9rieure contre la poussi\u00e8re et la pluie, il peut r\u00e9sister aux conditions difficiles \u00e0 l'ext\u00e9rieur. Equip\u00e9e d'un connecteur femelle type N au bas de l'antenne, elle est \u00e9galement \u00e9tanche pour emp\u00eacher l'eau de rentrer, de plus, le connecteur type N est largement compatible avec la plupart des \u00e9quipements sans fil qui utilisent un c\u00e2ble coaxial.<\/p>\n\n\n\n<h2 class=\"wp-block-heading\">Installation de l'antenne<\/h2>\n\n\n\n<p>Toutes nos antennes sont livr\u00e9es avec un kit de montage robuste comprenant des boulons en U et des \u00e9crous, elles sont tr\u00e8s faciles \u00e0 installer sur un poteau ou directement sur le mur. L'antenne omni s'installe g\u00e9n\u00e9ralement sur le toit sans aucun obstacle pour transmettre au maximum le signal WiFi aux utilisateurs finaux.<\/p>\n\n\n\n<h2 class=\"wp-block-heading\">Personnalisation<\/h2>\n\n\n\n<p>Nous acceptons le service de personnalisation, y compris le connecteur, la fr\u00e9quence, l'apparence de l'antenne, le kit de montage, l'impression du logo, l'emballage, etc,<\/p>\n\n\n\n<p>&nbsp;<\/p>\n\n\n\n<figure class=\"wp-block-table\"><table class=\"has-fixed-layout\"><tbody><tr><td><strong>Sp\u00e9cifications \u00e9lectriques<\/strong><\/td><td><\/td><\/tr><tr><td>Fr\u00e9quence<\/td><td>2400-2500 MHz<\/td><\/tr><tr><td>Gain<\/td><td>12 dBi<\/td><\/tr><tr><td>TOS<\/td><td>&lt;1.5<\/td><\/tr><tr><td>Polarisation<\/td><td>Vertical<\/td><\/tr><tr><td>Largeur du faisceau horizontal<\/td><td>360\u00b0<\/td><\/tr><tr><td>Largeur du faisceau vertical<\/td><td>7.5\u00b0<\/td><\/tr><tr><td>Imp\u00e9dance<\/td><td>50 ohms<\/td><\/tr><tr><td>Puissance max. Puissance d'entr\u00e9e<\/td><td>100W<\/td><\/tr><tr><td>Protection contre la foudre<\/td><td>Terre DC<\/td><\/tr><tr><td><strong>Sp\u00e9cifications m\u00e9caniques<\/strong><\/td><td>&nbsp;<\/td><\/tr><tr><td>Connecteur<\/td><td>N Femme<\/td><\/tr><tr><td>Dimension<\/td><td>\u00d825\u00d7960mm<\/td><\/tr><tr><td>Poids<\/td><td>0,7 kg<\/td><\/tr><tr><td>Montage<\/td><td>M\u00e2t \u00d840-\u00d860 mm<\/td><\/tr><tr><td>Mat\u00e9riau du rad\u00f4me<\/td><td>Fibre de verre (blanc)<\/td><\/tr><tr><td>Vitesse du vent<\/td><td>210 km\/h<\/td><\/tr><tr><td>Protection contre les infiltrations<\/td><td>IP66<\/td><\/tr><tr><td>Temp\u00e9rature de fonctionnement<\/td><td>-40\u2103 - +65\u2103<\/td><\/tr><\/tbody><\/table><\/figure>\n\n\n\n<p>&nbsp;<\/p>","protected":false},"author":1,"featured_media":4970,"menu_order":0,"template":"","meta":{"_acf_changed":true},"product_cat":[242,332,254],"product_tag":[],"class_list":["post-2237","product","type-product","status-publish","has-post-thumbnail","hentry","product_cat-omnidirectional-wifi-antennas","product_cat-2-4-ghz-antennas","product_cat-2-4-ghz-lora-antennas"],"acf":{"_sku":"TOF-2400-12V","product-image":[4970],"_price":"25","pdsms":null,"excerpt":"<ul>\r\n<li>Fonctionne dans la bande de fr\u00e9quence 2,4\/5GHz<\/li>\r\n<li>Des \u00e9l\u00e9ments en cuivre de qualit\u00e9 \u00e0 l'int\u00e9rieur garantissent un gain \u00e9lev\u00e9<\/li>\r\n<li>Rayonne le signal dans toutes les directions, id\u00e9al pour les signaux couverts \u00e0 l'ext\u00e9rieur.<\/li>\r\n<li>Installation sur poteau \u00e0 l'ext\u00e9rieur<\/li>\r\n<li>Bo\u00eetier d'antenne en fibre de verre robuste et r\u00e9sistant aux intemp\u00e9ries<\/li>\r\n<li>IP66 r\u00e9sistant \u00e0 la pluie et \u00e0 la poussi\u00e8re<\/li>\r\n<li>Connecteur N femelle typique (accepte d'autres connecteurs)<\/li>\r\n<\/ul>","faqs":""},"_links":{"self":[{"href":"https:\/\/www.tesswave.com\/fr\/wp-json\/wp\/v2\/product\/2237","targetHints":{"allow":["GET"]}}],"collection":[{"href":"https:\/\/www.tesswave.com\/fr\/wp-json\/wp\/v2\/product"}],"about":[{"href":"https:\/\/www.tesswave.com\/fr\/wp-json\/wp\/v2\/types\/product"}],"author":[{"embeddable":true,"href":"https:\/\/www.tesswave.com\/fr\/wp-json\/wp\/v2\/users\/1"}],"acf:attachment":[{"embeddable":true,"href":"https:\/\/www.tesswave.com\/fr\/wp-json\/wp\/v2\/media\/4970"}],"wp:featuredmedia":[{"embeddable":true,"href":"https:\/\/www.tesswave.com\/fr\/wp-json\/wp\/v2\/media\/4970"}],"wp:attachment":[{"href":"https:\/\/www.tesswave.com\/fr\/wp-json\/wp\/v2\/media?parent=2237"}],"wp:term":[{"taxonomy":"product_cat","embeddable":true,"href":"https:\/\/www.tesswave.com\/fr\/wp-json\/wp\/v2\/product_cat?post=2237"},{"taxonomy":"product_tag","embeddable":true,"href":"https:\/\/www.tesswave.com\/fr\/wp-json\/wp\/v2\/product_tag?post=2237"}],"curies":[{"name":"wp","href":"https:\/\/api.w.org\/{rel}","templated":true}]}}