{"id":2246,"date":"2022-05-24T11:22:58","date_gmt":"2022-05-24T03:22:58","guid":{"rendered":"https:\/\/www.tesswave.com\/?post_type=product&#038;p=2246"},"modified":"2025-06-19T19:39:51","modified_gmt":"2025-06-19T11:39:51","slug":"5ghz-19dbi-mimo-panel-antenna","status":"publish","type":"product","link":"https:\/\/www.tesswave.com\/fr\/product\/5ghz-19dbi-mimo-panel-antenna\/","title":{"rendered":"Antenne panneau Wi-Fi MIMO \u00e0 double polarisation 5,1-5,8 GHz 19dBi 2\u00d72"},"content":{"rendered":"<figure class=\"wp-block-table is-style-regular\"><table class=\"has-fixed-layout\"><tbody><tr><td><strong>Sp\u00e9cifications \u00e9lectriques<\/strong><\/td><td>&nbsp;<\/td><\/tr><tr><td>Fr\u00e9quence<\/td><td>5150-5850 MHz<\/td><\/tr><tr><td>Gain<\/td><td>19 dBi<\/td><\/tr><tr><td>TOS<\/td><td>&lt;1.5<\/td><\/tr><tr><td>Polarisation<\/td><td>Horizontal et vertical<\/td><\/tr><tr><td>Largeur du faisceau horizontal<\/td><td>17\u00b0<\/td><\/tr><tr><td>Largeur du faisceau vertical<\/td><td>17\u00b0<\/td><\/tr><tr><td>Rapport F\/B<\/td><td>\u226523dB<\/td><\/tr><tr><td>Imp\u00e9dance<\/td><td>50 ohms<\/td><\/tr><tr><td>Puissance max. Puissance d'entr\u00e9e<\/td><td>100W<\/td><\/tr><tr><td>Protection contre la foudre<\/td><td>Terre DC<\/td><\/tr><tr><td><strong>Sp\u00e9cifications m\u00e9caniques<\/strong><\/td><td>&nbsp;<\/td><\/tr><tr><td>Connecteur<\/td><td>2\u00d7N femelle<\/td><\/tr><tr><td>Dimension<\/td><td>305\u00d7305\u00d725mm<\/td><\/tr><tr><td>Poids<\/td><td>0,7 kg<\/td><\/tr><tr><td>Montage<\/td><td>M\u00e2t \u00d840-\u00d860 mm<\/td><\/tr><tr><td>Mat\u00e9riau du rad\u00f4me<\/td><td>ABS<\/td><\/tr><tr><td>Vitesse du vent<\/td><td>210 km\/h<\/td><\/tr><tr><td>Temp\u00e9rature de fonctionnement<\/td><td>-40\u2103 - +65\u2103<\/td><\/tr><\/tbody><\/table><\/figure>","protected":false},"author":1,"featured_media":5116,"menu_order":0,"template":"","meta":{"_acf_changed":true},"product_cat":[128,334,241],"product_tag":[],"class_list":["post-2246","product","type-product","status-publish","has-post-thumbnail","hentry","product_cat-mimo-panel-antennas","product_cat-5-ghz-antennas","product_cat-flat-panel-wifi-antennas"],"acf":{"_sku":"TPC-5158-19D","product-image":[5116],"_price":"35","pdsms":null,"excerpt":"<ul>\r\n<li>Fonctionne dans la bande de fr\u00e9quence 5150-5850MHz<\/li>\r\n<li>True 19dBi high gain<\/li>\r\n<li>Double polarisation V\/H<\/li>\r\n<li>Antenne directionnelle pour les applications ext\u00e9rieures point \u00e0 point<\/li>\r\n<li>Montage sur poteau pour une installation en ext\u00e9rieur<\/li>\r\n<li>Bo\u00eetier d'antenne en ABS prot\u00e9g\u00e9 contre les UV pour r\u00e9sister aux intemp\u00e9ries<\/li>\r\n<li>Dimensions : 305\u00d7305\u00d725mm<\/li>\r\n<li>2\u00d7N Connecteur femelle<\/li>\r\n<li>IP55 r\u00e9sistant \u00e0 la pluie et \u00e0 la poussi\u00e8re<\/li>\r\n<\/ul>","faqs":""},"_links":{"self":[{"href":"https:\/\/www.tesswave.com\/fr\/wp-json\/wp\/v2\/product\/2246","targetHints":{"allow":["GET"]}}],"collection":[{"href":"https:\/\/www.tesswave.com\/fr\/wp-json\/wp\/v2\/product"}],"about":[{"href":"https:\/\/www.tesswave.com\/fr\/wp-json\/wp\/v2\/types\/product"}],"author":[{"embeddable":true,"href":"https:\/\/www.tesswave.com\/fr\/wp-json\/wp\/v2\/users\/1"}],"acf:attachment":[{"embeddable":true,"href":"https:\/\/www.tesswave.com\/fr\/wp-json\/wp\/v2\/media\/5116"}],"wp:featuredmedia":[{"embeddable":true,"href":"https:\/\/www.tesswave.com\/fr\/wp-json\/wp\/v2\/media\/5116"}],"wp:attachment":[{"href":"https:\/\/www.tesswave.com\/fr\/wp-json\/wp\/v2\/media?parent=2246"}],"wp:term":[{"taxonomy":"product_cat","embeddable":true,"href":"https:\/\/www.tesswave.com\/fr\/wp-json\/wp\/v2\/product_cat?post=2246"},{"taxonomy":"product_tag","embeddable":true,"href":"https:\/\/www.tesswave.com\/fr\/wp-json\/wp\/v2\/product_tag?post=2246"}],"curies":[{"name":"wp","href":"https:\/\/api.w.org\/{rel}","templated":true}]}}