{"id":2275,"date":"2022-05-24T16:58:42","date_gmt":"2022-05-24T08:58:42","guid":{"rendered":"https:\/\/www.tesswave.com\/?post_type=product&#038;p=2275"},"modified":"2025-06-19T19:38:25","modified_gmt":"2025-06-19T11:38:25","slug":"2-4-ghz-18dbi-directional-panel-antenna","status":"publish","type":"product","link":"https:\/\/www.tesswave.com\/fr\/product\/2-4-ghz-18dbi-directional-panel-antenna\/","title":{"rendered":"2.4GHz 18dBi Antenne panneau WiFi directionnelle \u00e0 haut gain"},"content":{"rendered":"<figure class=\"wp-block-table is-style-regular\"><table class=\"has-fixed-layout\"><tbody><tr><td><strong>Sp\u00e9cifications \u00e9lectriques<\/strong><\/td><td>&nbsp;<\/td><\/tr><tr><td>Fr\u00e9quence<\/td><td>2400-2500 MHz<\/td><\/tr><tr><td>Gain<\/td><td>18 dBi<\/td><\/tr><tr><td>TOS<\/td><td>&lt;1.5<\/td><\/tr><tr><td>Polarisation<\/td><td>Vertical<\/td><\/tr><tr><td>Largeur du faisceau horizontal<\/td><td>20\u00b0<\/td><\/tr><tr><td>Largeur du faisceau vertical<\/td><td>20\u00b0<\/td><\/tr><tr><td>Rapport F\/B<\/td><td>\u226520dB<\/td><\/tr><tr><td>Imp\u00e9dance<\/td><td>50 ohms<\/td><\/tr><tr><td>Puissance max. Puissance d'entr\u00e9e<\/td><td>100W<\/td><\/tr><tr><td>Protection contre la foudre<\/td><td>Terre DC<\/td><\/tr><tr><td><strong>Sp\u00e9cifications m\u00e9caniques<\/strong><\/td><td>&nbsp;<\/td><\/tr><tr><td>Connecteur<\/td><td>N Femme<\/td><\/tr><tr><td>Dimension<\/td><td>305\u00d7305\u00d725mm<\/td><\/tr><tr><td>Poids<\/td><td>0,7 kg<\/td><\/tr><tr><td>Montage<\/td><td>M\u00e2t \u00d840-\u00d860 mm<\/td><\/tr><tr><td>Mat\u00e9riau du rad\u00f4me<\/td><td>ABS<\/td><\/tr><tr><td>Vitesse du vent<\/td><td>210 km\/h<\/td><\/tr><tr><td>Temp\u00e9rature de fonctionnement<\/td><td>-40\u2103 - +65\u2103<\/td><\/tr><\/tbody><\/table><\/figure>","protected":false},"author":1,"featured_media":5097,"menu_order":0,"template":"","meta":{"_acf_changed":true},"product_cat":[241,332],"product_tag":[],"class_list":["post-2275","product","type-product","status-publish","has-post-thumbnail","hentry","product_cat-flat-panel-wifi-antennas","product_cat-2-4-ghz-antennas"],"acf":{"_sku":"TPC-2400-18E","product-image":[5097],"_price":"29","pdsms":null,"excerpt":"<ul>\r\n<li>Fonctionne dans la bande de fr\u00e9quence 2400-2500MHz<\/li>\r\n<li>V\u00e9ritable gain \u00e9lev\u00e9 de 18dBi<\/li>\r\n<li>Largeur de faisceau \u00e9troite de 20 degr\u00e9s pour le point \u00e0 point<\/li>\r\n<li>Installation sur poteau \u00e0 l'ext\u00e9rieur<\/li>\r\n<li>Bo\u00eetier d'antenne en ABS robuste et r\u00e9sistant aux intemp\u00e9ries<\/li>\r\n<li>Dimensions : 305\u00d7305\u00d725 mm<\/li>\r\n<li>N Connecteur femelle<\/li>\r\n<li>IP55 r\u00e9sistant \u00e0 la pluie et \u00e0 la poussi\u00e8re<\/li>\r\n<\/ul>","faqs":""},"_links":{"self":[{"href":"https:\/\/www.tesswave.com\/fr\/wp-json\/wp\/v2\/product\/2275","targetHints":{"allow":["GET"]}}],"collection":[{"href":"https:\/\/www.tesswave.com\/fr\/wp-json\/wp\/v2\/product"}],"about":[{"href":"https:\/\/www.tesswave.com\/fr\/wp-json\/wp\/v2\/types\/product"}],"author":[{"embeddable":true,"href":"https:\/\/www.tesswave.com\/fr\/wp-json\/wp\/v2\/users\/1"}],"acf:attachment":[{"embeddable":true,"href":"https:\/\/www.tesswave.com\/fr\/wp-json\/wp\/v2\/media\/5097"}],"wp:featuredmedia":[{"embeddable":true,"href":"https:\/\/www.tesswave.com\/fr\/wp-json\/wp\/v2\/media\/5097"}],"wp:attachment":[{"href":"https:\/\/www.tesswave.com\/fr\/wp-json\/wp\/v2\/media?parent=2275"}],"wp:term":[{"taxonomy":"product_cat","embeddable":true,"href":"https:\/\/www.tesswave.com\/fr\/wp-json\/wp\/v2\/product_cat?post=2275"},{"taxonomy":"product_tag","embeddable":true,"href":"https:\/\/www.tesswave.com\/fr\/wp-json\/wp\/v2\/product_tag?post=2275"}],"curies":[{"name":"wp","href":"https:\/\/api.w.org\/{rel}","templated":true}]}}