{"id":2281,"date":"2022-05-25T11:26:52","date_gmt":"2022-05-25T03:26:52","guid":{"rendered":"https:\/\/www.tesswave.com\/?post_type=product&#038;p=2281"},"modified":"2025-06-19T19:38:05","modified_gmt":"2025-06-19T11:38:05","slug":"2-4-5-ghz-4dbi-rubber-duck-wifi-antenna","status":"publish","type":"product","link":"https:\/\/www.tesswave.com\/fr\/product\/2-4-5-ghz-4dbi-rubber-duck-wifi-antenna\/","title":{"rendered":"Antenne Wi-Fi double bande 2,4\/5 GHz 4 dBi en caoutchouc"},"content":{"rendered":"<figure class=\"wp-block-table\"><table class=\"has-fixed-layout\"><tbody><tr><td><strong>Sp\u00e9cifications \u00e9lectriques<\/strong><\/td><td colspan=\"2\">&nbsp;<\/td><\/tr><tr><td>Fr\u00e9quence - MHz<\/td><td>2400-2500<\/td><td>5150-5850<\/td><\/tr><tr><td>Gain-dBi<\/td><td>2.5<\/td><td>&nbsp;4.5<\/td><\/tr><tr><td>TOS<\/td><td colspan=\"2\">&lt;2.5<\/td><\/tr><tr><td>Polarisation<\/td><td colspan=\"2\">Vertical<\/td><\/tr><tr><td>Largeur du faisceau horizontal<\/td><td colspan=\"2\">360\u00b0<\/td><\/tr><tr><td>Largeur du faisceau vertical<\/td><td colspan=\"2\">52\u00b0<\/td><\/tr><tr><td>Imp\u00e9dance<\/td><td colspan=\"2\">50 ohms<\/td><\/tr><tr><td>Puissance max. Puissance d'entr\u00e9e<\/td><td colspan=\"2\">50W<\/td><\/tr><tr><td>Protection contre la foudre<\/td><td colspan=\"2\">Terre DC<\/td><\/tr><tr><td><strong>Sp\u00e9cifications m\u00e9caniques<\/strong><\/td><td colspan=\"2\">&nbsp;<\/td><\/tr><tr><td>Connecteur<\/td><td colspan=\"2\">RP SMA m\u00e2le<\/td><\/tr><tr><td>Dimension<\/td><td colspan=\"2\">195 mm<\/td><\/tr><tr><td>Poids<\/td><td colspan=\"2\">30g<\/td><\/tr><tr><td>Vitesse du vent<\/td><td colspan=\"2\">210 km\/h<\/td><\/tr><tr><td>Temp\u00e9rature de fonctionnement<\/td><td colspan=\"2\">-40\u2103 - +65\u2103<\/td><\/tr><\/tbody><\/table><\/figure>","protected":false},"author":1,"featured_media":4830,"menu_order":0,"template":"","meta":{"_acf_changed":true},"product_cat":[245,335,327],"product_tag":[],"class_list":["post-2281","product","type-product","status-publish","has-post-thumbnail","hentry","product_cat-rubber-duck-wifi-antennas","product_cat-2-4-5-ghz-antennas","product_cat-dual-band-wifi-antennas"],"acf":{"_sku":"TRH-2458-4V","product-image":[4830],"_price":"4.9","pdsms":null,"excerpt":"<ul>\r\n<li>Frequency: 2400-2500\/5150-5850MHz<\/li>\r\n<li>Gain : 2.5dBi@2.4GHz et 4,5dBi@5GHz<\/li>\r\n<li>Connecteur : RP SMA m\u00e2le \u00e0 charni\u00e8re<\/li>\r\n<\/ul>","faqs":""},"_links":{"self":[{"href":"https:\/\/www.tesswave.com\/fr\/wp-json\/wp\/v2\/product\/2281","targetHints":{"allow":["GET"]}}],"collection":[{"href":"https:\/\/www.tesswave.com\/fr\/wp-json\/wp\/v2\/product"}],"about":[{"href":"https:\/\/www.tesswave.com\/fr\/wp-json\/wp\/v2\/types\/product"}],"author":[{"embeddable":true,"href":"https:\/\/www.tesswave.com\/fr\/wp-json\/wp\/v2\/users\/1"}],"acf:attachment":[{"embeddable":true,"href":"https:\/\/www.tesswave.com\/fr\/wp-json\/wp\/v2\/media\/4830"}],"wp:featuredmedia":[{"embeddable":true,"href":"https:\/\/www.tesswave.com\/fr\/wp-json\/wp\/v2\/media\/4830"}],"wp:attachment":[{"href":"https:\/\/www.tesswave.com\/fr\/wp-json\/wp\/v2\/media?parent=2281"}],"wp:term":[{"taxonomy":"product_cat","embeddable":true,"href":"https:\/\/www.tesswave.com\/fr\/wp-json\/wp\/v2\/product_cat?post=2281"},{"taxonomy":"product_tag","embeddable":true,"href":"https:\/\/www.tesswave.com\/fr\/wp-json\/wp\/v2\/product_tag?post=2281"}],"curies":[{"name":"wp","href":"https:\/\/api.w.org\/{rel}","templated":true}]}}