{"id":2284,"date":"2022-05-25T11:30:06","date_gmt":"2022-05-25T03:30:06","guid":{"rendered":"https:\/\/www.tesswave.com\/?post_type=product&#038;p=2284"},"modified":"2025-06-19T19:37:44","modified_gmt":"2025-06-19T11:37:44","slug":"2-4-5-ghz-13dbi-dual-band-directional-antenna","status":"publish","type":"product","link":"https:\/\/www.tesswave.com\/fr\/product\/2-4-5-ghz-13dbi-dual-band-directional-antenna\/","title":{"rendered":"Antenne panneau WiFi bi-bande directionnelle 2.4\/5GHz 13dBi"},"content":{"rendered":"<figure class=\"wp-block-table is-style-stripes\"><table class=\"has-fixed-layout\"><tbody><tr><td><strong>Sp\u00e9cifications \u00e9lectriques<\/strong><\/td><td>&nbsp;<\/td><\/tr><tr><td>Fr\u00e9quence-MHz<\/td><td>2400-2500\/5150-5850<\/td><\/tr><tr><td>Gain<\/td><td>13dBi<\/td><\/tr><tr><td>TOS<\/td><td>&lt;2<\/td><\/tr><tr><td>Polarisation<\/td><td>Vertical<\/td><\/tr><tr><td>Largeur du faisceau horizontal<\/td><td>40\u00b0<\/td><\/tr><tr><td>Largeur du faisceau vertical<\/td><td>33\u00b0<\/td><\/tr><tr><td>Rapport F\/B<\/td><td><a>\u2265<\/a>20dB<\/td><\/tr><tr><td>Imp\u00e9dance<\/td><td>50 ohms<\/td><\/tr><tr><td>Puissance max. Puissance d'entr\u00e9e<\/td><td>100W<\/td><\/tr><tr><td>Protection contre la foudre<\/td><td>Terre DC<\/td><\/tr><tr><td><strong>Sp\u00e9cifications m\u00e9caniques<\/strong><\/td><td>&nbsp;<\/td><\/tr><tr><td>Connecteur<\/td><td>N Femme<\/td><\/tr><tr><td>Dimension<\/td><td>140\u00d7120\u00d740mm<\/td><\/tr><tr><td>Poids<\/td><td>0,3 kg<\/td><\/tr><tr><td>Montage<\/td><td>M\u00e2t \u00d840-\u00d860 mm<\/td><\/tr><tr><td>Mat\u00e9riau du rad\u00f4me<\/td><td>ABS<\/td><\/tr><tr><td>Vitesse du vent<\/td><td>210 km\/h<\/td><\/tr><tr><td>Temp\u00e9rature de fonctionnement<\/td><td>-40\u2103 - +65\u2103<\/td><\/tr><\/tbody><\/table><\/figure>","protected":false},"author":1,"featured_media":4824,"menu_order":0,"template":"","meta":{"_acf_changed":true},"product_cat":[327,335],"product_tag":[],"class_list":["post-2284","product","type-product","status-publish","has-post-thumbnail","hentry","product_cat-dual-band-wifi-antennas","product_cat-2-4-5-ghz-antennas"],"acf":{"_sku":"TPC-2458-13V","product-image":[4824],"_price":"12","pdsms":null,"excerpt":"<ul>\r\n<li>Fonctionne \u00e0 2400-2500\/5150-5850MHz bi-bande<\/li>\r\n<li>V\u00e9ritable gain 13dBi<\/li>\r\n<li>Antenne directionnelle pour les applications ext\u00e9rieures point \u00e0 point<\/li>\r\n<li>Montage sur poteau pour une installation en ext\u00e9rieur<\/li>\r\n<li>Bo\u00eetier d'antenne UV-ABS r\u00e9sistant aux intemp\u00e9ries<\/li>\r\n<li>Dimensions : 140*120*40 mm<\/li>\r\n<li>Connecteur N femelle typique<\/li>\r\n<li>IP55 r\u00e9sistant \u00e0 la pluie et \u00e0 la poussi\u00e8re<\/li>\r\n<\/ul>","faqs":""},"_links":{"self":[{"href":"https:\/\/www.tesswave.com\/fr\/wp-json\/wp\/v2\/product\/2284","targetHints":{"allow":["GET"]}}],"collection":[{"href":"https:\/\/www.tesswave.com\/fr\/wp-json\/wp\/v2\/product"}],"about":[{"href":"https:\/\/www.tesswave.com\/fr\/wp-json\/wp\/v2\/types\/product"}],"author":[{"embeddable":true,"href":"https:\/\/www.tesswave.com\/fr\/wp-json\/wp\/v2\/users\/1"}],"acf:attachment":[{"embeddable":true,"href":"https:\/\/www.tesswave.com\/fr\/wp-json\/wp\/v2\/media\/4824"}],"wp:featuredmedia":[{"embeddable":true,"href":"https:\/\/www.tesswave.com\/fr\/wp-json\/wp\/v2\/media\/4824"}],"wp:attachment":[{"href":"https:\/\/www.tesswave.com\/fr\/wp-json\/wp\/v2\/media?parent=2284"}],"wp:term":[{"taxonomy":"product_cat","embeddable":true,"href":"https:\/\/www.tesswave.com\/fr\/wp-json\/wp\/v2\/product_cat?post=2284"},{"taxonomy":"product_tag","embeddable":true,"href":"https:\/\/www.tesswave.com\/fr\/wp-json\/wp\/v2\/product_tag?post=2284"}],"curies":[{"name":"wp","href":"https:\/\/api.w.org\/{rel}","templated":true}]}}