{"id":2287,"date":"2022-05-25T11:33:56","date_gmt":"2022-05-25T03:33:56","guid":{"rendered":"https:\/\/www.tesswave.com\/?post_type=product&#038;p=2287"},"modified":"2025-06-19T19:37:21","modified_gmt":"2025-06-19T11:37:21","slug":"2-4-5-ghz-13dbi-6-port-mimo-panel-antenna","status":"publish","type":"product","link":"https:\/\/www.tesswave.com\/fr\/product\/2-4-5-ghz-13dbi-6-port-mimo-panel-antenna\/","title":{"rendered":"Antenne panneau directionnelle ext\u00e9rieure double bande 6 ports 6\u00d76 MIMO 2,4\/5 GHz 13 dBi"},"content":{"rendered":"<figure class=\"wp-block-table\"><table><tbody><tr><td><strong>Sp\u00e9cifications \u00e9lectriques<\/strong><\/td><td colspan=\"2\"><\/td><\/tr><tr><td>Fr\u00e9quence-MHz<\/td><td>2400-2500<\/td><td>4900-5850<\/td><\/tr><tr><td>Gain-dBi<\/td><td>10<\/td><td>13<\/td><\/tr><tr><td>TOS<\/td><td colspan=\"2\">&lt;1.8<\/td><\/tr><tr><td>Polarisation<\/td><td colspan=\"2\">3\u00d7Horizontal et 3\u00d7Vertical<\/td><\/tr><tr><td>Largeur du faisceau horizontal<\/td><td>48\u00b0<\/td><td>35\u00b0<\/td><\/tr><tr><td>Largeur du faisceau vertical<\/td><td>45\u00b0<\/td><td>20\u00b0<\/td><\/tr><tr><td>Rapport F\/B<\/td><td colspan=\"2\">\u226518dB<\/td><\/tr><tr><td>L'isolement<\/td><td colspan=\"2\">\u226528dB<\/td><\/tr><tr><td>Imp\u00e9dance<\/td><td colspan=\"2\">50 ohms<\/td><\/tr><tr><td>Puissance max. Puissance d'entr\u00e9e<\/td><td colspan=\"2\">100W<\/td><\/tr><tr><td>Protection contre la foudre<\/td><td colspan=\"2\">Terre DC<\/td><\/tr><tr><td><strong>Sp\u00e9cifications m\u00e9caniques<\/strong><\/td><td colspan=\"2\">&nbsp;<\/td><\/tr><tr><td>Connecteur<\/td><td colspan=\"2\">6\u00d7N Femelle<\/td><\/tr><tr><td>Dimension<\/td><td colspan=\"2\">305\u00d7305\u00d725mm<\/td><\/tr><tr><td>Poids<\/td><td colspan=\"2\">0,7 kg<\/td><\/tr><tr><td>Montage<\/td><td colspan=\"2\">M\u00e2t \u00d840-\u00d860 mm<\/td><\/tr><tr><td>Mat\u00e9riau du rad\u00f4me<\/td><td colspan=\"2\">ABS<\/td><\/tr><tr><td>Vitesse du vent<\/td><td colspan=\"2\">210 km\/h<\/td><\/tr><tr><td>Temp\u00e9rature de fonctionnement<\/td><td colspan=\"2\">-40\u2103 - +65\u2103<\/td><\/tr><\/tbody><\/table><\/figure>","protected":false},"author":1,"featured_media":4820,"menu_order":0,"template":"","meta":{"_acf_changed":true},"product_cat":[128,335,327,241],"product_tag":[],"class_list":["post-2287","product","type-product","status-publish","has-post-thumbnail","hentry","product_cat-mimo-panel-antennas","product_cat-2-4-5-ghz-antennas","product_cat-dual-band-wifi-antennas","product_cat-flat-panel-wifi-antennas"],"acf":{"_sku":"TPC-2458-13CD","product-image":[4820],"_price":"33","pdsms":null,"excerpt":"<ul>\r\n<li>Fonctionne sur la bande bifr\u00e9quence 2400-2500\/4900-5850MHz<\/li>\r\n<li>Gain r\u00e9el 10dbi@2.4GHz, 13dBi@5GHz<\/li>\r\n<li>Antenne directionnelle pour les applications ext\u00e9rieures point \u00e0 point<\/li>\r\n<li>Montage sur poteau pour une installation en ext\u00e9rieur<\/li>\r\n<li>Bo\u00eetier d'antenne en ABS prot\u00e9g\u00e9 contre les UV pour r\u00e9sister aux intemp\u00e9ries<\/li>\r\n<li>Dimensions : 305\u00d7305\u00d725mm<\/li>\r\n<li>Connecteur femelle 6\u00d7N<\/li>\r\n<li>IP55 r\u00e9sistant \u00e0 la pluie et \u00e0 la poussi\u00e8re<\/li>\r\n<\/ul>","faqs":""},"_links":{"self":[{"href":"https:\/\/www.tesswave.com\/fr\/wp-json\/wp\/v2\/product\/2287","targetHints":{"allow":["GET"]}}],"collection":[{"href":"https:\/\/www.tesswave.com\/fr\/wp-json\/wp\/v2\/product"}],"about":[{"href":"https:\/\/www.tesswave.com\/fr\/wp-json\/wp\/v2\/types\/product"}],"author":[{"embeddable":true,"href":"https:\/\/www.tesswave.com\/fr\/wp-json\/wp\/v2\/users\/1"}],"acf:attachment":[{"embeddable":true,"href":"https:\/\/www.tesswave.com\/fr\/wp-json\/wp\/v2\/media\/4820"}],"wp:featuredmedia":[{"embeddable":true,"href":"https:\/\/www.tesswave.com\/fr\/wp-json\/wp\/v2\/media\/4820"}],"wp:attachment":[{"href":"https:\/\/www.tesswave.com\/fr\/wp-json\/wp\/v2\/media?parent=2287"}],"wp:term":[{"taxonomy":"product_cat","embeddable":true,"href":"https:\/\/www.tesswave.com\/fr\/wp-json\/wp\/v2\/product_cat?post=2287"},{"taxonomy":"product_tag","embeddable":true,"href":"https:\/\/www.tesswave.com\/fr\/wp-json\/wp\/v2\/product_tag?post=2287"}],"curies":[{"name":"wp","href":"https:\/\/api.w.org\/{rel}","templated":true}]}}