{"id":2290,"date":"2022-05-25T11:36:58","date_gmt":"2022-05-25T03:36:58","guid":{"rendered":"https:\/\/www.tesswave.com\/?post_type=product&#038;p=2290"},"modified":"2025-06-19T19:35:25","modified_gmt":"2025-06-19T11:35:25","slug":"2-4-5-ghz-6x6-mimo-panel-antenna","status":"publish","type":"product","link":"https:\/\/www.tesswave.com\/fr\/product\/2-4-5-ghz-6x6-mimo-panel-antenna\/","title":{"rendered":"2.4\/5GHz 6dBi Antenne panneau ext\u00e9rieure bi-bande 6\u00d76 MIMO"},"content":{"rendered":"<figure class=\"wp-block-table is-style-regular\"><table class=\"has-fixed-layout\"><tbody><tr><td><strong>Sp\u00e9cifications \u00e9lectriques<\/strong><\/td><td>&nbsp;<\/td><\/tr><tr><td>Fr\u00e9quence-MHz<\/td><td>2400-2500\/4900-5850<\/td><\/tr><tr><td>Gain<\/td><td>6 dBi<\/td><\/tr><tr><td>TOS<\/td><td>&lt;1.7<\/td><\/tr><tr><td>Polarisation<\/td><td>3\u00d7horizontale et 3\u00d7verticale<\/td><\/tr><tr><td>Largeur du faisceau horizontal<\/td><td>70\u00b0<\/td><\/tr><tr><td>Largeur du faisceau vertical<\/td><td>70\u00b0<\/td><\/tr><tr><td>Rapport F\/B<\/td><td>\u226516dB<\/td><\/tr><tr><td>L'isolement<\/td><td>\u226520dB<\/td><\/tr><tr><td>Imp\u00e9dance<\/td><td>50 ohms<\/td><\/tr><tr><td>Puissance max. Puissance d'entr\u00e9e<\/td><td>100W<\/td><\/tr><tr><td>Protection contre la foudre<\/td><td>Terre DC<\/td><\/tr><tr><td><strong>Sp\u00e9cifications m\u00e9caniques<\/strong><\/td><td>&nbsp;<\/td><\/tr><tr><td>Connecteur<\/td><td>6\u00d7N Femelle<\/td><\/tr><tr><td>Dimension<\/td><td>210\u00d7180\u00d744mm<\/td><\/tr><tr><td>Poids<\/td><td>0,5 kg<\/td><\/tr><tr><td>Montage<\/td><td>M\u00e2t \u00d840-\u00d860 mm<\/td><\/tr><tr><td>Mat\u00e9riau du rad\u00f4me<\/td><td>ABS<\/td><\/tr><tr><td>Vitesse du vent<\/td><td>210 km\/h<\/td><\/tr><tr><td>Temp\u00e9rature de fonctionnement<\/td><td>-40\u2103 - +65\u2103<\/td><\/tr><\/tbody><\/table><\/figure>","protected":false},"author":1,"featured_media":4795,"menu_order":0,"template":"","meta":{"_acf_changed":true},"product_cat":[],"product_tag":[],"class_list":["post-2290","product","type-product","status-publish","has-post-thumbnail","hentry"],"acf":{"_sku":"TPC-2458-6CD","product-image":[4795],"_price":"25","pdsms":null,"excerpt":"<ul>\r\n<li>Fonctionne sur la bande bifr\u00e9quence 2400-2500\/4900-5850MHz<\/li>\r\n<li>Gain r\u00e9el 6dbi<\/li>\r\n<li>Antenne directionnelle pour les applications ext\u00e9rieures point \u00e0 point<\/li>\r\n<li>Montage sur poteau pour une installation en ext\u00e9rieur<\/li>\r\n<li>Bo\u00eetier d'antenne en ABS prot\u00e9g\u00e9 contre les UV pour r\u00e9sister aux intemp\u00e9ries<\/li>\r\n<li>Dimensions : 210\u00d7180\u00d744mm<\/li>\r\n<li>Connecteur femelle 6\u00d7N<\/li>\r\n<li>IP55 r\u00e9sistant \u00e0 la pluie et \u00e0 la poussi\u00e8re<\/li>\r\n<\/ul>","faqs":""},"_links":{"self":[{"href":"https:\/\/www.tesswave.com\/fr\/wp-json\/wp\/v2\/product\/2290","targetHints":{"allow":["GET"]}}],"collection":[{"href":"https:\/\/www.tesswave.com\/fr\/wp-json\/wp\/v2\/product"}],"about":[{"href":"https:\/\/www.tesswave.com\/fr\/wp-json\/wp\/v2\/types\/product"}],"author":[{"embeddable":true,"href":"https:\/\/www.tesswave.com\/fr\/wp-json\/wp\/v2\/users\/1"}],"acf:attachment":[{"embeddable":true,"href":"https:\/\/www.tesswave.com\/fr\/wp-json\/wp\/v2\/media\/4795"}],"wp:featuredmedia":[{"embeddable":true,"href":"https:\/\/www.tesswave.com\/fr\/wp-json\/wp\/v2\/media\/4795"}],"wp:attachment":[{"href":"https:\/\/www.tesswave.com\/fr\/wp-json\/wp\/v2\/media?parent=2290"}],"wp:term":[{"taxonomy":"product_cat","embeddable":true,"href":"https:\/\/www.tesswave.com\/fr\/wp-json\/wp\/v2\/product_cat?post=2290"},{"taxonomy":"product_tag","embeddable":true,"href":"https:\/\/www.tesswave.com\/fr\/wp-json\/wp\/v2\/product_tag?post=2290"}],"curies":[{"name":"wp","href":"https:\/\/api.w.org\/{rel}","templated":true}]}}