{"id":2300,"date":"2022-05-25T11:48:08","date_gmt":"2022-05-25T03:48:08","guid":{"rendered":"https:\/\/www.tesswave.com\/?post_type=product&#038;p=2300"},"modified":"2025-06-19T19:34:31","modified_gmt":"2025-06-19T11:34:31","slug":"2-4-5-ghz-8dbi-4-port-mimo-panel-antenna","status":"publish","type":"product","link":"https:\/\/www.tesswave.com\/fr\/product\/2-4-5-ghz-8dbi-4-port-mimo-panel-antenna\/","title":{"rendered":"Antenne panneau directionnelle ext\u00e9rieure double bande 2,4\/5 GHz 8 dBi 4 ports MIMO"},"content":{"rendered":"<figure class=\"wp-block-table\"><table><tbody><tr><td><strong>Sp\u00e9cifications \u00e9lectriques<\/strong><\/td><td colspan=\"2\"><\/td><\/tr><tr><td>Fr\u00e9quence-MHz<\/td><td>2400-2500<\/td><td>4900-5850<\/td><\/tr><tr><td>Gain-dBi<\/td><td>7.5<\/td><td>8<\/td><\/tr><tr><td>TOS<\/td><td colspan=\"2\">&lt;2<\/td><\/tr><tr><td>Polarisation<\/td><td colspan=\"2\">2\u00d7Horizontal et 2\u00d7Vertical<\/td><\/tr><tr><td>Largeur du faisceau horizontal<\/td><td>70\u00b0<\/td><td>65\u00b0<\/td><\/tr><tr><td>Largeur du faisceau vertical<\/td><td>65\u00b0<\/td><td>62\u00b0<\/td><\/tr><tr><td>Rapport F\/B<\/td><td colspan=\"2\">\u226515dB<\/td><\/tr><tr><td>L'isolement<\/td><td colspan=\"2\">\u226515dB<\/td><\/tr><tr><td>Imp\u00e9dance<\/td><td colspan=\"2\">50 ohms<\/td><\/tr><tr><td>Puissance max. Puissance d'entr\u00e9e<\/td><td colspan=\"2\">100W<\/td><\/tr><tr><td>Protection contre la foudre<\/td><td colspan=\"2\">Terre DC<\/td><\/tr><tr><td><strong>Sp\u00e9cifications m\u00e9caniques<\/strong><\/td><td colspan=\"2\">&nbsp;<\/td><\/tr><tr><td>Connecteur<\/td><td colspan=\"2\">4\u00d7RP-SMA m\u00e2le<\/td><\/tr><tr><td>Dimension<\/td><td colspan=\"2\">140\u00d7120\u00d740mm<\/td><\/tr><tr><td>Poids<\/td><td colspan=\"2\">0,3 kg<\/td><\/tr><tr><td>Montage<\/td><td colspan=\"2\">M\u00e2t \u00d840-\u00d860 mm<\/td><\/tr><tr><td>Mat\u00e9riau du rad\u00f4me<\/td><td colspan=\"2\">ABS<\/td><\/tr><tr><td>Vitesse du vent<\/td><td colspan=\"2\">210 km\/h<\/td><\/tr><tr><td>Temp\u00e9rature de fonctionnement<\/td><td colspan=\"2\">-40\u2103 - +65\u2103<\/td><\/tr><\/tbody><\/table><\/figure>","protected":false},"author":1,"featured_media":4797,"menu_order":0,"template":"","meta":{"_acf_changed":true},"product_cat":[128,335,327,241],"product_tag":[],"class_list":["post-2300","product","type-product","status-publish","has-post-thumbnail","hentry","product_cat-mimo-panel-antennas","product_cat-2-4-5-ghz-antennas","product_cat-dual-band-wifi-antennas","product_cat-flat-panel-wifi-antennas"],"acf":{"_sku":"TPC-2458-8BD","product-image":[4797],"_price":"19","pdsms":null,"excerpt":"<ul>\r\n<li>Fonctionne sur la bande bifr\u00e9quence 2400-2500\/5150-5850MHz<\/li>\r\n<li>V\u00e9ritable gain \u00e9lev\u00e9 de 8dBi<\/li>\r\n<li>Antenne directionnelle pour les applications ext\u00e9rieures point \u00e0 point<\/li>\r\n<li>Montage sur poteau pour une installation en ext\u00e9rieur<\/li>\r\n<li>Bo\u00eetier d'antenne en ABS prot\u00e9g\u00e9 contre les UV pour r\u00e9sister aux intemp\u00e9ries<\/li>\r\n<li>Dimensions : 140\u00d7120\u00d740mm<\/li>\r\n<li>4\u00d7N Connecteur femelle<\/li>\r\n<li>IP55 r\u00e9sistant \u00e0 la pluie et \u00e0 la poussi\u00e8re<\/li>\r\n<\/ul>","faqs":""},"_links":{"self":[{"href":"https:\/\/www.tesswave.com\/fr\/wp-json\/wp\/v2\/product\/2300","targetHints":{"allow":["GET"]}}],"collection":[{"href":"https:\/\/www.tesswave.com\/fr\/wp-json\/wp\/v2\/product"}],"about":[{"href":"https:\/\/www.tesswave.com\/fr\/wp-json\/wp\/v2\/types\/product"}],"author":[{"embeddable":true,"href":"https:\/\/www.tesswave.com\/fr\/wp-json\/wp\/v2\/users\/1"}],"acf:attachment":[{"embeddable":true,"href":"https:\/\/www.tesswave.com\/fr\/wp-json\/wp\/v2\/media\/4797"}],"wp:featuredmedia":[{"embeddable":true,"href":"https:\/\/www.tesswave.com\/fr\/wp-json\/wp\/v2\/media\/4797"}],"wp:attachment":[{"href":"https:\/\/www.tesswave.com\/fr\/wp-json\/wp\/v2\/media?parent=2300"}],"wp:term":[{"taxonomy":"product_cat","embeddable":true,"href":"https:\/\/www.tesswave.com\/fr\/wp-json\/wp\/v2\/product_cat?post=2300"},{"taxonomy":"product_tag","embeddable":true,"href":"https:\/\/www.tesswave.com\/fr\/wp-json\/wp\/v2\/product_tag?post=2300"}],"curies":[{"name":"wp","href":"https:\/\/api.w.org\/{rel}","templated":true}]}}