{"id":2303,"date":"2022-05-25T11:55:22","date_gmt":"2022-05-25T03:55:22","guid":{"rendered":"https:\/\/www.tesswave.com\/?post_type=product&#038;p=2303"},"modified":"2025-06-19T19:34:11","modified_gmt":"2025-06-19T11:34:11","slug":"2-4-5-ghz-16dbi-dual-band-mimo-panel-antenna","status":"publish","type":"product","link":"https:\/\/www.tesswave.com\/fr\/product\/2-4-5-ghz-16dbi-dual-band-mimo-panel-antenna\/","title":{"rendered":"Antenne panneau MIMO double polarisation double bande ext\u00e9rieure \u00e0 gain \u00e9lev\u00e9 2,4\/5 GHz 16 dBi"},"content":{"rendered":"<figure class=\"wp-block-table is-style-regular\"><table class=\"has-fixed-layout\"><tbody><tr><td><strong>Sp\u00e9cifications \u00e9lectriques<\/strong><\/td><td>&nbsp;<\/td><td>&nbsp;<\/td><\/tr><tr><td>Fr\u00e9quence-MHz<\/td><td>2400-2500<\/td><td>4900-5850<\/td><\/tr><tr><td>Gain-dBi<\/td><td>13<\/td><td>16<\/td><\/tr><tr><td>TOS<\/td><td>&lt;2<\/td><td>&nbsp;<\/td><\/tr><tr><td>Polarisation<\/td><td>Horizontal et vertical<\/td><td>&nbsp;<\/td><\/tr><tr><td>Largeur du faisceau horizontal<\/td><td>40\u00b0<\/td><td>20\u00b0<\/td><\/tr><tr><td>Largeur du faisceau vertical<\/td><td>40\u00b0<\/td><td>21\u00b0<\/td><\/tr><tr><td>Rapport F\/B<\/td><td>\u226525dB<\/td><td>&nbsp;<\/td><\/tr><tr><td>L'isolement<\/td><td>\u226528dB<\/td><td>&nbsp;<\/td><\/tr><tr><td>Imp\u00e9dance<\/td><td>50 ohms<\/td><td>&nbsp;<\/td><\/tr><tr><td>Puissance max. Puissance d'entr\u00e9e<\/td><td>100W<\/td><td>&nbsp;<\/td><\/tr><tr><td>Protection contre la foudre<\/td><td>Terre DC<\/td><td>&nbsp;<\/td><\/tr><tr><td><strong>Sp\u00e9cifications m\u00e9caniques<\/strong><\/td><td>&nbsp;<\/td><td>&nbsp;<\/td><\/tr><tr><td>Connecteur<\/td><td>2\u00d7N femelle<\/td><td>&nbsp;<\/td><\/tr><tr><td>Dimension<\/td><td>305\u00d7305\u00d725 mm<\/td><td>&nbsp;<\/td><\/tr><tr><td>Poids<\/td><td>1 kg<\/td><td>&nbsp;<\/td><\/tr><tr><td>Montage<\/td><td>M\u00e2t \u00d840-\u00d860 mm<\/td><td>&nbsp;<\/td><\/tr><tr><td>Mat\u00e9riau du rad\u00f4me<\/td><td>ABS<\/td><td>&nbsp;<\/td><\/tr><tr><td>Vitesse du vent<\/td><td>210 km\/h<\/td><td>&nbsp;<\/td><\/tr><tr><td>Temp\u00e9rature de fonctionnement<\/td><td>-40\u2103 - +65\u2103<\/td><td>&nbsp;<\/td><\/tr><\/tbody><\/table><\/figure>","protected":false},"author":1,"featured_media":5095,"menu_order":0,"template":"","meta":{"_acf_changed":true},"product_cat":[128,335,327,241],"product_tag":[],"class_list":["post-2303","product","type-product","status-publish","has-post-thumbnail","hentry","product_cat-mimo-panel-antennas","product_cat-2-4-5-ghz-antennas","product_cat-dual-band-wifi-antennas","product_cat-flat-panel-wifi-antennas"],"acf":{"_sku":"TPC-2458-16D","product-image":[5095],"_price":"29","pdsms":null,"excerpt":"<ul>\r\n<li>Fonctionne sur la bande bifr\u00e9quence 2400-2500\/5150-5850MHz<\/li>\r\n<li>V\u00e9ritable 13\/16dBi \u00e0 haut gain<\/li>\r\n<li>Antenne directionnelle pour les applications ext\u00e9rieures point \u00e0 point<\/li>\r\n<li>Montage sur poteau pour une installation en ext\u00e9rieur<\/li>\r\n<li>Bo\u00eetier d'antenne en ABS prot\u00e9g\u00e9 contre les UV pour r\u00e9sister aux intemp\u00e9ries<\/li>\r\n<li>Dimensions : 305\u00d7305\u00d725mm<\/li>\r\n<li>2*N Connecteur femelle<\/li>\r\n<li>IP55 r\u00e9sistant \u00e0 la pluie et \u00e0 la poussi\u00e8re<\/li>\r\n<\/ul>","faqs":""},"_links":{"self":[{"href":"https:\/\/www.tesswave.com\/fr\/wp-json\/wp\/v2\/product\/2303","targetHints":{"allow":["GET"]}}],"collection":[{"href":"https:\/\/www.tesswave.com\/fr\/wp-json\/wp\/v2\/product"}],"about":[{"href":"https:\/\/www.tesswave.com\/fr\/wp-json\/wp\/v2\/types\/product"}],"author":[{"embeddable":true,"href":"https:\/\/www.tesswave.com\/fr\/wp-json\/wp\/v2\/users\/1"}],"acf:attachment":[{"embeddable":true,"href":"https:\/\/www.tesswave.com\/fr\/wp-json\/wp\/v2\/media\/5095"}],"wp:featuredmedia":[{"embeddable":true,"href":"https:\/\/www.tesswave.com\/fr\/wp-json\/wp\/v2\/media\/5095"}],"wp:attachment":[{"href":"https:\/\/www.tesswave.com\/fr\/wp-json\/wp\/v2\/media?parent=2303"}],"wp:term":[{"taxonomy":"product_cat","embeddable":true,"href":"https:\/\/www.tesswave.com\/fr\/wp-json\/wp\/v2\/product_cat?post=2303"},{"taxonomy":"product_tag","embeddable":true,"href":"https:\/\/www.tesswave.com\/fr\/wp-json\/wp\/v2\/product_tag?post=2303"}],"curies":[{"name":"wp","href":"https:\/\/api.w.org\/{rel}","templated":true}]}}