{"id":2306,"date":"2022-05-25T11:58:12","date_gmt":"2022-05-25T03:58:12","guid":{"rendered":"https:\/\/www.tesswave.com\/?post_type=product&#038;p=2306"},"modified":"2025-06-19T19:33:42","modified_gmt":"2025-06-19T11:33:42","slug":"2-4-5-ghz-20dbi-dual-band-panel-wifi-antenna","status":"publish","type":"product","link":"https:\/\/www.tesswave.com\/fr\/product\/2-4-5-ghz-20dbi-dual-band-panel-wifi-antenna\/","title":{"rendered":"Antenne Wi-Fi double bande directionnelle ext\u00e9rieure \u00e0 gain \u00e9lev\u00e9 2,4\/5 GHz 20dBi"},"content":{"rendered":"<figure class=\"wp-block-table is-style-regular\"><table class=\"has-fixed-layout\"><tbody><tr><td><strong>Sp\u00e9cifications \u00e9lectriques<\/strong><\/td><td><\/td><\/tr><tr><td>Fr\u00e9quence-MHz<\/td><td>2400-2500\/5150-5850<\/td><\/tr><tr><td>Gain-dBi<\/td><td>16\/20<\/td><\/tr><tr><td>TOS<\/td><td>&lt;2<\/td><\/tr><tr><td>Polarisation<\/td><td>Vertical<\/td><\/tr><tr><td>Largeur du faisceau horizontal<\/td><td>22\u00b0\/11\u00b0<\/td><\/tr><tr><td>Largeur du faisceau vertical<\/td><td>22\u00b0\/11\u00b0<\/td><\/tr><tr><td>Rapport F\/B-dB<\/td><td>\u226520<\/td><\/tr><tr><td>Imp\u00e9dance-ohms<\/td><td>50 <\/td><\/tr><tr><td>Puissance max. Puissance d'entr\u00e9e-W<\/td><td>100<\/td><\/tr><tr><td>Protection contre la foudre<\/td><td>Terre DC<\/td><\/tr><tr><td><strong>Sp\u00e9cifications m\u00e9caniques<\/strong><\/td><td>&nbsp;<\/td><\/tr><tr><td>Connecteur<\/td><td>N Femme<\/td><\/tr><tr><td>Dimension-mm<\/td><td>305\u00d7305\u00d725<\/td><\/tr><tr><td>Poids-kg<\/td><td>1.2<\/td><\/tr><tr><td>Montage-mm<\/td><td>M\u00e2t \u00d840-\u00d860 <\/td><\/tr><tr><td>Mat\u00e9riau du rad\u00f4me<\/td><td>ABS<\/td><\/tr><tr><td>Vitesse du vent<\/td><td>210 km\/h<\/td><\/tr><tr><td>Temp\u00e9rature de fonctionnement<\/td><td>-40\u2103 - +65\u2103<\/td><\/tr><\/tbody><\/table><\/figure>","protected":false},"author":1,"featured_media":5092,"menu_order":0,"template":"","meta":{"_acf_changed":true},"product_cat":[241,335,327],"product_tag":[],"class_list":["post-2306","product","type-product","status-publish","has-post-thumbnail","hentry","product_cat-flat-panel-wifi-antennas","product_cat-2-4-5-ghz-antennas","product_cat-dual-band-wifi-antennas"],"acf":{"_sku":"TPC-2458-20E","product-image":[5092],"_price":"35","pdsms":null,"excerpt":"<ul>\r\n<li>Fonctionne sur la bande bifr\u00e9quence 2400-2500\/5150-5850MHz<\/li>\r\n<li>Antenne directionnelle pour les applications ext\u00e9rieures point \u00e0 point<\/li>\r\n<li>Montage sur poteau pour une installation en ext\u00e9rieur<\/li>\r\n<li>Bo\u00eetier d'antenne en ABS prot\u00e9g\u00e9 contre les UV pour r\u00e9sister aux intemp\u00e9ries<\/li>\r\n<li>IP55 r\u00e9sistant \u00e0 la pluie et \u00e0 la poussi\u00e8re<\/li>\r\n<\/ul>","faqs":""},"_links":{"self":[{"href":"https:\/\/www.tesswave.com\/fr\/wp-json\/wp\/v2\/product\/2306","targetHints":{"allow":["GET"]}}],"collection":[{"href":"https:\/\/www.tesswave.com\/fr\/wp-json\/wp\/v2\/product"}],"about":[{"href":"https:\/\/www.tesswave.com\/fr\/wp-json\/wp\/v2\/types\/product"}],"author":[{"embeddable":true,"href":"https:\/\/www.tesswave.com\/fr\/wp-json\/wp\/v2\/users\/1"}],"acf:attachment":[{"embeddable":true,"href":"https:\/\/www.tesswave.com\/fr\/wp-json\/wp\/v2\/media\/5092"}],"wp:featuredmedia":[{"embeddable":true,"href":"https:\/\/www.tesswave.com\/fr\/wp-json\/wp\/v2\/media\/5092"}],"wp:attachment":[{"href":"https:\/\/www.tesswave.com\/fr\/wp-json\/wp\/v2\/media?parent=2306"}],"wp:term":[{"taxonomy":"product_cat","embeddable":true,"href":"https:\/\/www.tesswave.com\/fr\/wp-json\/wp\/v2\/product_cat?post=2306"},{"taxonomy":"product_tag","embeddable":true,"href":"https:\/\/www.tesswave.com\/fr\/wp-json\/wp\/v2\/product_tag?post=2306"}],"curies":[{"name":"wp","href":"https:\/\/api.w.org\/{rel}","templated":true}]}}