{"id":2309,"date":"2022-05-25T15:44:28","date_gmt":"2022-05-25T07:44:28","guid":{"rendered":"https:\/\/www.tesswave.com\/?post_type=product&#038;p=2309"},"modified":"2025-06-19T19:30:42","modified_gmt":"2025-06-19T11:30:42","slug":"2-4-5-ghz-dual-band-omnidirectional-wifi-antenna","status":"publish","type":"product","link":"https:\/\/www.tesswave.com\/fr\/product\/2-4-5-ghz-dual-band-omnidirectional-wifi-antenna\/","title":{"rendered":"Antenne WiFi omnidirectionnelle 2.4\/5GHz Dual Band"},"content":{"rendered":"<figure class=\"wp-block-table is-style-regular\"><table class=\"has-fixed-layout\"><tbody><tr><td><strong>Sp\u00e9cifications \u00e9lectriques<\/strong><\/td><td>&nbsp;<\/td><\/tr><tr><td>Fr\u00e9quence-MHz<\/td><td>2400-2500\/5150-5850<\/td><\/tr><tr><td>Gain-dBi<\/td><td>5.5\/7.5<\/td><\/tr><tr><td>TOS<\/td><td>&lt;1.5 \/ &lt;2<\/td><\/tr><tr><td>Polarisation<\/td><td>Vertical<\/td><\/tr><tr><td>Largeur du faisceau horizontal<\/td><td>360\u00b0<\/td><\/tr><tr><td>Largeur du faisceau vertical<\/td><td>28\u00b0\/22\u00b0<\/td><\/tr><tr><td>Imp\u00e9dance-ohms<\/td><td>50 <\/td><\/tr><tr><td>Puissance max. Puissance d'entr\u00e9e-W<\/td><td>100<\/td><\/tr><tr><td>Protection contre la foudre<\/td><td>Terre DC<\/td><\/tr><tr><td><strong>Sp\u00e9cifications m\u00e9caniques<\/strong><\/td><td>&nbsp;<\/td><\/tr><tr><td>Connecteur<\/td><td>N Femme<\/td><\/tr><tr><td>Dimension-mm<\/td><td>\u00d820\u00d7283<\/td><\/tr><tr><td>Poids-kg<\/td><td>0.2<\/td><\/tr><tr><td>Montage<\/td><td>A visser<\/td><\/tr><tr><td>Mat\u00e9riau du rad\u00f4me<\/td><td>ABS anti-UV (blanc)<\/td><\/tr><tr><td>Vitesse du vent<\/td><td>210 km\/h<\/td><\/tr><tr><td>Temp\u00e9rature de fonctionnement<\/td><td>-40\u2103 - +65\u2103<\/td><\/tr><\/tbody><\/table><\/figure>","protected":false},"author":1,"featured_media":5141,"menu_order":0,"template":"","meta":{"_acf_changed":true},"product_cat":[242,335,327],"product_tag":[],"class_list":["post-2309","product","type-product","status-publish","has-post-thumbnail","hentry","product_cat-omnidirectional-wifi-antennas","product_cat-2-4-5-ghz-antennas","product_cat-dual-band-wifi-antennas"],"acf":{"_sku":"TOF-2458-8V","product-image":[5141],"_price":"9.9","pdsms":null,"excerpt":"<ul>\r\n<li>Fonctionne \u00e0 2400-2500\/5150-5850MHz bi-bande<\/li>\r\n<li>Antenne omnidirectionnelle, id\u00e9ale pour couvrir le signal en ext\u00e9rieur<\/li>\r\n<li>Installation directe sur le routeur ou autres options<\/li>\r\n<li>Bo\u00eetier d'antenne en ABS avec protection UV pour r\u00e9sister aux intemp\u00e9ries<\/li>\r\n<li>IP66 r\u00e9sistant \u00e0 la pluie et \u00e0 la poussi\u00e8re<\/li>\r\n<\/ul>","faqs":""},"_links":{"self":[{"href":"https:\/\/www.tesswave.com\/fr\/wp-json\/wp\/v2\/product\/2309","targetHints":{"allow":["GET"]}}],"collection":[{"href":"https:\/\/www.tesswave.com\/fr\/wp-json\/wp\/v2\/product"}],"about":[{"href":"https:\/\/www.tesswave.com\/fr\/wp-json\/wp\/v2\/types\/product"}],"author":[{"embeddable":true,"href":"https:\/\/www.tesswave.com\/fr\/wp-json\/wp\/v2\/users\/1"}],"acf:attachment":[{"embeddable":true,"href":"https:\/\/www.tesswave.com\/fr\/wp-json\/wp\/v2\/media\/5141"}],"wp:featuredmedia":[{"embeddable":true,"href":"https:\/\/www.tesswave.com\/fr\/wp-json\/wp\/v2\/media\/5141"}],"wp:attachment":[{"href":"https:\/\/www.tesswave.com\/fr\/wp-json\/wp\/v2\/media?parent=2309"}],"wp:term":[{"taxonomy":"product_cat","embeddable":true,"href":"https:\/\/www.tesswave.com\/fr\/wp-json\/wp\/v2\/product_cat?post=2309"},{"taxonomy":"product_tag","embeddable":true,"href":"https:\/\/www.tesswave.com\/fr\/wp-json\/wp\/v2\/product_tag?post=2309"}],"curies":[{"name":"wp","href":"https:\/\/api.w.org\/{rel}","templated":true}]}}