{"id":2312,"date":"2022-05-25T15:47:58","date_gmt":"2022-05-25T07:47:58","guid":{"rendered":"https:\/\/www.tesswave.com\/?post_type=product&#038;p=2312"},"modified":"2025-06-19T19:30:23","modified_gmt":"2025-06-19T11:30:23","slug":"2-4-5-ghz-3-port-mimo-omni-antenna","status":"publish","type":"product","link":"https:\/\/www.tesswave.com\/fr\/product\/2-4-5-ghz-3-port-mimo-omni-antenna\/","title":{"rendered":"Antenne Wi-Fi omnidirectionnelle ext\u00e9rieure MIMO double bande 2,4\/5 GHz \u00e0 3 ports"},"content":{"rendered":"<figure class=\"wp-block-table is-style-regular\"><table class=\"has-fixed-layout\"><tbody><tr><td><strong>Sp\u00e9cifications \u00e9lectriques<\/strong><\/td><td>&nbsp;<\/td><td>&nbsp;<\/td><\/tr><tr><td>Fr\u00e9quence-MHz<\/td><td>2400-2500<\/td><td>5150-5850<\/td><\/tr><tr><td>Gain-dBi<\/td><td>5.5<\/td><td>7.5<\/td><\/tr><tr><td>TOS<\/td><td>&lt;1.5<\/td><td>&lt;2<\/td><\/tr><tr><td>Polarisation<\/td><td>3\u00d7Vertical<\/td><td>&nbsp;<\/td><\/tr><tr><td>Largeur du faisceau horizontal<\/td><td>360\u00b0<\/td><td>&nbsp;<\/td><\/tr><tr><td>Largeur du faisceau vertical<\/td><td>28\u00b0<\/td><td>22\u00b0<\/td><\/tr><tr><td>Imp\u00e9dance<\/td><td>50 ohms<\/td><td>&nbsp;<\/td><\/tr><tr><td>Puissance max. Puissance d'entr\u00e9e<\/td><td>100W<\/td><td>&nbsp;<\/td><\/tr><tr><td>Protection contre la foudre<\/td><td>Terre DC<\/td><td>&nbsp;<\/td><\/tr><tr><td><strong>Sp\u00e9cifications m\u00e9caniques<\/strong><\/td><td>&nbsp;<\/td><td>&nbsp;<\/td><\/tr><tr><td>Connecteur<\/td><td>3<a>\u00d7<\/a>SMA m\u00e2le<\/td><td>&nbsp;<\/td><\/tr><tr><td>Dimension<\/td><td>\u00d8132\u00d7280mm<\/td><td>&nbsp;<\/td><\/tr><tr><td>Poids<\/td><td>0,5 kg<\/td><td>&nbsp;<\/td><\/tr><tr><td>Montage<\/td><td>M\u00e2t \u00d840-\u00d860 mm<\/td><td>&nbsp;<\/td><\/tr><tr><td>Mat\u00e9riau du rad\u00f4me<\/td><td>R\u00e9sistance aux UV PVC<\/td><td>&nbsp;<\/td><\/tr><tr><td>Vitesse du vent<\/td><td>210 km\/h<\/td><td>&nbsp;<\/td><\/tr><tr><td>Temp\u00e9rature de fonctionnement<\/td><td>-40\u2103 - +65\u2103<\/td><td>&nbsp;<\/td><\/tr><\/tbody><\/table><\/figure>","protected":false},"author":1,"featured_media":4788,"menu_order":0,"template":"","meta":{"_acf_changed":true},"product_cat":[242,335,327,247],"product_tag":[],"class_list":["post-2312","product","type-product","status-publish","has-post-thumbnail","hentry","product_cat-omnidirectional-wifi-antennas","product_cat-2-4-5-ghz-antennas","product_cat-dual-band-wifi-antennas","product_cat-mimo-omni-antennas"],"acf":{"_sku":"TOF-2458-8CV","product-image":[4788],"_price":"35","pdsms":null,"excerpt":"<ul>\r\n<li>Fonctionne sur la bande de fr\u00e9quence 2400-2500\/5150-5850MHz sur chaque port<\/li>\r\n<li>Gain r\u00e9el : 5.5dBi@2.4GHz et 7,5dBi@5GHz<\/li>\r\n<li>Trois antennes verticales ind\u00e9pendantes dans un seul bo\u00eetier<\/li>\r\n<li>Installation sur poteau \u00e0 l'ext\u00e9rieur<\/li>\r\n<li>Bo\u00eetier d'antenne robuste en ABS prot\u00e9g\u00e9 contre les UV<\/li>\r\n<li>Dimensions : \u03a6132\u00d7280 mm<\/li>\r\n<li>Connecteur m\u00e2le 3\u00d7SMA avec c\u00e2ble 30cm<\/li>\r\n<\/ul>","faqs":""},"_links":{"self":[{"href":"https:\/\/www.tesswave.com\/fr\/wp-json\/wp\/v2\/product\/2312","targetHints":{"allow":["GET"]}}],"collection":[{"href":"https:\/\/www.tesswave.com\/fr\/wp-json\/wp\/v2\/product"}],"about":[{"href":"https:\/\/www.tesswave.com\/fr\/wp-json\/wp\/v2\/types\/product"}],"author":[{"embeddable":true,"href":"https:\/\/www.tesswave.com\/fr\/wp-json\/wp\/v2\/users\/1"}],"acf:attachment":[{"embeddable":true,"href":"https:\/\/www.tesswave.com\/fr\/wp-json\/wp\/v2\/media\/4788"}],"wp:featuredmedia":[{"embeddable":true,"href":"https:\/\/www.tesswave.com\/fr\/wp-json\/wp\/v2\/media\/4788"}],"wp:attachment":[{"href":"https:\/\/www.tesswave.com\/fr\/wp-json\/wp\/v2\/media?parent=2312"}],"wp:term":[{"taxonomy":"product_cat","embeddable":true,"href":"https:\/\/www.tesswave.com\/fr\/wp-json\/wp\/v2\/product_cat?post=2312"},{"taxonomy":"product_tag","embeddable":true,"href":"https:\/\/www.tesswave.com\/fr\/wp-json\/wp\/v2\/product_tag?post=2312"}],"curies":[{"name":"wp","href":"https:\/\/api.w.org\/{rel}","templated":true}]}}