{"id":2316,"date":"2022-05-25T15:49:31","date_gmt":"2022-05-25T07:49:31","guid":{"rendered":"https:\/\/www.tesswave.com\/?post_type=product&#038;p=2316"},"modified":"2025-06-19T19:30:03","modified_gmt":"2025-06-19T11:30:03","slug":"2-4-5-ghz-6-port-mimo-omni-antenna","status":"publish","type":"product","link":"https:\/\/www.tesswave.com\/fr\/product\/2-4-5-ghz-6-port-mimo-omni-antenna\/","title":{"rendered":"Antenne Wi-Fi omnidirectionnelle MIMO double bande 2,4\/5 GHz \u00e0 6 ports"},"content":{"rendered":"<figure class=\"wp-block-table is-style-regular\"><table class=\"has-fixed-layout\"><tbody><tr><td><strong>Sp\u00e9cifications \u00e9lectriques<\/strong><\/td><td><\/td><\/tr><tr><td>Fr\u00e9quence-MHz<\/td><td>2400-2500\/5150-5850<\/td><\/tr><tr><td>Gain-dBi<\/td><td>5.5\/7.5<\/td><\/tr><tr><td>TOS<\/td><td>&lt;1.5\/&lt;2<\/td><\/tr><tr><td>Polarisation<\/td><td>&nbsp;6\u00d7Vertical<\/td><\/tr><tr><td>Largeur du faisceau horizontal<\/td><td>&nbsp;360\u00b0<\/td><\/tr><tr><td>Largeur du faisceau vertical<\/td><td>28\u00b0\/22\u00b0<\/td><\/tr><tr><td>Imp\u00e9dance-ohms<\/td><td>&nbsp;50<\/td><\/tr><tr><td>Puissance max. Puissance d'entr\u00e9e-W<\/td><td>&nbsp;100<\/td><\/tr><tr><td>Protection contre la foudre<\/td><td>&nbsp;Terre DC<\/td><\/tr><tr><td><strong>Sp\u00e9cifications m\u00e9caniques<\/strong><\/td><td>&nbsp;<\/td><\/tr><tr><td>Connecteur<\/td><td>6\u00d7SMA m\u00e2le<\/td><\/tr><tr><td>Dimension-mm<\/td><td>&nbsp;\u00d8132\u00d7280<\/td><\/tr><tr><td>Poids-kg<\/td><td>&nbsp;0.7<\/td><\/tr><tr><td>Montage-mm<\/td><td>&nbsp;M\u00e2t \u00d840-\u00d860 <\/td><\/tr><tr><td>Mat\u00e9riau du rad\u00f4me<\/td><td>&nbsp;R\u00e9sistance aux UV PVC<\/td><\/tr><tr><td>Vitesse du vent<\/td><td>&nbsp;210 km\/h<\/td><\/tr><tr><td>Temp\u00e9rature de fonctionnement<\/td><td>&nbsp;-40\u2103 - +65\u2103<\/td><\/tr><\/tbody><\/table><\/figure>","protected":false},"author":1,"featured_media":4789,"menu_order":0,"template":"","meta":{"_acf_changed":true},"product_cat":[247,335,327,242],"product_tag":[],"class_list":["post-2316","product","type-product","status-publish","has-post-thumbnail","hentry","product_cat-mimo-omni-antennas","product_cat-2-4-5-ghz-antennas","product_cat-dual-band-wifi-antennas","product_cat-omnidirectional-wifi-antennas"],"acf":{"_sku":"TOF-2458-8FV","product-image":[4789],"_price":"39","pdsms":null,"excerpt":"<ul>\r\n<li>Fonctionne sur la bande de fr\u00e9quence 2400-2500\/5150-5850MHz sur chaque port<\/li>\r\n<li>Six antennes verticales ind\u00e9pendantes dans un seul bo\u00eetier<\/li>\r\n<li>Installation sur poteau \u00e0 l'ext\u00e9rieur<\/li>\r\n<li>Bo\u00eetier d'antenne robuste en ABS prot\u00e9g\u00e9 contre les UV<\/li>\r\n<li>Connecteur m\u00e2le SMA ou autres options<\/li>\r\n<\/ul>","faqs":""},"_links":{"self":[{"href":"https:\/\/www.tesswave.com\/fr\/wp-json\/wp\/v2\/product\/2316","targetHints":{"allow":["GET"]}}],"collection":[{"href":"https:\/\/www.tesswave.com\/fr\/wp-json\/wp\/v2\/product"}],"about":[{"href":"https:\/\/www.tesswave.com\/fr\/wp-json\/wp\/v2\/types\/product"}],"author":[{"embeddable":true,"href":"https:\/\/www.tesswave.com\/fr\/wp-json\/wp\/v2\/users\/1"}],"acf:attachment":[{"embeddable":true,"href":"https:\/\/www.tesswave.com\/fr\/wp-json\/wp\/v2\/media\/4789"}],"wp:featuredmedia":[{"embeddable":true,"href":"https:\/\/www.tesswave.com\/fr\/wp-json\/wp\/v2\/media\/4789"}],"wp:attachment":[{"href":"https:\/\/www.tesswave.com\/fr\/wp-json\/wp\/v2\/media?parent=2316"}],"wp:term":[{"taxonomy":"product_cat","embeddable":true,"href":"https:\/\/www.tesswave.com\/fr\/wp-json\/wp\/v2\/product_cat?post=2316"},{"taxonomy":"product_tag","embeddable":true,"href":"https:\/\/www.tesswave.com\/fr\/wp-json\/wp\/v2\/product_tag?post=2316"}],"curies":[{"name":"wp","href":"https:\/\/api.w.org\/{rel}","templated":true}]}}