{"id":2326,"date":"2022-05-27T15:31:41","date_gmt":"2022-05-27T07:31:41","guid":{"rendered":"https:\/\/www.tesswave.com\/?post_type=product&#038;p=2326"},"modified":"2025-06-19T19:29:14","modified_gmt":"2025-06-19T11:29:14","slug":"3ghz-17dbi-90-degree-mimo-sector-antenna","status":"publish","type":"product","link":"https:\/\/www.tesswave.com\/fr\/product\/3ghz-17dbi-90-degree-mimo-sector-antenna\/","title":{"rendered":"Antenne Secteur MIMO 2\u00d72 3,3-3,8 GHz 17 dBi 90 Degr\u00e9s"},"content":{"rendered":"<figure class=\"wp-block-table is-style-regular\"><table class=\"has-fixed-layout\"><tbody><tr><td><strong>Sp\u00e9cifications \u00e9lectriques<\/strong><\/td><td>&nbsp;<\/td><\/tr><tr><td>Fr\u00e9quence<\/td><td>3300-3800 MHz<\/td><\/tr><tr><td>Gain<\/td><td>17 dBi<\/td><\/tr><tr><td>TOS<\/td><td>&lt;1.8<\/td><\/tr><tr><td>Polarisation<\/td><td>\u00b145\u00b0<\/td><\/tr><tr><td>Largeur du faisceau horizontal<\/td><td>90\u00b0<\/td><\/tr><tr><td>Largeur du faisceau vertical<\/td><td>6\u00b0<\/td><\/tr><tr><td>Rapport F\/B<\/td><td>\u226520dB<\/td><\/tr><tr><td>L'isolement<\/td><td>\u226530dB<\/td><\/tr><tr><td>Imp\u00e9dance<\/td><td>50 ohms<\/td><\/tr><tr><td>Puissance max. Puissance d'entr\u00e9e<\/td><td>100W<\/td><\/tr><tr><td>Protection contre la foudre<\/td><td>Terre DC<\/td><\/tr><tr><td><strong>Sp\u00e9cifications m\u00e9caniques<\/strong><\/td><td>&nbsp;<\/td><\/tr><tr><td>Connecteur<\/td><td>2\u00d7N femelle<\/td><\/tr><tr><td>Dimension<\/td><td>800\u00d7128\u00d756mm<\/td><\/tr><tr><td>Poids<\/td><td>2,5 kg<\/td><\/tr><tr><td>Montage<\/td><td>M\u00e2t \u00d840-\u00d860 mm<\/td><\/tr><tr><td>Mat\u00e9riau du rad\u00f4me<\/td><td>R\u00e9sistance aux UV PVC<\/td><\/tr><tr><td>Vitesse du vent<\/td><td>210 km\/h<\/td><\/tr><tr><td>Temp\u00e9rature de fonctionnement<\/td><td>-40\u2103 - +65\u2103<\/td><\/tr><\/tbody><\/table><\/figure>","protected":false},"author":1,"featured_media":5049,"menu_order":0,"template":"","meta":{"_acf_changed":true},"product_cat":[131,333,261],"product_tag":[],"class_list":["post-2326","product","type-product","status-publish","has-post-thumbnail","hentry","product_cat-mimo-sector-antennas","product_cat-3-ghz-antennas","product_cat-sector-wimax-antennas"],"acf":{"_sku":"TSC-3338-17X90","product-image":[5049],"_price":"46","pdsms":null,"excerpt":"<ul>\r\n<li>Fonctionne dans la bande de fr\u00e9quences 3300-3800MHz<\/li>\r\n<li>Gain r\u00e9el de 16dBi pour chaque radiateur<\/li>\r\n<li>Largeur de faisceau horizontale de 90 degr\u00e9s 3dB<\/li>\r\n<li>Double polarisation \u00b145<\/li>\r\n<li>Supports de montage robustes<\/li>\r\n<li>Bo\u00eetier d'antenne robuste en PVC prot\u00e9g\u00e9 contre les UV<\/li>\r\n<li>Dimensions : 800\u00d7128\u00d756mm<\/li>\r\n<li>2\u00d7N Connecteur femelle<\/li>\r\n<\/ul>","faqs":""},"_links":{"self":[{"href":"https:\/\/www.tesswave.com\/fr\/wp-json\/wp\/v2\/product\/2326","targetHints":{"allow":["GET"]}}],"collection":[{"href":"https:\/\/www.tesswave.com\/fr\/wp-json\/wp\/v2\/product"}],"about":[{"href":"https:\/\/www.tesswave.com\/fr\/wp-json\/wp\/v2\/types\/product"}],"author":[{"embeddable":true,"href":"https:\/\/www.tesswave.com\/fr\/wp-json\/wp\/v2\/users\/1"}],"acf:attachment":[{"embeddable":true,"href":"https:\/\/www.tesswave.com\/fr\/wp-json\/wp\/v2\/media\/5049"}],"wp:featuredmedia":[{"embeddable":true,"href":"https:\/\/www.tesswave.com\/fr\/wp-json\/wp\/v2\/media\/5049"}],"wp:attachment":[{"href":"https:\/\/www.tesswave.com\/fr\/wp-json\/wp\/v2\/media?parent=2326"}],"wp:term":[{"taxonomy":"product_cat","embeddable":true,"href":"https:\/\/www.tesswave.com\/fr\/wp-json\/wp\/v2\/product_cat?post=2326"},{"taxonomy":"product_tag","embeddable":true,"href":"https:\/\/www.tesswave.com\/fr\/wp-json\/wp\/v2\/product_tag?post=2326"}],"curies":[{"name":"wp","href":"https:\/\/api.w.org\/{rel}","templated":true}]}}