{"id":2335,"date":"2022-05-27T15:39:05","date_gmt":"2022-05-27T07:39:05","guid":{"rendered":"https:\/\/www.tesswave.com\/?post_type=product&#038;p=2335"},"modified":"2025-06-19T19:28:06","modified_gmt":"2025-06-19T11:28:06","slug":"800-900-mhz-14dbi-mimo-sector-antenna","status":"publish","type":"product","link":"https:\/\/www.tesswave.com\/fr\/product\/800-900-mhz-14dbi-mimo-sector-antenna\/","title":{"rendered":"Antenne secteur MIMO 2\u00d72 pour station de base 824-960 MHz 14 dBi \u00e0 90 degr\u00e9s"},"content":{"rendered":"<figure class=\"wp-block-table is-style-regular\"><table class=\"has-fixed-layout\"><tbody><tr><td><strong>Sp\u00e9cifications \u00e9lectriques<\/strong><\/td><td>&nbsp;<\/td><\/tr><tr><td>Fr\u00e9quence<\/td><td>824-960 MHz<\/td><\/tr><tr><td>Gain<\/td><td>14 dBi<\/td><\/tr><tr><td>TOS<\/td><td>&lt;1.5<\/td><\/tr><tr><td>Polarisation<\/td><td>\u00b145\u00b0<\/td><\/tr><tr><td>Largeur du faisceau horizontal<\/td><td>90\u00b0<\/td><\/tr><tr><td>Largeur du faisceau vertical<\/td><td>16\u00b0<\/td><\/tr><tr><td>Rapport F\/B<\/td><td>\u226523dB<\/td><\/tr><tr><td>L'isolement<\/td><td>\u226528dB<\/td><\/tr><tr><td>Imp\u00e9dance<\/td><td>50 ohms<\/td><\/tr><tr><td>Puissance max. Puissance d'entr\u00e9e<\/td><td>100W<\/td><\/tr><tr><td>Protection contre la foudre<\/td><td>Terre DC<\/td><\/tr><tr><td><strong>Sp\u00e9cifications m\u00e9caniques<\/strong><\/td><td>&nbsp;<\/td><\/tr><tr><td>Connecteur<\/td><td>2\u00d7N femelle<\/td><\/tr><tr><td>Dimension<\/td><td>1200\u00d7290\u00d7130mm<\/td><\/tr><tr><td>Poids<\/td><td>3kg<\/td><\/tr><tr><td>Montage<\/td><td>M\u00e2t \u00d840-\u00d860 mm<\/td><\/tr><tr><td>Mat\u00e9riau du rad\u00f4me<\/td><td>R\u00e9sistance aux UV PVC<\/td><\/tr><tr><td>Vitesse du vent<\/td><td>210 km\/h<\/td><\/tr><tr><td>Temp\u00e9rature de fonctionnement<\/td><td>-40\u2103 - +65\u2103<\/td><\/tr><\/tbody><\/table><\/figure>","protected":false},"author":1,"featured_media":5042,"menu_order":0,"template":"","meta":{"_acf_changed":true},"product_cat":[131,251],"product_tag":[],"class_list":["post-2335","product","type-product","status-publish","has-post-thumbnail","hentry","product_cat-mimo-sector-antennas","product_cat-2g-3g-sector-antennas"],"acf":{"_sku":"TSC-82960-14X90","product-image":[5042],"_price":"69","pdsms":null,"excerpt":"<ul>\r\n<li>Fonctionne sur la bande de fr\u00e9quence 824-960MHz<\/li>\r\n<li>Convient aux applications cellulaires, LoRa, RFID, ISM, h\u00e9lium, etc.<\/li>\r\n<li>Gain r\u00e9el de 14dBi pour chaque radiateur<\/li>\r\n<li>Largeur de faisceau horizontale de 90 degr\u00e9s 3dB<\/li>\r\n<li>Double polarisation \u00b145<\/li>\r\n<li>Supports de montage robustes<\/li>\r\n<li>Bo\u00eetier d'antenne robuste en PVC prot\u00e9g\u00e9 contre les UV<\/li>\r\n<li>Dimensions : 1200\u00d7290\u00d7130mm<\/li>\r\n<li>2\u00d7N Connecteur femelle<\/li>\r\n<\/ul>","faqs":""},"_links":{"self":[{"href":"https:\/\/www.tesswave.com\/fr\/wp-json\/wp\/v2\/product\/2335","targetHints":{"allow":["GET"]}}],"collection":[{"href":"https:\/\/www.tesswave.com\/fr\/wp-json\/wp\/v2\/product"}],"about":[{"href":"https:\/\/www.tesswave.com\/fr\/wp-json\/wp\/v2\/types\/product"}],"author":[{"embeddable":true,"href":"https:\/\/www.tesswave.com\/fr\/wp-json\/wp\/v2\/users\/1"}],"acf:attachment":[{"embeddable":true,"href":"https:\/\/www.tesswave.com\/fr\/wp-json\/wp\/v2\/media\/5042"}],"wp:featuredmedia":[{"embeddable":true,"href":"https:\/\/www.tesswave.com\/fr\/wp-json\/wp\/v2\/media\/5042"}],"wp:attachment":[{"href":"https:\/\/www.tesswave.com\/fr\/wp-json\/wp\/v2\/media?parent=2335"}],"wp:term":[{"taxonomy":"product_cat","embeddable":true,"href":"https:\/\/www.tesswave.com\/fr\/wp-json\/wp\/v2\/product_cat?post=2335"},{"taxonomy":"product_tag","embeddable":true,"href":"https:\/\/www.tesswave.com\/fr\/wp-json\/wp\/v2\/product_tag?post=2335"}],"curies":[{"name":"wp","href":"https:\/\/api.w.org\/{rel}","templated":true}]}}