{"id":2345,"date":"2022-05-27T16:02:36","date_gmt":"2022-05-27T08:02:36","guid":{"rendered":"https:\/\/www.tesswave.com\/?post_type=product&#038;p=2345"},"modified":"2025-06-19T19:19:52","modified_gmt":"2025-06-19T11:19:52","slug":"698-2700-mhz-4g-lte-sector-antenna","status":"publish","type":"product","link":"https:\/\/www.tesswave.com\/fr\/product\/698-2700-mhz-4g-lte-sector-antenna\/","title":{"rendered":"698-2700MHz 17dBi Antenne sectorielle directionnelle 2G\/3G\/4G LTE"},"content":{"rendered":"<figure class=\"wp-block-table is-style-regular\"><table class=\"has-fixed-layout\"><tbody><tr><td><strong>Sp\u00e9cifications \u00e9lectriques<\/strong><\/td><td>&nbsp;<\/td><td>&nbsp;<\/td><\/tr><tr><td>Fr\u00e9quence-MHz<\/td><td>698-960<\/td><td>1710-2700<\/td><\/tr><tr><td>Gain-dBi<\/td><td>12<\/td><td>17<\/td><\/tr><tr><td>TOS<\/td><td>&lt;2<\/td><td>&nbsp;<\/td><\/tr><tr><td>Polarisation<\/td><td>Vertical<\/td><td>&nbsp;<\/td><\/tr><tr><td>Largeur du faisceau horizontal<\/td><td>65\u00b0<\/td><td>&nbsp;<\/td><\/tr><tr><td>Largeur du faisceau vertical<\/td><td>32\u00b0<\/td><td>8\u00b0<\/td><\/tr><tr><td>Rapport F\/B<\/td><td>\u226525dB<\/td><td>&nbsp;<\/td><\/tr><tr><td>Imp\u00e9dance<\/td><td>50 ohms<\/td><td>&nbsp;<\/td><\/tr><tr><td>Puissance max. Puissance d'entr\u00e9e<\/td><td>100W<\/td><td>&nbsp;<\/td><\/tr><tr><td>Protection contre la foudre<\/td><td>Terre DC<\/td><td>&nbsp;<\/td><\/tr><tr><td><strong>Sp\u00e9cifications m\u00e9caniques<\/strong><\/td><td>&nbsp;<\/td><td>&nbsp;<\/td><\/tr><tr><td>Connecteur<\/td><td>N Femme<\/td><td>&nbsp;<\/td><\/tr><tr><td>Dimension<\/td><td>1600\u00d7288\u00d7130mm<\/td><td>&nbsp;<\/td><\/tr><tr><td>Poids<\/td><td>4kg<\/td><td>&nbsp;<\/td><\/tr><tr><td>Montage<\/td><td>M\u00e2t \u00d840-\u00d860 mm<\/td><td>&nbsp;<\/td><\/tr><tr><td>Mat\u00e9riau du rad\u00f4me<\/td><td>R\u00e9sistance aux UV PVC<\/td><td>&nbsp;<\/td><\/tr><tr><td>Vitesse du vent<\/td><td>210 km\/h<\/td><td>&nbsp;<\/td><\/tr><tr><td>Temp\u00e9rature de fonctionnement<\/td><td>-40\u2103 - +65\u2103<\/td><td>&nbsp;<\/td><\/tr><\/tbody><\/table><\/figure>","protected":false},"author":1,"featured_media":4902,"menu_order":0,"template":"","meta":{"_acf_changed":true},"product_cat":[87,337],"product_tag":[],"class_list":["post-2345","product","type-product","status-publish","has-post-thumbnail","hentry","product_cat-4g-lte-antennas","product_cat-698-2700-mhz-antennas"],"acf":{"_sku":"TSC-0727-17V65","product-image":[4902],"_price":"65","pdsms":null,"excerpt":"<ul>\r\n<li>Fonctionne dans la bande de fr\u00e9quences 698-960\/1710-2700MHz<\/li>\r\n<li>Id\u00e9al pour les applications 2G\/3G\/4G LTE\/WiFi<\/li>\r\n<li>65 degr\u00e9s largeur de faisceau horizontal 3db<\/li>\r\n<li>True 12\/17dBi high gain<\/li>\r\n<li>Installation sur poteau \u00e0 l'ext\u00e9rieur<\/li>\r\n<li>Supports de montage robustes<\/li>\r\n<li>Bo\u00eetier d'antenne robuste en PVC prot\u00e9g\u00e9 contre les UV<\/li>\r\n<li>Dimensions : 1600\u00d7288\u00d7130mm<\/li>\r\n<li>N Connecteur femelle<\/li>\r\n<\/ul>","faqs":""},"_links":{"self":[{"href":"https:\/\/www.tesswave.com\/fr\/wp-json\/wp\/v2\/product\/2345","targetHints":{"allow":["GET"]}}],"collection":[{"href":"https:\/\/www.tesswave.com\/fr\/wp-json\/wp\/v2\/product"}],"about":[{"href":"https:\/\/www.tesswave.com\/fr\/wp-json\/wp\/v2\/types\/product"}],"author":[{"embeddable":true,"href":"https:\/\/www.tesswave.com\/fr\/wp-json\/wp\/v2\/users\/1"}],"acf:attachment":[{"embeddable":true,"href":"https:\/\/www.tesswave.com\/fr\/wp-json\/wp\/v2\/media\/4902"}],"wp:featuredmedia":[{"embeddable":true,"href":"https:\/\/www.tesswave.com\/fr\/wp-json\/wp\/v2\/media\/4902"}],"wp:attachment":[{"href":"https:\/\/www.tesswave.com\/fr\/wp-json\/wp\/v2\/media?parent=2345"}],"wp:term":[{"taxonomy":"product_cat","embeddable":true,"href":"https:\/\/www.tesswave.com\/fr\/wp-json\/wp\/v2\/product_cat?post=2345"},{"taxonomy":"product_tag","embeddable":true,"href":"https:\/\/www.tesswave.com\/fr\/wp-json\/wp\/v2\/product_tag?post=2345"}],"curies":[{"name":"wp","href":"https:\/\/api.w.org\/{rel}","templated":true}]}}