{"id":2357,"date":"2022-05-27T17:44:09","date_gmt":"2022-05-27T09:44:09","guid":{"rendered":"https:\/\/www.tesswave.com\/?post_type=product&#038;p=2357"},"modified":"2025-06-19T19:17:38","modified_gmt":"2025-06-19T11:17:38","slug":"2-4-ghz-22dbi-mimo-parabolic-antenna","status":"publish","type":"product","link":"https:\/\/www.tesswave.com\/fr\/product\/2-4-ghz-22dbi-mimo-parabolic-antenna\/","title":{"rendered":"Antenne parabolique ext\u00e9rieure \u00e0 gain \u00e9lev\u00e9 2,4 GHz 22 dBi \u00e0 double polarit\u00e9 2\u00d72 MIMO"},"content":{"rendered":"<figure class=\"wp-block-table is-style-regular\"><table class=\"has-fixed-layout\"><tbody><tr><td><strong>Sp\u00e9cifications \u00e9lectriques<\/strong><\/td><td><\/td><\/tr><tr><td>Fr\u00e9quence-MHz<\/td><td>2400-2500<\/td><\/tr><tr><td>Gain-dBi<\/td><td>22<\/td><\/tr><tr><td>TOS<\/td><td>&lt;1.5<\/td><\/tr><tr><td>Polarisation<\/td><td>Horizontal et vertical<\/td><\/tr><tr><td>Largeur du faisceau horizontal<\/td><td>13\u00b0<\/td><\/tr><tr><td>Largeur du faisceau vertical<\/td><td>13\u00b0<\/td><\/tr><tr><td>Rapport F\/B-dB<\/td><td>\u226530<\/td><\/tr><tr><td>Imp\u00e9dance-ohms<\/td><td>50 <\/td><\/tr><tr><td>Puissance max. Puissance d'entr\u00e9e-W<\/td><td>100<\/td><\/tr><tr><td>Protection contre la foudre<\/td><td>Terre DC<\/td><\/tr><tr><td><strong>Sp\u00e9cifications m\u00e9caniques<\/strong><\/td><td>&nbsp;<\/td><\/tr><tr><td>Connecteur<\/td><td>2\u00d7N femelle<\/td><\/tr><tr><td>Dimension-mm<\/td><td>\u00d8600<\/td><\/tr><tr><td>Poids-kg<\/td><td>5<\/td><\/tr><tr><td>Montage-mm<\/td><td>M\u00e2t \u00d840-\u00d860 <\/td><\/tr><tr><td>Vitesse du vent<\/td><td>210 km\/h<\/td><\/tr><tr><td>Temp\u00e9rature de fonctionnement<\/td><td>-40\u2103 - +65\u2103<\/td><\/tr><\/tbody><\/table><\/figure>","protected":false},"author":1,"featured_media":5132,"menu_order":0,"template":"","meta":{"_acf_changed":true},"product_cat":[246,332,248],"product_tag":[],"class_list":["post-2357","product","type-product","status-publish","has-post-thumbnail","hentry","product_cat-parabolic-wifi-antennas","product_cat-2-4-ghz-antennas","product_cat-mimo-parabolic-antennas"],"acf":{"_sku":"TDC-2400-22D6","product-image":[5132],"_price":"59","pdsms":null,"excerpt":"<ul>\r\n<li>Fonctionne sur la bande de fr\u00e9quence 2400-2483MHz pour le WiFi<\/li>\r\n<li>Conception \u00e0 gain \u00e9lev\u00e9<\/li>\r\n<li>Double polarisation V\/H<\/li>\r\n<li>Installation sur poteau \u00e0 l'ext\u00e9rieur<\/li>\r\n<li>Supports de montage robustes<\/li>\r\n<li>N Connecteur femelle<\/li>\r\n<\/ul>","faqs":""},"_links":{"self":[{"href":"https:\/\/www.tesswave.com\/fr\/wp-json\/wp\/v2\/product\/2357","targetHints":{"allow":["GET"]}}],"collection":[{"href":"https:\/\/www.tesswave.com\/fr\/wp-json\/wp\/v2\/product"}],"about":[{"href":"https:\/\/www.tesswave.com\/fr\/wp-json\/wp\/v2\/types\/product"}],"author":[{"embeddable":true,"href":"https:\/\/www.tesswave.com\/fr\/wp-json\/wp\/v2\/users\/1"}],"acf:attachment":[{"embeddable":true,"href":"https:\/\/www.tesswave.com\/fr\/wp-json\/wp\/v2\/media\/5132"}],"wp:featuredmedia":[{"embeddable":true,"href":"https:\/\/www.tesswave.com\/fr\/wp-json\/wp\/v2\/media\/5132"}],"wp:attachment":[{"href":"https:\/\/www.tesswave.com\/fr\/wp-json\/wp\/v2\/media?parent=2357"}],"wp:term":[{"taxonomy":"product_cat","embeddable":true,"href":"https:\/\/www.tesswave.com\/fr\/wp-json\/wp\/v2\/product_cat?post=2357"},{"taxonomy":"product_tag","embeddable":true,"href":"https:\/\/www.tesswave.com\/fr\/wp-json\/wp\/v2\/product_tag?post=2357"}],"curies":[{"name":"wp","href":"https:\/\/api.w.org\/{rel}","templated":true}]}}