{"id":2363,"date":"2022-05-27T21:10:13","date_gmt":"2022-05-27T13:10:13","guid":{"rendered":"https:\/\/www.tesswave.com\/?post_type=product&#038;p=2363"},"modified":"2025-06-19T19:17:00","modified_gmt":"2025-06-19T11:17:00","slug":"5ghz-13dbi-mimo-omnidirectional-antenna","status":"publish","type":"product","link":"https:\/\/www.tesswave.com\/fr\/product\/5ghz-13dbi-mimo-omnidirectional-antenna\/","title":{"rendered":"Antenne omnidirectionnelle ext\u00e9rieure MIMO \u00e0 gain \u00e9lev\u00e9 5 GHz 13 dBi"},"content":{"rendered":"<figure class=\"wp-block-table is-style-regular\"><table class=\"has-fixed-layout\"><tbody><tr><td><strong>Sp\u00e9cifications \u00e9lectriques<\/strong><\/td><td><\/td><\/tr><tr><td>Fr\u00e9quence-MHz<\/td><td>5150-5850 <\/td><\/tr><tr><td>Gain-dBi<\/td><td>13<\/td><\/tr><tr><td>TOS<\/td><td>&lt;2<\/td><\/tr><tr><td>Polarisation<\/td><td>Horizontal et vertical<\/td><\/tr><tr><td>Largeur du faisceau horizontal<\/td><td>360\u00b0<\/td><\/tr><tr><td>Largeur du faisceau vertical<\/td><td>7.5\u00b0<\/td><\/tr><tr><td>Imp\u00e9dance-ohms<\/td><td>50<\/td><\/tr><tr><td>Puissance max. Puissance d'entr\u00e9e-W<\/td><td>100<\/td><\/tr><tr><td>Protection contre la foudre<\/td><td>Terre DC<\/td><\/tr><tr><td><strong>Sp\u00e9cifications m\u00e9caniques<\/strong><\/td><td>&nbsp;<\/td><\/tr><tr><td>Connecteur<\/td><td>2\u00d7N femelle<\/td><\/tr><tr><td>Dimension-mm<\/td><td>\u00d884\u00d7600<\/td><\/tr><tr><td>Poids<\/td><td>0,7 kg<\/td><\/tr><tr><td>Montage-mm<\/td><td>M\u00e2t \u00d840-\u00d860<\/td><\/tr><tr><td>Mat\u00e9riau du rad\u00f4me<\/td><td>R\u00e9sistance aux UV PVC<\/td><\/tr><tr><td>Vitesse du vent<\/td><td>210 km\/h<\/td><\/tr><tr><td>Temp\u00e9rature de fonctionnement<\/td><td>-40\u2103 - +65\u2103<\/td><\/tr><\/tbody><\/table><\/figure>","protected":false},"author":1,"featured_media":5127,"menu_order":0,"template":"","meta":{"_acf_changed":true},"product_cat":[247,334,242],"product_tag":[],"class_list":["post-2363","product","type-product","status-publish","has-post-thumbnail","hentry","product_cat-mimo-omni-antennas","product_cat-5-ghz-antennas","product_cat-omnidirectional-wifi-antennas"],"acf":{"_sku":"TOF-5158-13D","product-image":[5127],"_price":"49","pdsms":null,"excerpt":"<ul>\r\n<li>Fr\u00e9quence : 5150-5850MHz<\/li>\r\n<li>Gain \u00e9lev\u00e9 pour chaque port<\/li>\r\n<li>Deux \u00e9l\u00e9ments d'antenne ind\u00e9pendants dans un rad\u00f4me d'antenne<\/li>\r\n<li>Double polarisation verticale et horizontale<\/li>\r\n<li>Installation ext\u00e9rieure sur poteau ou montage mural<\/li>\r\n<li>Rayonnement du signal omnidirectionnel sur 360\u00b0 pour les applications point \u00e0 multipoint<\/li>\r\n<li>Bo\u00eetier d'antenne en PVC robuste, r\u00e9sistant aux intemp\u00e9ries et prot\u00e9g\u00e9 contre les UV<\/li>\r\n<li>Connecteur femelle 2\u00d7N int\u00e9gr\u00e9<\/li>\r\n<\/ul>","faqs":""},"_links":{"self":[{"href":"https:\/\/www.tesswave.com\/fr\/wp-json\/wp\/v2\/product\/2363","targetHints":{"allow":["GET"]}}],"collection":[{"href":"https:\/\/www.tesswave.com\/fr\/wp-json\/wp\/v2\/product"}],"about":[{"href":"https:\/\/www.tesswave.com\/fr\/wp-json\/wp\/v2\/types\/product"}],"author":[{"embeddable":true,"href":"https:\/\/www.tesswave.com\/fr\/wp-json\/wp\/v2\/users\/1"}],"acf:attachment":[{"embeddable":true,"href":"https:\/\/www.tesswave.com\/fr\/wp-json\/wp\/v2\/media\/5127"}],"wp:featuredmedia":[{"embeddable":true,"href":"https:\/\/www.tesswave.com\/fr\/wp-json\/wp\/v2\/media\/5127"}],"wp:attachment":[{"href":"https:\/\/www.tesswave.com\/fr\/wp-json\/wp\/v2\/media?parent=2363"}],"wp:term":[{"taxonomy":"product_cat","embeddable":true,"href":"https:\/\/www.tesswave.com\/fr\/wp-json\/wp\/v2\/product_cat?post=2363"},{"taxonomy":"product_tag","embeddable":true,"href":"https:\/\/www.tesswave.com\/fr\/wp-json\/wp\/v2\/product_tag?post=2363"}],"curies":[{"name":"wp","href":"https:\/\/api.w.org\/{rel}","templated":true}]}}