{"id":2379,"date":"2022-05-27T21:36:04","date_gmt":"2022-05-27T13:36:04","guid":{"rendered":"https:\/\/www.tesswave.com\/?post_type=product&#038;p=2379"},"modified":"2025-06-19T19:15:32","modified_gmt":"2025-06-19T11:15:32","slug":"3-5-ghz-17dbi-mimo-panel-antenna","status":"publish","type":"product","link":"https:\/\/www.tesswave.com\/fr\/product\/3-5-ghz-17dbi-mimo-panel-antenna\/","title":{"rendered":"Antenne panneau directionnelle WiMax 3,3-3,8 GHz 17dBi double polarisation 2\u00d72 MIMO"},"content":{"rendered":"<figure class=\"wp-block-table is-style-regular\"><table class=\"has-fixed-layout\"><tbody><tr><td><strong>Sp\u00e9cifications \u00e9lectriques<\/strong><\/td><td>&nbsp;<\/td><\/tr><tr><td>Fr\u00e9quence<\/td><td>3300-3800 MHz<\/td><\/tr><tr><td>Gain<\/td><td>17 dBi<\/td><\/tr><tr><td>TOS<\/td><td>&lt;1.8<\/td><\/tr><tr><td>Polarisation<\/td><td>Horizontal et vertical<\/td><\/tr><tr><td>Largeur du faisceau horizontal<\/td><td>22\u00b0<\/td><\/tr><tr><td>Largeur du faisceau vertical<\/td><td>21\u00b0<\/td><\/tr><tr><td>Rapport F\/B<\/td><td>\u226520dB<\/td><\/tr><tr><td>L'isolement<\/td><td>\u226528dB<\/td><\/tr><tr><td>Imp\u00e9dance<\/td><td>50 ohms<\/td><\/tr><tr><td>Puissance max. Puissance d'entr\u00e9e<\/td><td>100W<\/td><\/tr><tr><td>Protection contre la foudre<\/td><td>Terre DC<\/td><\/tr><tr><td><strong>Sp\u00e9cifications m\u00e9caniques<\/strong><\/td><td>&nbsp;<\/td><\/tr><tr><td>Connecteur<\/td><td>2xN femelle<\/td><\/tr><tr><td>Dimension<\/td><td>250x250x40mm<\/td><\/tr><tr><td>Poids<\/td><td>0,5 kg<\/td><\/tr><tr><td>Montage<\/td><td>M\u00e2t \u00d840-\u00d860 mm<\/td><\/tr><tr><td>Mat\u00e9riau du rad\u00f4me<\/td><td>ABS<\/td><\/tr><tr><td>Vitesse du vent<\/td><td>210 km\/h<\/td><\/tr><tr><td>Temp\u00e9rature de fonctionnement<\/td><td>-40\u2103 - +65\u2103<\/td><\/tr><\/tbody><\/table><\/figure>","protected":false},"author":1,"featured_media":5088,"menu_order":0,"template":"","meta":{"_acf_changed":true},"product_cat":[128,333,260],"product_tag":[],"class_list":["post-2379","product","type-product","status-publish","has-post-thumbnail","hentry","product_cat-mimo-panel-antennas","product_cat-3-ghz-antennas","product_cat-panel-wimax-antennas"],"acf":{"_sku":"TPC-3338-17D","product-image":[5088],"_price":"29","pdsms":null,"excerpt":"<ul>\r\n<li>Fonctionne dans la bande de fr\u00e9quences 3300-3800MHz<\/li>\r\n<li>True 17dBi high gain<\/li>\r\n<li>Faisceau \u00e9troit directionnel pour une connexion point \u00e0 point<\/li>\r\n<li>Installation sur poteau \u00e0 l'ext\u00e9rieur<\/li>\r\n<li>Bo\u00eetier d'antenne en ABS robuste et r\u00e9sistant aux intemp\u00e9ries<\/li>\r\n<li>Dimensions : 250\u00d7250\u00d740mm<\/li>\r\n<li>2\u00d7N Connecteur femelle<\/li>\r\n<li>IP55 r\u00e9sistant \u00e0 la pluie et \u00e0 la poussi\u00e8re<\/li>\r\n<\/ul>","faqs":""},"_links":{"self":[{"href":"https:\/\/www.tesswave.com\/fr\/wp-json\/wp\/v2\/product\/2379","targetHints":{"allow":["GET"]}}],"collection":[{"href":"https:\/\/www.tesswave.com\/fr\/wp-json\/wp\/v2\/product"}],"about":[{"href":"https:\/\/www.tesswave.com\/fr\/wp-json\/wp\/v2\/types\/product"}],"author":[{"embeddable":true,"href":"https:\/\/www.tesswave.com\/fr\/wp-json\/wp\/v2\/users\/1"}],"acf:attachment":[{"embeddable":true,"href":"https:\/\/www.tesswave.com\/fr\/wp-json\/wp\/v2\/media\/5088"}],"wp:featuredmedia":[{"embeddable":true,"href":"https:\/\/www.tesswave.com\/fr\/wp-json\/wp\/v2\/media\/5088"}],"wp:attachment":[{"href":"https:\/\/www.tesswave.com\/fr\/wp-json\/wp\/v2\/media?parent=2379"}],"wp:term":[{"taxonomy":"product_cat","embeddable":true,"href":"https:\/\/www.tesswave.com\/fr\/wp-json\/wp\/v2\/product_cat?post=2379"},{"taxonomy":"product_tag","embeddable":true,"href":"https:\/\/www.tesswave.com\/fr\/wp-json\/wp\/v2\/product_tag?post=2379"}],"curies":[{"name":"wp","href":"https:\/\/api.w.org\/{rel}","templated":true}]}}