{"id":2385,"date":"2022-05-27T21:42:33","date_gmt":"2022-05-27T13:42:33","guid":{"rendered":"https:\/\/www.tesswave.com\/?post_type=product&#038;p=2385"},"modified":"2025-06-19T19:13:57","modified_gmt":"2025-06-19T11:13:57","slug":"1710-2170-mhz-14dbi-mimo-panel-antenna","status":"publish","type":"product","link":"https:\/\/www.tesswave.com\/fr\/product\/1710-2170-mhz-14dbi-mimo-panel-antenna\/","title":{"rendered":"1710-2170MHz 14dBi Antenne panneau MIMO 2\u00d72 \u00e0 polarisation crois\u00e9e"},"content":{"rendered":"<figure class=\"wp-block-table is-style-regular\"><table class=\"has-fixed-layout\"><tbody><tr><td><strong>Sp\u00e9cifications \u00e9lectriques<\/strong><\/td><td>&nbsp;<\/td><\/tr><tr><td>Fr\u00e9quence<\/td><td>1710-2170 MHz<\/td><\/tr><tr><td>Gain<\/td><td>14 dBi<\/td><\/tr><tr><td>TOS<\/td><td>&lt;1.5<\/td><\/tr><tr><td>Polarisation<\/td><td>\u00b145\u00b0<\/td><\/tr><tr><td>Largeur du faisceau horizontal<\/td><td>40\u00b0<\/td><\/tr><tr><td>Largeur du faisceau vertical<\/td><td>36\u00b0<\/td><\/tr><tr><td>Rapport F\/B<\/td><td>\u226520dB<\/td><\/tr><tr><td>L'isolement<\/td><td>\u226528dB<\/td><\/tr><tr><td>Imp\u00e9dance<\/td><td>50 ohms<\/td><\/tr><tr><td>Puissance max. Puissance d'entr\u00e9e<\/td><td>100W<\/td><\/tr><tr><td>Protection contre la foudre<\/td><td>Terre DC<\/td><\/tr><tr><td><strong>Sp\u00e9cifications m\u00e9caniques<\/strong><\/td><td>&nbsp;<\/td><\/tr><tr><td>Connecteur<\/td><td>2\u00d7N femelle<\/td><\/tr><tr><td>Dimension<\/td><td>300\u00d7180\u00d780 mm<\/td><\/tr><tr><td>Poids<\/td><td>0,5 kg<\/td><\/tr><tr><td>Montage<\/td><td>M\u00e2t \u00d840-\u00d860 mm<\/td><\/tr><tr><td>Mat\u00e9riau du rad\u00f4me<\/td><td>ABS<\/td><\/tr><tr><td>Vitesse du vent<\/td><td>210 km\/h<\/td><\/tr><tr><td>Temp\u00e9rature de fonctionnement<\/td><td>-40\u2103 - +65\u2103<\/td><\/tr><\/tbody><\/table><\/figure>","protected":false},"author":1,"featured_media":5084,"menu_order":0,"template":"","meta":{"_acf_changed":true},"product_cat":[128,331],"product_tag":[],"class_list":["post-2385","product","type-product","status-publish","has-post-thumbnail","hentry","product_cat-mimo-panel-antennas","product_cat-1800-1900-mhz-antennas"],"acf":{"_sku":"TPC-1721-14X","product-image":[5084],"_price":"25","pdsms":null,"excerpt":"<ul>\r\n<li>Fonctionne dans la bande de fr\u00e9quences 1710-2170MHz<\/li>\r\n<li>Gain r\u00e9el de 14dBi pour chaque radiateur<\/li>\r\n<li>Polarisation crois\u00e9e double oblique \u00b145<\/li>\r\n<li>Kit de montage inclus<\/li>\r\n<li>Bo\u00eetier d'antenne robuste en ABS prot\u00e9g\u00e9 contre les UV<\/li>\r\n<li>Dimensions : 300\u00d7180\u00d780 mm<\/li>\r\n<li>2\u00d7N Connecteur femelle<\/li>\r\n<\/ul>","faqs":""},"_links":{"self":[{"href":"https:\/\/www.tesswave.com\/fr\/wp-json\/wp\/v2\/product\/2385","targetHints":{"allow":["GET"]}}],"collection":[{"href":"https:\/\/www.tesswave.com\/fr\/wp-json\/wp\/v2\/product"}],"about":[{"href":"https:\/\/www.tesswave.com\/fr\/wp-json\/wp\/v2\/types\/product"}],"author":[{"embeddable":true,"href":"https:\/\/www.tesswave.com\/fr\/wp-json\/wp\/v2\/users\/1"}],"acf:attachment":[{"embeddable":true,"href":"https:\/\/www.tesswave.com\/fr\/wp-json\/wp\/v2\/media\/5084"}],"wp:featuredmedia":[{"embeddable":true,"href":"https:\/\/www.tesswave.com\/fr\/wp-json\/wp\/v2\/media\/5084"}],"wp:attachment":[{"href":"https:\/\/www.tesswave.com\/fr\/wp-json\/wp\/v2\/media?parent=2385"}],"wp:term":[{"taxonomy":"product_cat","embeddable":true,"href":"https:\/\/www.tesswave.com\/fr\/wp-json\/wp\/v2\/product_cat?post=2385"},{"taxonomy":"product_tag","embeddable":true,"href":"https:\/\/www.tesswave.com\/fr\/wp-json\/wp\/v2\/product_tag?post=2385"}],"curies":[{"name":"wp","href":"https:\/\/api.w.org\/{rel}","templated":true}]}}