{"id":2398,"date":"2022-05-28T09:12:48","date_gmt":"2022-05-28T01:12:48","guid":{"rendered":"https:\/\/www.tesswave.com\/?post_type=product&#038;p=2398"},"modified":"2025-06-19T19:12:57","modified_gmt":"2025-06-19T11:12:57","slug":"900mhz-14dbi-directional-gsm-yagi-antenna","status":"publish","type":"product","link":"https:\/\/www.tesswave.com\/fr\/product\/900mhz-14dbi-directional-gsm-yagi-antenna\/","title":{"rendered":"890-960MHz 14dBi Antenne Yagi GSM directionnelle ext\u00e9rieure"},"content":{"rendered":"<figure class=\"wp-block-table is-style-regular\"><table class=\"has-fixed-layout\"><tbody><tr><td><strong>Sp\u00e9cifications \u00e9lectriques<\/strong><\/td><td>&nbsp;<\/td><\/tr><tr><td>Fr\u00e9quence<\/td><td>890-960 MHz<\/td><\/tr><tr><td>Gain<\/td><td>14 dBi<\/td><\/tr><tr><td>TOS<\/td><td>&lt;1.5<\/td><\/tr><tr><td>Polarisation<\/td><td>Vertical<\/td><\/tr><tr><td>Largeur du faisceau horizontal<\/td><td>31\u00b0<\/td><\/tr><tr><td>Largeur du faisceau vertical<\/td><td>29\u00b0<\/td><\/tr><tr><td>Rapport F\/B<\/td><td>\u226516dB<\/td><\/tr><tr><td>Imp\u00e9dance<\/td><td>50 ohms<\/td><\/tr><tr><td>Puissance max. Puissance d'entr\u00e9e<\/td><td>100W<\/td><\/tr><tr><td>Protection contre la foudre<\/td><td>Terre DC<\/td><\/tr><tr><td><strong>Sp\u00e9cifications m\u00e9caniques<\/strong><\/td><td>&nbsp;<\/td><\/tr><tr><td>Connecteur<\/td><td>N Femme<\/td><\/tr><tr><td>Dimension<\/td><td>1080\u00d7185\u00d755mm<\/td><\/tr><tr><td>Poids<\/td><td>0,8 kg<\/td><\/tr><tr><td>Montage<\/td><td>M\u00e2t \u00d840-\u00d860 mm<\/td><\/tr><tr><td>Vitesse du vent<\/td><td>210 km\/h<\/td><\/tr><tr><td>Temp\u00e9rature de fonctionnement<\/td><td>-40\u2103 - +65\u2103<\/td><\/tr><\/tbody><\/table><\/figure>","protected":false},"author":1,"featured_media":4893,"menu_order":0,"template":"","meta":{"_acf_changed":true},"product_cat":[249,330],"product_tag":[],"class_list":["post-2398","product","type-product","status-publish","has-post-thumbnail","hentry","product_cat-2g-3g-yagi-antennas","product_cat-800-900-mhz-antennas"],"acf":{"_sku":"TYC-89960-14E","product-image":[4893],"_price":"16","pdsms":null,"excerpt":"<ul>\r\n<li>Gamme de fr\u00e9quences : 890-960MHz<\/li>\r\n<li>14dBi gain \u00e9lev\u00e9<\/li>\r\n<li>Convient aux applications GSM, cellulaires, ISM, LoRa, h\u00e9lium, etc.<\/li>\r\n<li>Rayonnement directionnel \u00e0 faisceau \u00e9troit pour une connexion point \u00e0 point<\/li>\r\n<li>Connecteur N femelle typique avec c\u00e2ble RG58 \u00e0 faible perte de 30 cm<\/li>\r\n<li>Installation sur poteau \u00e0 l'ext\u00e9rieur<\/li>\r\n<\/ul>","faqs":""},"_links":{"self":[{"href":"https:\/\/www.tesswave.com\/fr\/wp-json\/wp\/v2\/product\/2398","targetHints":{"allow":["GET"]}}],"collection":[{"href":"https:\/\/www.tesswave.com\/fr\/wp-json\/wp\/v2\/product"}],"about":[{"href":"https:\/\/www.tesswave.com\/fr\/wp-json\/wp\/v2\/types\/product"}],"author":[{"embeddable":true,"href":"https:\/\/www.tesswave.com\/fr\/wp-json\/wp\/v2\/users\/1"}],"acf:attachment":[{"embeddable":true,"href":"https:\/\/www.tesswave.com\/fr\/wp-json\/wp\/v2\/media\/4893"}],"wp:featuredmedia":[{"embeddable":true,"href":"https:\/\/www.tesswave.com\/fr\/wp-json\/wp\/v2\/media\/4893"}],"wp:attachment":[{"href":"https:\/\/www.tesswave.com\/fr\/wp-json\/wp\/v2\/media?parent=2398"}],"wp:term":[{"taxonomy":"product_cat","embeddable":true,"href":"https:\/\/www.tesswave.com\/fr\/wp-json\/wp\/v2\/product_cat?post=2398"},{"taxonomy":"product_tag","embeddable":true,"href":"https:\/\/www.tesswave.com\/fr\/wp-json\/wp\/v2\/product_tag?post=2398"}],"curies":[{"name":"wp","href":"https:\/\/api.w.org\/{rel}","templated":true}]}}