{"id":2414,"date":"2022-05-30T11:44:14","date_gmt":"2022-05-30T03:44:14","guid":{"rendered":"https:\/\/www.tesswave.com\/?post_type=product&#038;p=2414"},"modified":"2025-06-19T19:07:53","modified_gmt":"2025-06-19T11:07:53","slug":"1800mhz-outdoor-omnidirectional-antenna","status":"publish","type":"product","link":"https:\/\/www.tesswave.com\/fr\/product\/1800mhz-outdoor-omnidirectional-antenna\/","title":{"rendered":"1710-1880MHz 11dBi Antenne omnidirectionnelle ext\u00e9rieure \u00e0 gain \u00e9lev\u00e9"},"content":{"rendered":"<figure class=\"wp-block-table is-style-regular\"><table class=\"has-fixed-layout\"><tbody><tr><td><strong>Sp\u00e9cifications \u00e9lectriques<\/strong><\/td><td>&nbsp;<\/td><\/tr><tr><td>Fr\u00e9quence-MHz<\/td><td>1710-1880<\/td><\/tr><tr><td>Gain-dBi<\/td><td>11<\/td><\/tr><tr><td>TOS<\/td><td>&lt;1.5<\/td><\/tr><tr><td>Polarisation<\/td><td>Vertical<\/td><\/tr><tr><td>Largeur du faisceau horizontal<\/td><td>360\u00b0<\/td><\/tr><tr><td>Largeur du faisceau vertical<\/td><td>8\u00b0<\/td><\/tr><tr><td>Imp\u00e9dance-ohms<\/td><td>50<\/td><\/tr><tr><td>Puissance max. Puissance d'entr\u00e9e-W<\/td><td>100<\/td><\/tr><tr><td>Protection contre la foudre<\/td><td>Terre DC<\/td><\/tr><tr><td><strong>Sp\u00e9cifications m\u00e9caniques<\/strong><\/td><td>&nbsp;<\/td><\/tr><tr><td>Connecteur<\/td><td>N Femme<\/td><\/tr><tr><td>Dimension-mm<\/td><td>\u00d825\u00d71540<\/td><\/tr><tr><td>Poids-kg<\/td><td>0.9<\/td><\/tr><tr><td>Montage-mm<\/td><td>M\u00e2t \u00d840-\u00d860 <\/td><\/tr><tr><td>Mat\u00e9riau du rad\u00f4me<\/td><td>Fibre de verre (blanc)<\/td><\/tr><tr><td>Vitesse du vent<\/td><td>210 km\/h<\/td><\/tr><tr><td>Temp\u00e9rature de fonctionnement<\/td><td>-40\u2103 - +65\u2103<\/td><\/tr><\/tbody><\/table><\/figure>","protected":false},"author":1,"featured_media":4978,"menu_order":0,"template":"","meta":{"_acf_changed":true},"product_cat":[250,331],"product_tag":[],"class_list":["post-2414","product","type-product","status-publish","has-post-thumbnail","hentry","product_cat-2g-3g-omnidirectional-antennas","product_cat-1800-1900-mhz-antennas"],"acf":{"_sku":"TOF-1718-11V","product-image":[4978],"_price":"30","pdsms":null,"excerpt":"<ul>\r\n<li>Op\u00e8re sur la bande de fr\u00e9quence 1710-1880MHz<\/li>\r\n<li>Convient aux applications cellulaires, GSM, etc.<\/li>\r\n<li>Rayonnement omnidirectionnel pour une couverture du signal \u00e0 360 degr\u00e9s en ext\u00e9rieur<\/li>\r\n<li>Installation sur poteau \u00e0 l'ext\u00e9rieur<\/li>\r\n<li>Bo\u00eetier d'antenne en fibre de verre robuste et r\u00e9sistant aux intemp\u00e9ries<\/li>\r\n<li>Connecteur N femelle typique<\/li>\r\n<\/ul>","faqs":""},"_links":{"self":[{"href":"https:\/\/www.tesswave.com\/fr\/wp-json\/wp\/v2\/product\/2414","targetHints":{"allow":["GET"]}}],"collection":[{"href":"https:\/\/www.tesswave.com\/fr\/wp-json\/wp\/v2\/product"}],"about":[{"href":"https:\/\/www.tesswave.com\/fr\/wp-json\/wp\/v2\/types\/product"}],"author":[{"embeddable":true,"href":"https:\/\/www.tesswave.com\/fr\/wp-json\/wp\/v2\/users\/1"}],"acf:attachment":[{"embeddable":true,"href":"https:\/\/www.tesswave.com\/fr\/wp-json\/wp\/v2\/media\/4978"}],"wp:featuredmedia":[{"embeddable":true,"href":"https:\/\/www.tesswave.com\/fr\/wp-json\/wp\/v2\/media\/4978"}],"wp:attachment":[{"href":"https:\/\/www.tesswave.com\/fr\/wp-json\/wp\/v2\/media?parent=2414"}],"wp:term":[{"taxonomy":"product_cat","embeddable":true,"href":"https:\/\/www.tesswave.com\/fr\/wp-json\/wp\/v2\/product_cat?post=2414"},{"taxonomy":"product_tag","embeddable":true,"href":"https:\/\/www.tesswave.com\/fr\/wp-json\/wp\/v2\/product_tag?post=2414"}],"curies":[{"name":"wp","href":"https:\/\/api.w.org\/{rel}","templated":true}]}}