{"id":2447,"date":"2022-05-30T16:36:23","date_gmt":"2022-05-30T08:36:23","guid":{"rendered":"https:\/\/www.tesswave.com\/?post_type=product&#038;p=2447"},"modified":"2025-06-19T19:05:25","modified_gmt":"2025-06-19T11:05:25","slug":"outdoor-2x2-mimo-4g-5g-external-panel-antenna","status":"publish","type":"product","link":"https:\/\/www.tesswave.com\/fr\/product\/outdoor-2x2-mimo-4g-5g-external-panel-antenna\/","title":{"rendered":"Antenne panneau externe 4G LTE\/5G 2\u00d72 MIMO 617-4200 MHz"},"content":{"rendered":"<figure class=\"wp-block-table is-style-regular\"><table class=\"has-fixed-layout\"><tbody><tr><td><strong>Sp\u00e9cifications \u00e9lectriques<\/strong><\/td><td>&nbsp;<\/td><\/tr><tr><td>Fr\u00e9quence-MHz<\/td><td>617-960\/1710-2700\/3300-4200<\/td><\/tr><tr><td>Gain-dBi<\/td><td>7\/8\/9<\/td><\/tr><tr><td>TOS<\/td><td>&lt;2.5<\/td><\/tr><tr><td>Polarisation<\/td><td>\u00b145\u00b0<\/td><\/tr><tr><td>Largeur du faisceau horizontal<\/td><td>80\u00b18\u00b0<\/td><\/tr><tr><td>Largeur du faisceau vertical<\/td><td>65\u00b15\u00b0<\/td><\/tr><tr><td>Rapport F\/B-dB<\/td><td>\u226518<\/td><\/tr><tr><td>Isolation-dB<\/td><td>\u226520<\/td><\/tr><tr><td>Imp\u00e9dance<\/td><td>50 ohms<\/td><\/tr><tr><td>Puissance max. Puissance d'entr\u00e9e<\/td><td>100W<\/td><\/tr><tr><td>Protection contre la foudre<\/td><td>Terre DC<\/td><\/tr><tr><td><strong>Sp\u00e9cifications m\u00e9caniques<\/strong><\/td><td>&nbsp;<\/td><\/tr><tr><td>Connecteur<\/td><td>2\u00d7N femelle<\/td><\/tr><tr><td>Dimension<\/td><td>295\u00d7180\u00d770 mm<\/td><\/tr><tr><td>Poids<\/td><td>1,1 kg<\/td><\/tr><tr><td>Montage<\/td><td>M\u00e2t \u00d830-\u00d850 mm<\/td><\/tr><tr><td>Mat\u00e9riau du rad\u00f4me<\/td><td>ABS<\/td><\/tr><tr><td>Vitesse du vent<\/td><td>210 km\/h<\/td><\/tr><tr><td>Temp\u00e9rature de fonctionnement<\/td><td>-40\u2103 - +65\u2103<\/td><\/tr><\/tbody><\/table><\/figure>","protected":false},"author":1,"featured_media":4850,"menu_order":0,"template":"","meta":{"_acf_changed":true},"product_cat":[88,87,336],"product_tag":[],"class_list":["post-2447","product","type-product","status-publish","has-post-thumbnail","hentry","product_cat-5g-antennas","product_cat-4g-lte-antennas","product_cat-617-6000-mhz-antennas"],"acf":{"_sku":"TPC-0642-9X","product-image":[4850],"_price":"34","pdsms":null,"excerpt":"<ul>\r\n<li>Fonctionne dans la bande de fr\u00e9quence 600-4200MHz pour chaque radiateur<\/li>\r\n<li>Convient aux applications WiFi, GSM, 3G, 4G LTE, 5G, etc.<\/li>\r\n<li>Polarisation crois\u00e9e double oblique \u00b145<\/li>\r\n<li>Kit de montage inclus<\/li>\r\n<li>Bo\u00eetier d'antenne robuste en ABS prot\u00e9g\u00e9 contre les UV<\/li>\r\n<li>Dimensions : 300\u00d7180\u00d770 mm<\/li>\r\n<li>2\u00d7N Connecteur femelle<\/li>\r\n<\/ul>","faqs":""},"_links":{"self":[{"href":"https:\/\/www.tesswave.com\/fr\/wp-json\/wp\/v2\/product\/2447","targetHints":{"allow":["GET"]}}],"collection":[{"href":"https:\/\/www.tesswave.com\/fr\/wp-json\/wp\/v2\/product"}],"about":[{"href":"https:\/\/www.tesswave.com\/fr\/wp-json\/wp\/v2\/types\/product"}],"author":[{"embeddable":true,"href":"https:\/\/www.tesswave.com\/fr\/wp-json\/wp\/v2\/users\/1"}],"acf:attachment":[{"embeddable":true,"href":"https:\/\/www.tesswave.com\/fr\/wp-json\/wp\/v2\/media\/4850"}],"wp:featuredmedia":[{"embeddable":true,"href":"https:\/\/www.tesswave.com\/fr\/wp-json\/wp\/v2\/media\/4850"}],"wp:attachment":[{"href":"https:\/\/www.tesswave.com\/fr\/wp-json\/wp\/v2\/media?parent=2447"}],"wp:term":[{"taxonomy":"product_cat","embeddable":true,"href":"https:\/\/www.tesswave.com\/fr\/wp-json\/wp\/v2\/product_cat?post=2447"},{"taxonomy":"product_tag","embeddable":true,"href":"https:\/\/www.tesswave.com\/fr\/wp-json\/wp\/v2\/product_tag?post=2447"}],"curies":[{"name":"wp","href":"https:\/\/api.w.org\/{rel}","templated":true}]}}