{"id":2465,"date":"2022-05-30T17:30:29","date_gmt":"2022-05-30T09:30:29","guid":{"rendered":"https:\/\/www.tesswave.com\/?post_type=product&#038;p=2465"},"modified":"2025-06-19T19:01:43","modified_gmt":"2025-06-19T11:01:43","slug":"outdoor-wideband-omnidirectional-4g-lte-antenna","status":"publish","type":"product","link":"https:\/\/www.tesswave.com\/fr\/product\/outdoor-wideband-omnidirectional-4g-lte-antenna\/","title":{"rendered":"698-2700MHz Antenne ext\u00e9rieure omnidirectionnelle \u00e0 large bande 2G\/3G\/4G LTE"},"content":{"rendered":"<figure class=\"wp-block-table is-style-regular\"><table class=\"has-fixed-layout\"><tbody><tr><td><strong>Sp\u00e9cifications \u00e9lectriques<\/strong><\/td><td>&nbsp;<\/td><\/tr><tr><td>Fr\u00e9quence-MHz<\/td><td>698-960\/1710-2700<\/td><\/tr><tr><td>Gain-dBi<\/td><td>2-3\/3-4<\/td><\/tr><tr><td>TOS<\/td><td>&lt;1.8<\/td><\/tr><tr><td>Polarisation<\/td><td>Vertical<\/td><\/tr><tr><td>Largeur du faisceau horizontal<\/td><td>360\u00b0<\/td><\/tr><tr><td>Largeur du faisceau vertical<\/td><td>70\u00b0\/60\u00b0<\/td><\/tr><tr><td>Imp\u00e9dance-ohms<\/td><td>50 <\/td><\/tr><tr><td>Puissance max. Puissance d'entr\u00e9e-W<\/td><td>100<\/td><\/tr><tr><td>Protection contre la foudre<\/td><td>Terre DC<\/td><\/tr><tr><td><strong>Sp\u00e9cifications m\u00e9caniques<\/strong><\/td><td>&nbsp;<\/td><\/tr><tr><td>Connecteur<\/td><td>N Femme<\/td><\/tr><tr><td>Dimension-mm<\/td><td><a>99<\/a>\u00d799\u00d7241 <\/td><\/tr><tr><td>Poids-kg<\/td><td>0.5 <\/td><\/tr><tr><td>Montage-mm<\/td><td>M\u00e2t \u00d840-\u00d860<\/td><\/tr><tr><td>Mat\u00e9riau du rad\u00f4me<\/td><td>ABS<\/td><\/tr><tr><td>Vitesse du vent<\/td><td>210 km\/h<\/td><\/tr><tr><td>Temp\u00e9rature de fonctionnement<\/td><td>-40\u2103 - +65\u2103<\/td><\/tr><\/tbody><\/table><\/figure>\n\n\n\n<p><\/p>","protected":false},"author":1,"featured_media":5076,"menu_order":0,"template":"","meta":{"_acf_changed":true},"product_cat":[87,337,147],"product_tag":[],"class_list":["post-2465","product","type-product","status-publish","has-post-thumbnail","hentry","product_cat-4g-lte-antennas","product_cat-698-2700-mhz-antennas","product_cat-das-antennas"],"acf":{"_sku":"TOF-0727-4V","product-image":[5076],"_price":"14","pdsms":null,"excerpt":"<ul>\r\n<li>Fonctionne sur la bande 698-960\/1710-2700MHz pour les r\u00e9p\u00e9teurs\/booster 2G\/3G\/4G<\/li>\r\n<li>C'est une antenne omnidirectionnelle<\/li>\r\n<li>Installation sur poteau \u00e0 l'ext\u00e9rieur<\/li>\r\n<li>Bo\u00eetier d'antenne robuste en ABS prot\u00e9g\u00e9 contre les UV<\/li>\r\n<li>N Connecteur femelle sur la partie inf\u00e9rieure de l'antenne<\/li>\r\n<li>IP55 r\u00e9sistant \u00e0 la pluie et \u00e0 la poussi\u00e8re<\/li>\r\n<\/ul>","faqs":""},"_links":{"self":[{"href":"https:\/\/www.tesswave.com\/fr\/wp-json\/wp\/v2\/product\/2465","targetHints":{"allow":["GET"]}}],"collection":[{"href":"https:\/\/www.tesswave.com\/fr\/wp-json\/wp\/v2\/product"}],"about":[{"href":"https:\/\/www.tesswave.com\/fr\/wp-json\/wp\/v2\/types\/product"}],"author":[{"embeddable":true,"href":"https:\/\/www.tesswave.com\/fr\/wp-json\/wp\/v2\/users\/1"}],"acf:attachment":[{"embeddable":true,"href":"https:\/\/www.tesswave.com\/fr\/wp-json\/wp\/v2\/media\/5076"}],"wp:featuredmedia":[{"embeddable":true,"href":"https:\/\/www.tesswave.com\/fr\/wp-json\/wp\/v2\/media\/5076"}],"wp:attachment":[{"href":"https:\/\/www.tesswave.com\/fr\/wp-json\/wp\/v2\/media?parent=2465"}],"wp:term":[{"taxonomy":"product_cat","embeddable":true,"href":"https:\/\/www.tesswave.com\/fr\/wp-json\/wp\/v2\/product_cat?post=2465"},{"taxonomy":"product_tag","embeddable":true,"href":"https:\/\/www.tesswave.com\/fr\/wp-json\/wp\/v2\/product_tag?post=2465"}],"curies":[{"name":"wp","href":"https:\/\/api.w.org\/{rel}","templated":true}]}}