{"id":2468,"date":"2022-05-30T17:43:23","date_gmt":"2022-05-30T09:43:23","guid":{"rendered":"https:\/\/www.tesswave.com\/?post_type=product&#038;p=2468"},"modified":"2025-06-19T18:51:54","modified_gmt":"2025-06-19T10:51:54","slug":"indoor-2g-3g-4g-ceiling-mount-dome-antenna","status":"publish","type":"product","link":"https:\/\/www.tesswave.com\/fr\/product\/indoor-2g-3g-4g-ceiling-mount-dome-antenna\/","title":{"rendered":"698-2700MHz Antenne d\u00f4me d'int\u00e9rieur 2G\/3G\/4G LTE \u00e0 monter au plafond"},"content":{"rendered":"<figure class=\"wp-block-table is-style-regular\"><table class=\"has-fixed-layout\"><tbody><tr><td><strong>Sp\u00e9cifications \u00e9lectriques<\/strong><\/td><td>&nbsp;<\/td><td>&nbsp;<\/td><\/tr><tr><td>Fr\u00e9quence - MHz<\/td><td>698-960<\/td><td>1710-2700<\/td><\/tr><tr><td>Gain-dBi<\/td><td>3<\/td><td>4.5<\/td><\/tr><tr><td>TOS<\/td><td>&lt;1.5<\/td><td>&nbsp;<\/td><\/tr><tr><td>Polarisation<\/td><td>Vertical<\/td><td>&nbsp;<\/td><\/tr><tr><td>Largeur du faisceau horizontal<\/td><td>360\u00b0<\/td><td>&nbsp;<\/td><\/tr><tr><td>Largeur du faisceau vertical<\/td><td>80\u00b0<\/td><td>55\u00b0<\/td><\/tr><tr><td>Imp\u00e9dance<\/td><td>50 ohms<\/td><td>&nbsp;<\/td><\/tr><tr><td>Puissance max. Puissance d'entr\u00e9e<\/td><td>100W<\/td><td>&nbsp;<\/td><\/tr><tr><td>Protection contre la foudre<\/td><td>Terre DC<\/td><td>&nbsp;<\/td><\/tr><tr><td><strong>Sp\u00e9cifications m\u00e9caniques<\/strong><\/td><td>&nbsp;<\/td><td>&nbsp;<\/td><\/tr><tr><td>Connecteur<\/td><td>N Femme<\/td><td>&nbsp;<\/td><\/tr><tr><td>Dimension<\/td><td>\u00d8180\u00d780mm<\/td><td>&nbsp;<\/td><\/tr><tr><td>Poids<\/td><td>0,2 kg<\/td><td>&nbsp;<\/td><\/tr><tr><td>Montage<\/td><td>Montage au plafond<\/td><td>&nbsp;<\/td><\/tr><tr><td>Mat\u00e9riau du rad\u00f4me<\/td><td>ABS<\/td><td>&nbsp;<\/td><\/tr><tr><td>Vitesse du vent<\/td><td>210 km\/h<\/td><td>&nbsp;<\/td><\/tr><tr><td>Temp\u00e9rature de fonctionnement<\/td><td>-40\u2103 - +65\u2103<\/td><td>&nbsp;<\/td><\/tr><\/tbody><\/table><\/figure>","protected":false},"author":1,"featured_media":5074,"menu_order":0,"template":"","meta":{"_acf_changed":true},"product_cat":[87,337,147],"product_tag":[],"class_list":["post-2468","product","type-product","status-publish","has-post-thumbnail","hentry","product_cat-4g-lte-antennas","product_cat-698-2700-mhz-antennas","product_cat-das-antennas"],"acf":{"_sku":"TCC-0727-4V","product-image":[5074],"_price":"4.5","pdsms":null,"excerpt":"<ul>\r\n<li>Fonctionne sur la bande 698-960\/1710-2700MHz pour les r\u00e9p\u00e9teurs\/boosters 2G\/3G\/4G<\/li>\r\n<li>Couverture int\u00e9rieure omnidirectionnelle \u00e0 360<\/li>\r\n<li>Montage au plafond en int\u00e9rieur, profil bas<\/li>\r\n<li>Bo\u00eetier d'antenne robuste en ABS prot\u00e9g\u00e9 contre les UV<\/li>\r\n<li>Dimensions : \u03a6180\u00d780 mm<\/li>\r\n<li>C\u00e2ble RG58 de 30 cm avec connecteur N femelle<\/li>\r\n<\/ul>","faqs":""},"_links":{"self":[{"href":"https:\/\/www.tesswave.com\/fr\/wp-json\/wp\/v2\/product\/2468","targetHints":{"allow":["GET"]}}],"collection":[{"href":"https:\/\/www.tesswave.com\/fr\/wp-json\/wp\/v2\/product"}],"about":[{"href":"https:\/\/www.tesswave.com\/fr\/wp-json\/wp\/v2\/types\/product"}],"author":[{"embeddable":true,"href":"https:\/\/www.tesswave.com\/fr\/wp-json\/wp\/v2\/users\/1"}],"acf:attachment":[{"embeddable":true,"href":"https:\/\/www.tesswave.com\/fr\/wp-json\/wp\/v2\/media\/5074"}],"wp:featuredmedia":[{"embeddable":true,"href":"https:\/\/www.tesswave.com\/fr\/wp-json\/wp\/v2\/media\/5074"}],"wp:attachment":[{"href":"https:\/\/www.tesswave.com\/fr\/wp-json\/wp\/v2\/media?parent=2468"}],"wp:term":[{"taxonomy":"product_cat","embeddable":true,"href":"https:\/\/www.tesswave.com\/fr\/wp-json\/wp\/v2\/product_cat?post=2468"},{"taxonomy":"product_tag","embeddable":true,"href":"https:\/\/www.tesswave.com\/fr\/wp-json\/wp\/v2\/product_tag?post=2468"}],"curies":[{"name":"wp","href":"https:\/\/api.w.org\/{rel}","templated":true}]}}