{"id":2477,"date":"2022-05-30T21:16:28","date_gmt":"2022-05-30T13:16:28","guid":{"rendered":"https:\/\/www.tesswave.com\/?post_type=product&#038;p=2477"},"modified":"2025-06-19T18:46:53","modified_gmt":"2025-06-19T10:46:53","slug":"wideband-4g-5g-directional-yagi-antenna","status":"publish","type":"product","link":"https:\/\/www.tesswave.com\/fr\/product\/wideband-4g-5g-directional-yagi-antenna\/","title":{"rendered":"Antenne Yagi directionnelle large bande \u00e0 gain \u00e9lev\u00e9 pour 4G LTE\/5G 600-6000MHz"},"content":{"rendered":"<figure class=\"wp-block-table is-style-regular\"><table class=\"has-fixed-layout\"><tbody><tr><td><strong>Sp\u00e9cifications \u00e9lectriques<\/strong><\/td><td>&nbsp;<\/td><td>&nbsp;<\/td><td>&nbsp;<\/td><td><\/td><\/tr><tr><td>Fr\u00e9quence - MHz<\/td><td>600-960<\/td><td>1710-2700<\/td><td>3300-4200<\/td><td>4900-6000<\/td><\/tr><tr><td>Gain-dBi<\/td><td>9<\/td><td>11<\/td><td>10<\/td><td>11<\/td><\/tr><tr><td>TOS<\/td><td>&lt;1.5<\/td><td>&nbsp;&lt;1.5<\/td><td>&nbsp;&lt;1.5<\/td><td>&lt;1.5<\/td><\/tr><tr><td>Polarisation<\/td><td>Vertical<\/td><td>&nbsp;<\/td><td>&nbsp;<\/td><td><\/td><\/tr><tr><td>Largeur du faisceau horizontal<\/td><td>58\u00b0<\/td><td>52\u00b0<\/td><td>53\u00b0<\/td><td>53\u00b0<\/td><\/tr><tr><td>Largeur du faisceau vertical<\/td><td>52\u00b0<\/td><td>48\u00b0<\/td><td>51\u00b0<\/td><td>51\u00b0<\/td><\/tr><tr><td>Imp\u00e9dance<\/td><td>50 ohms<\/td><td>&nbsp;<\/td><td>&nbsp;<\/td><td><\/td><\/tr><tr><td>Puissance max. Puissance d'entr\u00e9e<\/td><td>100W<\/td><td>&nbsp;<\/td><td>&nbsp;<\/td><td><\/td><\/tr><tr><td>Protection contre la foudre<\/td><td>Terre DC<\/td><td>&nbsp;<\/td><td>&nbsp;<\/td><td><\/td><\/tr><tr><td><strong>Sp\u00e9cifications m\u00e9caniques<\/strong><\/td><td>&nbsp;<\/td><td>&nbsp;<\/td><td>&nbsp;<\/td><td><\/td><\/tr><tr><td>Connecteur<\/td><td>N Femme<\/td><td>&nbsp;<\/td><td>&nbsp;<\/td><td><\/td><\/tr><tr><td>Dimension<\/td><td>460\u00d7207\u00d765mm<\/td><td>&nbsp;<\/td><td>&nbsp;<\/td><td><\/td><\/tr><tr><td>Poids<\/td><td>0,9 kg<\/td><td>&nbsp;<\/td><td>&nbsp;<\/td><td><\/td><\/tr><tr><td>Montage<\/td><td>M\u00e2t \u00d840-\u00d860 mm<\/td><td>&nbsp;<\/td><td>&nbsp;<\/td><td><\/td><\/tr><tr><td>Mat\u00e9riau du rad\u00f4me<\/td><td>ABS<\/td><td>&nbsp;<\/td><td>&nbsp;<\/td><td><\/td><\/tr><tr><td>Vitesse du vent<\/td><td>210 km\/h<\/td><td>&nbsp;<\/td><td>&nbsp;<\/td><td><\/td><\/tr><tr><td>Temp\u00e9rature de fonctionnement<\/td><td>-40\u2103 - +65\u2103<\/td><td>&nbsp;<\/td><td>&nbsp;<\/td><td><\/td><\/tr><\/tbody><\/table><\/figure>","protected":false},"author":1,"featured_media":4876,"menu_order":0,"template":"","meta":{"_acf_changed":true},"product_cat":[88,336,147],"product_tag":[],"class_list":["post-2477","product","type-product","status-publish","has-post-thumbnail","hentry","product_cat-5g-antennas","product_cat-617-6000-mhz-antennas","product_cat-das-antennas"],"acf":{"_sku":"TLC-0660-11E","product-image":[4876],"_price":"12","pdsms":null,"excerpt":"<ul>\r\n<li>Fonctionne sur la bande large 600-960\/1710-2700\/3300-4200\/4900-6000MHz pour les r\u00e9p\u00e9teurs\/boosters 2G\/3G\/4G\/5G.<\/li>\r\n<li>Antenne directionnelle \u00e0 gain \u00e9lev\u00e9 9\/11\/10 dBi v\u00e9ritable<\/li>\r\n<li>Installation sur poteau \u00e0 l'ext\u00e9rieur<\/li>\r\n<li>Bo\u00eetier d'antenne robuste en ABS prot\u00e9g\u00e9 contre les UV<\/li>\r\n<li>Dimensions : 460\u00d7207\u00d765 mm<\/li>\r\n<li>C\u00e2ble RG58 de 30 cm avec connecteur N femelle<\/li>\r\n<\/ul>","faqs":""},"_links":{"self":[{"href":"https:\/\/www.tesswave.com\/fr\/wp-json\/wp\/v2\/product\/2477","targetHints":{"allow":["GET"]}}],"collection":[{"href":"https:\/\/www.tesswave.com\/fr\/wp-json\/wp\/v2\/product"}],"about":[{"href":"https:\/\/www.tesswave.com\/fr\/wp-json\/wp\/v2\/types\/product"}],"author":[{"embeddable":true,"href":"https:\/\/www.tesswave.com\/fr\/wp-json\/wp\/v2\/users\/1"}],"acf:attachment":[{"embeddable":true,"href":"https:\/\/www.tesswave.com\/fr\/wp-json\/wp\/v2\/media\/4876"}],"wp:featuredmedia":[{"embeddable":true,"href":"https:\/\/www.tesswave.com\/fr\/wp-json\/wp\/v2\/media\/4876"}],"wp:attachment":[{"href":"https:\/\/www.tesswave.com\/fr\/wp-json\/wp\/v2\/media?parent=2477"}],"wp:term":[{"taxonomy":"product_cat","embeddable":true,"href":"https:\/\/www.tesswave.com\/fr\/wp-json\/wp\/v2\/product_cat?post=2477"},{"taxonomy":"product_tag","embeddable":true,"href":"https:\/\/www.tesswave.com\/fr\/wp-json\/wp\/v2\/product_tag?post=2477"}],"curies":[{"name":"wp","href":"https:\/\/api.w.org\/{rel}","templated":true}]}}