{"id":2536,"date":"2022-05-31T16:56:20","date_gmt":"2022-05-31T08:56:20","guid":{"rendered":"https:\/\/www.tesswave.com\/?post_type=product&#038;p=2536"},"modified":"2025-06-19T18:26:52","modified_gmt":"2025-06-19T10:26:52","slug":"868mhz-8dbi-lorawan-omni-antenna","status":"publish","type":"product","link":"https:\/\/www.tesswave.com\/fr\/product\/868mhz-8dbi-lorawan-omni-antenna\/","title":{"rendered":"Antenne omnidirectionnelle ext\u00e9rieure LoRaWAN en fibre de verre 868MHz 8dBi"},"content":{"rendered":"<figure class=\"wp-block-table\"><table class=\"has-fixed-layout\"><tbody><tr><td><strong>Sp\u00e9cifications \u00e9lectriques<\/strong><\/td><td><\/td><\/tr><tr><td>Fr\u00e9quence<\/td><td>860-870 MHz<\/td><\/tr><tr><td>Gain<\/td><td>8 dBi<\/td><\/tr><tr><td>TOS<\/td><td>&lt;1.5<\/td><\/tr><tr><td>Polarisation<\/td><td>Vertical<\/td><\/tr><tr><td>Largeur du faisceau horizontal<\/td><td>360\u00b0<\/td><\/tr><tr><td>Largeur du faisceau vertical<\/td><td>16\u00b0<\/td><\/tr><tr><td>Imp\u00e9dance<\/td><td>50 ohms<\/td><\/tr><tr><td>Puissance max. Puissance d'entr\u00e9e<\/td><td>100W<\/td><\/tr><tr><td>Protection contre la foudre<\/td><td>Terre DC<\/td><\/tr><tr><td><strong>Sp\u00e9cifications m\u00e9caniques<\/strong><\/td><td>&nbsp;<\/td><\/tr><tr><td>Connecteur<\/td><td>N Femme<\/td><\/tr><tr><td>Dimension<\/td><td>\u00d820\u00d71540mm<\/td><\/tr><tr><td>Poids<\/td><td>0,7 kg<\/td><\/tr><tr><td>Montage<\/td><td>M\u00e2t \u00d840-\u00d860 mm<\/td><\/tr><tr><td>Mat\u00e9riau du rad\u00f4me<\/td><td>Fibre de verre (blanc)<\/td><\/tr><tr><td>Vitesse du vent<\/td><td>210 km\/h<\/td><\/tr><tr><td>Temp\u00e9rature de fonctionnement<\/td><td>-40\u2103 - +65\u2103<\/td><\/tr><\/tbody><\/table><\/figure>","protected":false},"author":1,"featured_media":4960,"menu_order":0,"template":"","meta":{"_acf_changed":true},"product_cat":[253,330,136],"product_tag":[],"class_list":["post-2536","product","type-product","status-publish","has-post-thumbnail","hentry","product_cat-868-915-mhz-lora-antennas","product_cat-800-900-mhz-antennas","product_cat-helium-antennas"],"acf":{"_sku":"TOF-86870-8V","product-image":[4960],"_price":"27","pdsms":null,"excerpt":"<ul>\r\n<li>Fonctionne sur la bande de fr\u00e9quence 860-870MHz<\/li>\r\n<li>Convient aux applications cellulaires, LoRa, RFID, ISM, h\u00e9lium, etc.<\/li>\r\n<li>Rayonnement omnidirectionnel pour une couverture du signal \u00e0 360 degr\u00e9s en ext\u00e9rieur<\/li>\r\n<li>Installation sur poteau \u00e0 l'ext\u00e9rieur<\/li>\r\n<li>Bo\u00eetier d'antenne en fibre de verre robuste et r\u00e9sistant aux intemp\u00e9ries<\/li>\r\n<li>Connecteur N femelle typique<\/li>\r\n<\/ul>","faqs":""},"_links":{"self":[{"href":"https:\/\/www.tesswave.com\/fr\/wp-json\/wp\/v2\/product\/2536","targetHints":{"allow":["GET"]}}],"collection":[{"href":"https:\/\/www.tesswave.com\/fr\/wp-json\/wp\/v2\/product"}],"about":[{"href":"https:\/\/www.tesswave.com\/fr\/wp-json\/wp\/v2\/types\/product"}],"author":[{"embeddable":true,"href":"https:\/\/www.tesswave.com\/fr\/wp-json\/wp\/v2\/users\/1"}],"acf:attachment":[{"embeddable":true,"href":"https:\/\/www.tesswave.com\/fr\/wp-json\/wp\/v2\/media\/4960"}],"wp:featuredmedia":[{"embeddable":true,"href":"https:\/\/www.tesswave.com\/fr\/wp-json\/wp\/v2\/media\/4960"}],"wp:attachment":[{"href":"https:\/\/www.tesswave.com\/fr\/wp-json\/wp\/v2\/media?parent=2536"}],"wp:term":[{"taxonomy":"product_cat","embeddable":true,"href":"https:\/\/www.tesswave.com\/fr\/wp-json\/wp\/v2\/product_cat?post=2536"},{"taxonomy":"product_tag","embeddable":true,"href":"https:\/\/www.tesswave.com\/fr\/wp-json\/wp\/v2\/product_tag?post=2536"}],"curies":[{"name":"wp","href":"https:\/\/api.w.org\/{rel}","templated":true}]}}