{"id":2585,"date":"2022-05-31T21:49:48","date_gmt":"2022-05-31T13:49:48","guid":{"rendered":"https:\/\/www.tesswave.com\/?post_type=product&#038;p=2585"},"modified":"2025-06-19T18:24:21","modified_gmt":"2025-06-19T10:24:21","slug":"915mhz-9dbi-circular-polarized-rfid-antenna","status":"publish","type":"product","link":"https:\/\/www.tesswave.com\/fr\/product\/915mhz-9dbi-circular-polarized-rfid-antenna\/","title":{"rendered":"915MHz 9dBi Antenne ext\u00e9rieure \u00e0 polarisation circulaire (RHCP) pour lecteur RFID UHF"},"content":{"rendered":"<figure class=\"wp-block-table is-style-regular\"><table class=\"has-fixed-layout\"><tbody><tr><td><strong>Sp\u00e9cifications \u00e9lectriques<\/strong><\/td><td>&nbsp;<\/td><\/tr><tr><td>Fr\u00e9quence<\/td><td>902-928 MHz<\/td><\/tr><tr><td>Gain<\/td><td>9 dBi<\/td><\/tr><tr><td>TOS<\/td><td>&lt;1.5<\/td><\/tr><tr><td>Polarisation<\/td><td>Circulaire (\u00e0 droite)<\/td><\/tr><tr><td>Largeur du faisceau horizontal<\/td><td>80\u00b0<\/td><\/tr><tr><td>Largeur du faisceau vertical<\/td><td>68\u00b0<\/td><\/tr><tr><td>Rapport F\/B<\/td><td>\u226518dB<\/td><\/tr><tr><td>Imp\u00e9dance<\/td><td>50 ohms<\/td><\/tr><tr><td>Puissance max. Puissance d'entr\u00e9e<\/td><td>100W<\/td><\/tr><tr><td>Protection contre la foudre<\/td><td>Terre DC<\/td><\/tr><tr><td><strong>Sp\u00e9cifications m\u00e9caniques<\/strong><\/td><td>&nbsp;<\/td><\/tr><tr><td>Connecteur<\/td><td>N Femme<\/td><\/tr><tr><td>Dimension<\/td><td>250\u00d7250\u00d735mm<\/td><\/tr><tr><td>Poids<\/td><td>0,5 kg<\/td><\/tr><tr><td>Montage<\/td><td>M\u00e2t \u00d840-\u00d860 mm<\/td><\/tr><tr><td>Mat\u00e9riau du rad\u00f4me<\/td><td>ABS<\/td><\/tr><tr><td>Vitesse du vent<\/td><td>210 km\/h<\/td><\/tr><tr><td>Temp\u00e9rature de fonctionnement<\/td><td>-40\u2103 - +65\u2103<\/td><\/tr><\/tbody><\/table><\/figure>","protected":false},"author":1,"featured_media":5003,"menu_order":0,"template":"","meta":{"_acf_changed":true},"product_cat":[89,330],"product_tag":[],"class_list":["post-2585","product","type-product","status-publish","has-post-thumbnail","hentry","product_cat-rfid-antennas","product_cat-800-900-mhz-antennas"],"acf":{"_sku":"TPC-90930-9RC","product-image":[5003],"_price":"20","pdsms":null,"excerpt":"<ul>\r\n<li>Fonctionne sur la bande de fr\u00e9quence 902-928MHz<\/li>\r\n<li>Id\u00e9al pour les applications RFID, LoRa, ISM, M2M, etc.<\/li>\r\n<li>V\u00e9ritable gain 8dBi<\/li>\r\n<li>Polarisation circulaire droite<\/li>\r\n<li>Installation sur poteau \u00e0 l'ext\u00e9rieur<\/li>\r\n<li>Bo\u00eetier d'antenne robuste en ABS prot\u00e9g\u00e9 contre les UV<\/li>\r\n<li>Dimensions : 250\u00d7250\u00d735 mm<\/li>\r\n<li>N Connecteur femelle<\/li>\r\n<\/ul>","faqs":""},"_links":{"self":[{"href":"https:\/\/www.tesswave.com\/fr\/wp-json\/wp\/v2\/product\/2585","targetHints":{"allow":["GET"]}}],"collection":[{"href":"https:\/\/www.tesswave.com\/fr\/wp-json\/wp\/v2\/product"}],"about":[{"href":"https:\/\/www.tesswave.com\/fr\/wp-json\/wp\/v2\/types\/product"}],"author":[{"embeddable":true,"href":"https:\/\/www.tesswave.com\/fr\/wp-json\/wp\/v2\/users\/1"}],"acf:attachment":[{"embeddable":true,"href":"https:\/\/www.tesswave.com\/fr\/wp-json\/wp\/v2\/media\/5003"}],"wp:featuredmedia":[{"embeddable":true,"href":"https:\/\/www.tesswave.com\/fr\/wp-json\/wp\/v2\/media\/5003"}],"wp:attachment":[{"href":"https:\/\/www.tesswave.com\/fr\/wp-json\/wp\/v2\/media?parent=2585"}],"wp:term":[{"taxonomy":"product_cat","embeddable":true,"href":"https:\/\/www.tesswave.com\/fr\/wp-json\/wp\/v2\/product_cat?post=2585"},{"taxonomy":"product_tag","embeddable":true,"href":"https:\/\/www.tesswave.com\/fr\/wp-json\/wp\/v2\/product_tag?post=2585"}],"curies":[{"name":"wp","href":"https:\/\/api.w.org\/{rel}","templated":true}]}}