{"id":2591,"date":"2022-05-31T21:56:23","date_gmt":"2022-05-31T13:56:23","guid":{"rendered":"https:\/\/www.tesswave.com\/?post_type=product&#038;p=2591"},"modified":"2025-06-19T18:22:27","modified_gmt":"2025-06-19T10:22:27","slug":"868-mhz-9dbi-directional-rfid-panel-antenna","status":"publish","type":"product","link":"https:\/\/www.tesswave.com\/fr\/product\/868-mhz-9dbi-directional-rfid-panel-antenna\/","title":{"rendered":"Antenne panneau RFID UHF directionnelle polaris\u00e9e circulaire ext\u00e9rieure 868MHz 9dBi"},"content":{"rendered":"<figure class=\"wp-block-table\"><table class=\"has-fixed-layout\"><tbody><tr><td><strong>Sp\u00e9cifications \u00e9lectriques<\/strong><\/td><td><\/td><\/tr><tr><td>Fr\u00e9quence<\/td><td>860-870 MHz<\/td><\/tr><tr><td>Gain<\/td><td>9 dBi<\/td><\/tr><tr><td>TOS<\/td><td>&lt;1.5<\/td><\/tr><tr><td>Polarisation<\/td><td>Circulaire (\u00e0 droite)<\/td><\/tr><tr><td>Largeur du faisceau horizontal<\/td><td>65\u00b0<\/td><\/tr><tr><td>Largeur du faisceau vertical<\/td><td>66\u00b0<\/td><\/tr><tr><td>Rapport axial<\/td><td>2 dB<\/td><\/tr><tr><td>Imp\u00e9dance<\/td><td>50 ohms<\/td><\/tr><tr><td>Puissance max. Puissance d'entr\u00e9e<\/td><td>50W<\/td><\/tr><tr><td>Protection contre la foudre<\/td><td>Terre DC<\/td><\/tr><tr><td><strong>Sp\u00e9cifications m\u00e9caniques<\/strong><\/td><td>&nbsp;<\/td><\/tr><tr><td>Connecteur<\/td><td>N Femme<\/td><\/tr><tr><td>Dimension<\/td><td>250\u00d7250\u00d735mm<\/td><\/tr><tr><td>Poids<\/td><td>0,5 kg<\/td><\/tr><tr><td>Montage<\/td><td>M\u00e2t \u00d840-\u00d860 mm<\/td><\/tr><tr><td>Mat\u00e9riau du rad\u00f4me<\/td><td>ABS<\/td><\/tr><tr><td>Vitesse du vent<\/td><td>210 km\/h<\/td><\/tr><tr><td>Temp\u00e9rature de fonctionnement<\/td><td>-40\u2103 - +65\u2103<\/td><\/tr><\/tbody><\/table><\/figure>","protected":false},"author":1,"featured_media":5007,"menu_order":0,"template":"","meta":{"_acf_changed":true},"product_cat":[89,330],"product_tag":[],"class_list":["post-2591","product","type-product","status-publish","has-post-thumbnail","hentry","product_cat-rfid-antennas","product_cat-800-900-mhz-antennas"],"acf":{"_sku":"TPC-86870-9RC","product-image":[5007],"_price":"20","pdsms":null,"excerpt":"<ul>\r\n<li>Fonctionne dans la bande de fr\u00e9quences 860-930MHz<\/li>\r\n<li>Id\u00e9al pour les applications RFID, LoRa, ISM, M2M, etc.<\/li>\r\n<li>Polarisation lin\u00e9aire ou circulaire<\/li>\r\n<li>Installation sur poteau \u00e0 l'ext\u00e9rieur<\/li>\r\n<li>Bo\u00eetier d'antenne robuste en ABS prot\u00e9g\u00e9 contre les UV<\/li>\r\n<li>N Connecteur femelle<\/li>\r\n<\/ul>","faqs":""},"_links":{"self":[{"href":"https:\/\/www.tesswave.com\/fr\/wp-json\/wp\/v2\/product\/2591","targetHints":{"allow":["GET"]}}],"collection":[{"href":"https:\/\/www.tesswave.com\/fr\/wp-json\/wp\/v2\/product"}],"about":[{"href":"https:\/\/www.tesswave.com\/fr\/wp-json\/wp\/v2\/types\/product"}],"author":[{"embeddable":true,"href":"https:\/\/www.tesswave.com\/fr\/wp-json\/wp\/v2\/users\/1"}],"acf:attachment":[{"embeddable":true,"href":"https:\/\/www.tesswave.com\/fr\/wp-json\/wp\/v2\/media\/5007"}],"wp:featuredmedia":[{"embeddable":true,"href":"https:\/\/www.tesswave.com\/fr\/wp-json\/wp\/v2\/media\/5007"}],"wp:attachment":[{"href":"https:\/\/www.tesswave.com\/fr\/wp-json\/wp\/v2\/media?parent=2591"}],"wp:term":[{"taxonomy":"product_cat","embeddable":true,"href":"https:\/\/www.tesswave.com\/fr\/wp-json\/wp\/v2\/product_cat?post=2591"},{"taxonomy":"product_tag","embeddable":true,"href":"https:\/\/www.tesswave.com\/fr\/wp-json\/wp\/v2\/product_tag?post=2591"}],"curies":[{"name":"wp","href":"https:\/\/api.w.org\/{rel}","templated":true}]}}