{"id":2652,"date":"2022-06-08T16:57:45","date_gmt":"2022-06-08T08:57:45","guid":{"rendered":"https:\/\/www.tesswave.com\/?post_type=product&#038;p=2652"},"modified":"2025-06-19T18:19:59","modified_gmt":"2025-06-19T10:19:59","slug":"450-470-mhz-12dbi-uhf-yagi-antenna","status":"publish","type":"product","link":"https:\/\/www.tesswave.com\/fr\/product\/450-470-mhz-12dbi-uhf-yagi-antenna\/","title":{"rendered":"450-470MHz 12dBi Antenne Yagi UHF GMRS \u00e0 haut gain"},"content":{"rendered":"<figure class=\"wp-block-table\"><table class=\"has-fixed-layout\"><tbody><tr><td><strong>Sp\u00e9cifications \u00e9lectriques<\/strong><\/td><td>&nbsp;<\/td><\/tr><tr><td>Fr\u00e9quence<\/td><td>450-470 MHz<\/td><\/tr><tr><td>Gain<\/td><td>12 dBi<\/td><\/tr><tr><td>TOS<\/td><td>&lt;1.5<\/td><\/tr><tr><td>Polarisation<\/td><td>Vertical<\/td><\/tr><tr><td>Largeur du faisceau horizontal<\/td><td>49\u00b0<\/td><\/tr><tr><td>Largeur du faisceau vertical<\/td><td>48\u00b0<\/td><\/tr><tr><td>Rapport F\/B<\/td><td>\u226515dB<\/td><\/tr><tr><td>Imp\u00e9dance<\/td><td>50 ohms<\/td><\/tr><tr><td>Puissance max. Puissance d'entr\u00e9e<\/td><td>100W<\/td><\/tr><tr><td>Protection contre la foudre<\/td><td>Terre DC<\/td><\/tr><tr><td><strong>Sp\u00e9cifications m\u00e9caniques<\/strong><\/td><td>&nbsp;<\/td><\/tr><tr><td>Connecteur<\/td><td>N Femme<\/td><\/tr><tr><td>Dimension<\/td><td>990\u00d7370\u00d780 mm<\/td><\/tr><tr><td>Poids<\/td><td>0,8 kg<\/td><\/tr><tr><td>Montage<\/td><td>M\u00e2t \u00d840-\u00d860 mm<\/td><\/tr><tr><td>Vitesse du vent<\/td><td>210 km\/h<\/td><\/tr><tr><td>Temp\u00e9rature de fonctionnement<\/td><td>-40\u2103 - +65\u2103<\/td><\/tr><\/tbody><\/table><\/figure>","protected":false},"author":1,"featured_media":4917,"menu_order":0,"template":"","meta":{"_acf_changed":true},"product_cat":[102,329],"product_tag":[],"class_list":["post-2652","product","type-product","status-publish","has-post-thumbnail","hentry","product_cat-vhf-uhf-yagi-antennas","product_cat-300-800-mhz-antennas"],"acf":{"_sku":"","product-image":[4917],"_price":"17","pdsms":null,"excerpt":"<ul>\r\n<li>Gamme de fr\u00e9quences : 450-470MHz<\/li>\r\n<li>Gain \u00e9lev\u00e9<\/li>\r\n<li>Rayonnement directionnel pour une connexion point \u00e0 point<\/li>\r\n<li>Id\u00e9al pour GMRS, UHF<\/li>\r\n<li>Connecteur N femelle typique avec c\u00e2ble de 30 cm<\/li>\r\n<\/ul>","faqs":""},"_links":{"self":[{"href":"https:\/\/www.tesswave.com\/fr\/wp-json\/wp\/v2\/product\/2652","targetHints":{"allow":["GET"]}}],"collection":[{"href":"https:\/\/www.tesswave.com\/fr\/wp-json\/wp\/v2\/product"}],"about":[{"href":"https:\/\/www.tesswave.com\/fr\/wp-json\/wp\/v2\/types\/product"}],"author":[{"embeddable":true,"href":"https:\/\/www.tesswave.com\/fr\/wp-json\/wp\/v2\/users\/1"}],"acf:attachment":[{"embeddable":true,"href":"https:\/\/www.tesswave.com\/fr\/wp-json\/wp\/v2\/media\/4917"}],"wp:featuredmedia":[{"embeddable":true,"href":"https:\/\/www.tesswave.com\/fr\/wp-json\/wp\/v2\/media\/4917"}],"wp:attachment":[{"href":"https:\/\/www.tesswave.com\/fr\/wp-json\/wp\/v2\/media?parent=2652"}],"wp:term":[{"taxonomy":"product_cat","embeddable":true,"href":"https:\/\/www.tesswave.com\/fr\/wp-json\/wp\/v2\/product_cat?post=2652"},{"taxonomy":"product_tag","embeddable":true,"href":"https:\/\/www.tesswave.com\/fr\/wp-json\/wp\/v2\/product_tag?post=2652"}],"curies":[{"name":"wp","href":"https:\/\/api.w.org\/{rel}","templated":true}]}}