{"id":2828,"date":"2022-06-22T22:54:46","date_gmt":"2022-06-22T14:54:46","guid":{"rendered":"https:\/\/www.tesswave.com\/?post_type=product&#038;p=2828"},"modified":"2025-06-19T18:17:34","modified_gmt":"2025-06-19T10:17:34","slug":"868-915-mhz-13dbi-directional-lora-sector-antenna","status":"publish","type":"product","link":"https:\/\/www.tesswave.com\/fr\/product\/868-915-mhz-13dbi-directional-lora-sector-antenna\/","title":{"rendered":"860-930MHz 13dBi Antenne sectorielle directionnelle LoRa 120 degr\u00e9s"},"content":{"rendered":"<figure class=\"wp-block-table\"><table class=\"has-fixed-layout\"><tbody><tr><td><strong>Sp\u00e9cifications \u00e9lectriques<\/strong><\/td><td>&nbsp;<\/td><\/tr><tr><td>Fr\u00e9quence<\/td><td>860-930 MHz<\/td><\/tr><tr><td>Gain<\/td><td>13 dBi<\/td><\/tr><tr><td>TOS<\/td><td>&lt;1.5<\/td><\/tr><tr><td>Polarisation<\/td><td>Vertical<\/td><\/tr><tr><td>Largeur du faisceau horizontal<\/td><td>120\u00b0<\/td><\/tr><tr><td>Largeur du faisceau vertical<\/td><td>16\u00b0<\/td><\/tr><tr><td>Rapport F\/B<\/td><td>\u226523dB<\/td><\/tr><tr><td>Imp\u00e9dance<\/td><td>50 ohms<\/td><\/tr><tr><td>Puissance max. Puissance d'entr\u00e9e<\/td><td>100W<\/td><\/tr><tr><td>Protection contre la foudre<\/td><td>Terre DC<\/td><\/tr><tr><td><strong>Sp\u00e9cifications m\u00e9caniques<\/strong><\/td><td>&nbsp;<\/td><\/tr><tr><td>Connecteur<\/td><td>N Femme<\/td><\/tr><tr><td>Dimension<\/td><td>1150\u00d7290\u00d7130mm<\/td><\/tr><tr><td>Poids<\/td><td>6,75 kg<\/td><\/tr><tr><td>Montage<\/td><td>M\u00e2t \u00d840-\u00d860 mm<\/td><\/tr><tr><td>Mat\u00e9riau du rad\u00f4me<\/td><td>R\u00e9sistance aux UV PVC<\/td><\/tr><tr><td>Vitesse du vent<\/td><td>210 km\/h<\/td><\/tr><tr><td>Temp\u00e9rature de fonctionnement<\/td><td>-40\u2103 - +65\u2103<\/td><\/tr><\/tbody><\/table><\/figure>","protected":false},"author":1,"featured_media":4900,"menu_order":0,"template":"","meta":{"_acf_changed":true},"product_cat":[136,330,253],"product_tag":[],"class_list":["post-2828","product","type-product","status-publish","has-post-thumbnail","hentry","product_cat-helium-antennas","product_cat-800-900-mhz-antennas","product_cat-868-915-mhz-lora-antennas"],"acf":{"_sku":"TSC-86930-13V120","product-image":[4900],"_price":"149","pdsms":null,"excerpt":"<ul>\r\n<li>Fonctionne dans la bande de fr\u00e9quences 860-930MHz<\/li>\r\n<li>Largeur de faisceau horizontale de 120 degr\u00e9s<\/li>\r\n<li>Polarisation lin\u00e9aire verticale<\/li>\r\n<li>Supports de montage robustes<\/li>\r\n<li>Bo\u00eetier d'antenne robuste en PVC prot\u00e9g\u00e9 contre les UV<\/li>\r\n<li>N Connecteur femelle<\/li>\r\n<\/ul>","faqs":""},"_links":{"self":[{"href":"https:\/\/www.tesswave.com\/fr\/wp-json\/wp\/v2\/product\/2828","targetHints":{"allow":["GET"]}}],"collection":[{"href":"https:\/\/www.tesswave.com\/fr\/wp-json\/wp\/v2\/product"}],"about":[{"href":"https:\/\/www.tesswave.com\/fr\/wp-json\/wp\/v2\/types\/product"}],"author":[{"embeddable":true,"href":"https:\/\/www.tesswave.com\/fr\/wp-json\/wp\/v2\/users\/1"}],"acf:attachment":[{"embeddable":true,"href":"https:\/\/www.tesswave.com\/fr\/wp-json\/wp\/v2\/media\/4900"}],"wp:featuredmedia":[{"embeddable":true,"href":"https:\/\/www.tesswave.com\/fr\/wp-json\/wp\/v2\/media\/4900"}],"wp:attachment":[{"href":"https:\/\/www.tesswave.com\/fr\/wp-json\/wp\/v2\/media?parent=2828"}],"wp:term":[{"taxonomy":"product_cat","embeddable":true,"href":"https:\/\/www.tesswave.com\/fr\/wp-json\/wp\/v2\/product_cat?post=2828"},{"taxonomy":"product_tag","embeddable":true,"href":"https:\/\/www.tesswave.com\/fr\/wp-json\/wp\/v2\/product_tag?post=2828"}],"curies":[{"name":"wp","href":"https:\/\/api.w.org\/{rel}","templated":true}]}}