{"id":3217,"date":"2022-07-08T16:09:56","date_gmt":"2022-07-08T08:09:56","guid":{"rendered":"https:\/\/www.tesswave.com\/?post_type=product&#038;p=3217"},"modified":"2025-06-19T18:17:16","modified_gmt":"2025-06-19T10:17:16","slug":"868mhz-12dbi-lora-panel-antenna","status":"publish","type":"product","link":"https:\/\/www.tesswave.com\/fr\/product\/868mhz-12dbi-lora-panel-antenna\/","title":{"rendered":"868MHz 12dBi Antenne panneau LoRa directionnelle \u00e0 longue port\u00e9e"},"content":{"rendered":"<figure class=\"wp-block-table\"><table class=\"has-fixed-layout\"><tbody><tr><td><strong>Sp\u00e9cifications \u00e9lectriques<\/strong><\/td><td>&nbsp;<\/td><\/tr><tr><td>Fr\u00e9quence<\/td><td>860-870 MHz<\/td><\/tr><tr><td>Gain<\/td><td>12 dBi<\/td><\/tr><tr><td>TOS<\/td><td>&lt;1.5<\/td><\/tr><tr><td>Polarisation<\/td><td>Lin\u00e9aire vertical<\/td><\/tr><tr><td>Largeur du faisceau horizontal<\/td><td>41\u00b0<\/td><\/tr><tr><td>Largeur du faisceau vertical<\/td><td>39\u00b0<\/td><\/tr><tr><td>Rapport F\/B<\/td><td>\u226518dB<\/td><\/tr><tr><td>Imp\u00e9dance<\/td><td>50 ohms<\/td><\/tr><tr><td>Puissance max. Puissance d'entr\u00e9e<\/td><td>100W<\/td><\/tr><tr><td>Protection contre la foudre<\/td><td>Terre DC<\/td><\/tr><tr><td><strong>Sp\u00e9cifications m\u00e9caniques<\/strong><\/td><td>&nbsp;<\/td><\/tr><tr><td>Connecteur<\/td><td>N Femme<\/td><\/tr><tr><td>Dimension<\/td><td>450\u00d7450\u00d740mm<\/td><\/tr><tr><td>Poids<\/td><td>2 kg<\/td><\/tr><tr><td>Montage<\/td><td>M\u00e2t \u00d840-\u00d860 mm<\/td><\/tr><tr><td>Mat\u00e9riau du rad\u00f4me<\/td><td>ABS<\/td><\/tr><tr><td>Vitesse du vent<\/td><td>210 km\/h<\/td><\/tr><tr><td>Temp\u00e9rature de fonctionnement<\/td><td>-40\u2103 - +65\u2103<\/td><\/tr><\/tbody><\/table><\/figure>","protected":false},"author":1,"featured_media":7424,"menu_order":0,"template":"","meta":{"_acf_changed":true},"product_cat":[253,330],"product_tag":[],"class_list":["post-3217","product","type-product","status-publish","has-post-thumbnail","hentry","product_cat-868-915-mhz-lora-antennas","product_cat-800-900-mhz-antennas"],"acf":{"_sku":"TPC-86870-12V","product-image":[7424],"_price":"63","pdsms":null,"excerpt":"<ul>\r\n<li>Fonctionne sur la bande de fr\u00e9quence 860-870MHz<\/li>\r\n<li>Convient aux applications cellulaires, LoRa, RFID, ISM, h\u00e9lium, etc.<\/li>\r\n<li>Rayonnement directionnel pour une connexion point \u00e0 point \u00e0 longue port\u00e9e<\/li>\r\n<li>Installation sur poteau \u00e0 l'ext\u00e9rieur<\/li>\r\n<li>Robuste et r\u00e9sistant aux intemp\u00e9ries<\/li>\r\n<li>Connecteur N femelle typique<\/li>\r\n<\/ul>","faqs":""},"_links":{"self":[{"href":"https:\/\/www.tesswave.com\/fr\/wp-json\/wp\/v2\/product\/3217","targetHints":{"allow":["GET"]}}],"collection":[{"href":"https:\/\/www.tesswave.com\/fr\/wp-json\/wp\/v2\/product"}],"about":[{"href":"https:\/\/www.tesswave.com\/fr\/wp-json\/wp\/v2\/types\/product"}],"author":[{"embeddable":true,"href":"https:\/\/www.tesswave.com\/fr\/wp-json\/wp\/v2\/users\/1"}],"acf:attachment":[{"embeddable":true,"href":"https:\/\/www.tesswave.com\/fr\/wp-json\/wp\/v2\/media\/7424"}],"wp:featuredmedia":[{"embeddable":true,"href":"https:\/\/www.tesswave.com\/fr\/wp-json\/wp\/v2\/media\/7424"}],"wp:attachment":[{"href":"https:\/\/www.tesswave.com\/fr\/wp-json\/wp\/v2\/media?parent=3217"}],"wp:term":[{"taxonomy":"product_cat","embeddable":true,"href":"https:\/\/www.tesswave.com\/fr\/wp-json\/wp\/v2\/product_cat?post=3217"},{"taxonomy":"product_tag","embeddable":true,"href":"https:\/\/www.tesswave.com\/fr\/wp-json\/wp\/v2\/product_tag?post=3217"}],"curies":[{"name":"wp","href":"https:\/\/api.w.org\/{rel}","templated":true}]}}