{"id":3222,"date":"2022-07-08T16:22:00","date_gmt":"2022-07-08T08:22:00","guid":{"rendered":"https:\/\/www.tesswave.com\/?post_type=product&#038;p=3222"},"modified":"2025-06-19T18:16:58","modified_gmt":"2025-06-19T10:16:58","slug":"900mhz-12dbi-directional-panel-antenna","status":"publish","type":"product","link":"https:\/\/www.tesswave.com\/fr\/product\/900mhz-12dbi-directional-panel-antenna\/","title":{"rendered":"902-928MHz 12dBi Antenne panneau directionnelle \u00e0 polarisation lin\u00e9aire"},"content":{"rendered":"<figure class=\"wp-block-table is-style-regular\"><table class=\"has-fixed-layout\"><tbody><tr><td><strong>Sp\u00e9cifications \u00e9lectriques<\/strong><\/td><td>&nbsp;<\/td><\/tr><tr><td>Fr\u00e9quence<\/td><td>902-928 MHz<\/td><\/tr><tr><td>Gain<\/td><td>12 dBi<\/td><\/tr><tr><td>TOS<\/td><td>&lt;1.5<\/td><\/tr><tr><td>Polarisation<\/td><td>Lin\u00e9aire vertical<\/td><\/tr><tr><td>Largeur du faisceau horizontal<\/td><td>41\u00b0<\/td><\/tr><tr><td>Largeur du faisceau vertical<\/td><td>39\u00b0<\/td><\/tr><tr><td>Rapport F\/B<\/td><td>\u226518dB<\/td><\/tr><tr><td>Imp\u00e9dance<\/td><td>50 ohms<\/td><\/tr><tr><td>Puissance max. Puissance d'entr\u00e9e<\/td><td>100W<\/td><\/tr><tr><td>Protection contre la foudre<\/td><td>Terre DC<\/td><\/tr><tr><td><strong>Sp\u00e9cifications m\u00e9caniques<\/strong><\/td><td>&nbsp;<\/td><\/tr><tr><td>Connecteur<\/td><td>N Femme<\/td><\/tr><tr><td>Dimension<\/td><td>450\u00d7450\u00d740mm<\/td><\/tr><tr><td>Poids<\/td><td>2 kg<\/td><\/tr><tr><td>Montage<\/td><td>M\u00e2t \u00d840-\u00d860 mm<\/td><\/tr><tr><td>Mat\u00e9riau du rad\u00f4me<\/td><td>ABS<\/td><\/tr><tr><td>Vitesse du vent<\/td><td>210 km\/h<\/td><\/tr><tr><td>Temp\u00e9rature de fonctionnement<\/td><td>-40\u2103 - +65\u2103<\/td><\/tr><\/tbody><\/table><\/figure>","protected":false},"author":1,"featured_media":4889,"menu_order":0,"template":"","meta":{"_acf_changed":true},"product_cat":[253,330],"product_tag":[],"class_list":["post-3222","product","type-product","status-publish","has-post-thumbnail","hentry","product_cat-868-915-mhz-lora-antennas","product_cat-800-900-mhz-antennas"],"acf":{"_sku":"TPC-90930-12V","product-image":[4889],"_price":"63","pdsms":null,"excerpt":"<ul>\r\n<li>Fonctionne sur la bande de fr\u00e9quence 902-928MHz<\/li>\r\n<li>Id\u00e9al pour les applications RFID, LoRa, ISM, M2M, etc.<\/li>\r\n<li>V\u00e9ritable gain \u00e9lev\u00e9 de 12dBi<\/li>\r\n<li>Polarisation lin\u00e9aire verticale<\/li>\r\n<li>Installation sur poteau \u00e0 l'ext\u00e9rieur<\/li>\r\n<li>Bo\u00eetier d'antenne robuste en ABS prot\u00e9g\u00e9 contre les UV<\/li>\r\n<li>Dimensions : 450\u00d7450\u00d740 mm<\/li>\r\n<li>N Connecteur femelle<\/li>\r\n<\/ul>","faqs":""},"_links":{"self":[{"href":"https:\/\/www.tesswave.com\/fr\/wp-json\/wp\/v2\/product\/3222","targetHints":{"allow":["GET"]}}],"collection":[{"href":"https:\/\/www.tesswave.com\/fr\/wp-json\/wp\/v2\/product"}],"about":[{"href":"https:\/\/www.tesswave.com\/fr\/wp-json\/wp\/v2\/types\/product"}],"author":[{"embeddable":true,"href":"https:\/\/www.tesswave.com\/fr\/wp-json\/wp\/v2\/users\/1"}],"acf:attachment":[{"embeddable":true,"href":"https:\/\/www.tesswave.com\/fr\/wp-json\/wp\/v2\/media\/4889"}],"wp:featuredmedia":[{"embeddable":true,"href":"https:\/\/www.tesswave.com\/fr\/wp-json\/wp\/v2\/media\/4889"}],"wp:attachment":[{"href":"https:\/\/www.tesswave.com\/fr\/wp-json\/wp\/v2\/media?parent=3222"}],"wp:term":[{"taxonomy":"product_cat","embeddable":true,"href":"https:\/\/www.tesswave.com\/fr\/wp-json\/wp\/v2\/product_cat?post=3222"},{"taxonomy":"product_tag","embeddable":true,"href":"https:\/\/www.tesswave.com\/fr\/wp-json\/wp\/v2\/product_tag?post=3222"}],"curies":[{"name":"wp","href":"https:\/\/api.w.org\/{rel}","templated":true}]}}