{"id":3506,"date":"2022-07-25T16:05:40","date_gmt":"2022-07-25T08:05:40","guid":{"rendered":"https:\/\/www.tesswave.com\/?post_type=product&#038;p=3506"},"modified":"2025-06-19T18:09:38","modified_gmt":"2025-06-19T10:09:38","slug":"617-6000-mhz-outdoor-omni-4g-5g-cellular-antenna","status":"publish","type":"product","link":"https:\/\/www.tesswave.com\/fr\/product\/617-6000-mhz-outdoor-omni-4g-5g-cellular-antenna\/","title":{"rendered":"617-6000MHz Antenne cellulaire omni 4G\/5G \u00e0 large bande pour l'ext\u00e9rieur"},"content":{"rendered":"<figure class=\"wp-block-table is-style-regular\"><table class=\"has-fixed-layout\"><tbody><tr><td><strong>Sp\u00e9cifications \u00e9lectriques<\/strong><\/td><td>&nbsp;<\/td><\/tr><tr><td>Fr\u00e9quence-MHz<\/td><td>617-960\/1710-3800\/4900-6000<\/td><\/tr><tr><td>Gain-dBi<\/td><td>2.5\/3.5\/4<\/td><\/tr><tr><td>TOS<\/td><td>&lt;2.2<\/td><\/tr><tr><td>Polarisation<\/td><td>Vertical<\/td><\/tr><tr><td>Largeur du faisceau horizontal<\/td><td>360\u00b0<\/td><\/tr><tr><td>Largeur du faisceau vertical<\/td><td>60\u00b0<\/td><\/tr><tr><td>Imp\u00e9dance<\/td><td>50 ohms<\/td><\/tr><tr><td>Puissance max. Puissance d'entr\u00e9e<\/td><td>50W<\/td><\/tr><tr><td>Protection contre la foudre<\/td><td>Terre DC<\/td><\/tr><tr><td><strong>Sp\u00e9cifications m\u00e9caniques<\/strong><\/td><td>&nbsp;<\/td><\/tr><tr><td>Connecteur<\/td><td>N M\u00e2le<\/td><\/tr><tr><td>Dimension<\/td><td>\u00d825\u00d7200 mm<\/td><\/tr><tr><td>Poids<\/td><td>0,06 kg<\/td><\/tr><tr><td>Montage<\/td><td>A visser<\/td><\/tr><tr><td>Mat\u00e9riau du rad\u00f4me<\/td><td>Fibre de verre<\/td><\/tr><tr><td>Vitesse du vent<\/td><td>210 km\/h<\/td><\/tr><tr><td>Temp\u00e9rature de fonctionnement<\/td><td>-40\u2103 - +65\u2103<\/td><\/tr><\/tbody><\/table><\/figure>","protected":false},"author":1,"featured_media":4866,"menu_order":0,"template":"","meta":{"_acf_changed":true},"product_cat":[88,336],"product_tag":[],"class_list":["post-3506","product","type-product","status-publish","has-post-thumbnail","hentry","product_cat-5g-antennas","product_cat-617-6000-mhz-antennas"],"acf":{"_sku":"TOF-0660-4V","product-image":[4866],"_price":"5","pdsms":null,"excerpt":"<ul>\r\n<li>Fonctionne sur la bande 617-960\/1710-3800\/4900-6000MHz pour les r\u00e9p\u00e9teurs\/booster 2G\/3G\/4G\/5G<\/li>\r\n<li>Rayonnement omnidirectionnel<\/li>\r\n<li>Attachez vos appareils \u00e0 l'ext\u00e9rieur<\/li>\r\n<li>Bo\u00eetier d'antenne robuste en fibre de verre<\/li>\r\n<li>Connecteur m\u00e2le N<\/li>\r\n<li>\u00c9l\u00e9ment PCB \u00e0 l'int\u00e9rieur, haute performance<\/li>\r\n<\/ul>","faqs":""},"_links":{"self":[{"href":"https:\/\/www.tesswave.com\/fr\/wp-json\/wp\/v2\/product\/3506","targetHints":{"allow":["GET"]}}],"collection":[{"href":"https:\/\/www.tesswave.com\/fr\/wp-json\/wp\/v2\/product"}],"about":[{"href":"https:\/\/www.tesswave.com\/fr\/wp-json\/wp\/v2\/types\/product"}],"author":[{"embeddable":true,"href":"https:\/\/www.tesswave.com\/fr\/wp-json\/wp\/v2\/users\/1"}],"acf:attachment":[{"embeddable":true,"href":"https:\/\/www.tesswave.com\/fr\/wp-json\/wp\/v2\/media\/4866"}],"wp:featuredmedia":[{"embeddable":true,"href":"https:\/\/www.tesswave.com\/fr\/wp-json\/wp\/v2\/media\/4866"}],"wp:attachment":[{"href":"https:\/\/www.tesswave.com\/fr\/wp-json\/wp\/v2\/media?parent=3506"}],"wp:term":[{"taxonomy":"product_cat","embeddable":true,"href":"https:\/\/www.tesswave.com\/fr\/wp-json\/wp\/v2\/product_cat?post=3506"},{"taxonomy":"product_tag","embeddable":true,"href":"https:\/\/www.tesswave.com\/fr\/wp-json\/wp\/v2\/product_tag?post=3506"}],"curies":[{"name":"wp","href":"https:\/\/api.w.org\/{rel}","templated":true}]}}