{"id":3526,"date":"2022-07-25T17:55:24","date_gmt":"2022-07-25T09:55:24","guid":{"rendered":"https:\/\/www.tesswave.com\/?post_type=product&#038;p=3526"},"modified":"2025-06-19T18:06:27","modified_gmt":"2025-06-19T10:06:27","slug":"outdoor-mimo-4g-lte-5g-omni-antenna","status":"publish","type":"product","link":"https:\/\/www.tesswave.com\/fr\/product\/outdoor-mimo-4g-lte-5g-omni-antenna\/","title":{"rendered":"Antenne omni 4G LTE\/5G 4\u00d74 MIMO pour l'ext\u00e9rieur 617-6000MHz"},"content":{"rendered":"<figure class=\"wp-block-table is-style-regular\"><table class=\"has-fixed-layout\"><tbody><tr><td><strong>Sp\u00e9cifications \u00e9lectriques<\/strong><\/td><td>&nbsp;<\/td><\/tr><tr><td>Fr\u00e9quence-MHz<\/td><td>617-960\/1710-3800\/4900-6000<\/td><\/tr><tr><td>Gain-dBi<\/td><td>2.5\/3.5\/4<\/td><\/tr><tr><td>TOS<\/td><td>&lt;2.5<\/td><\/tr><tr><td>Polarisation<\/td><td>Vertical<\/td><\/tr><tr><td>Largeur du faisceau horizontal<\/td><td>360\u00b0<\/td><\/tr><tr><td>Largeur du faisceau vertical<\/td><td>60\u00b0<\/td><\/tr><tr><td>Imp\u00e9dance<\/td><td>50 ohms<\/td><\/tr><tr><td>Puissance max. Puissance d'entr\u00e9e<\/td><td>50W<\/td><\/tr><tr><td>Protection contre la foudre<\/td><td>Terre DC<\/td><\/tr><tr><td><strong>Sp\u00e9cifications m\u00e9caniques<\/strong><\/td><td>&nbsp;<\/td><\/tr><tr><td>Connecteur<\/td><td>4xRP-SMA m\u00e2le<\/td><\/tr><tr><td>C\u00e2ble<\/td><td>30cm RG58U<\/td><\/tr><tr><td>Dimension<\/td><td>\u00d8132\u00d7220 mm<\/td><\/tr><tr><td>Poids<\/td><td>1,2 kg<\/td><\/tr><tr><td>Montage<\/td><td>M\u00e2t \u00d840-\u00d860 mm<\/td><\/tr><tr><td>Mat\u00e9riau du rad\u00f4me<\/td><td>PVC UV<\/td><\/tr><tr><td>Vitesse du vent<\/td><td>210 km\/h<\/td><\/tr><tr><td>Temp\u00e9rature de fonctionnement<\/td><td>-40\u2103 - +65\u2103<\/td><\/tr><\/tbody><\/table><\/figure>","protected":false},"author":1,"featured_media":4848,"menu_order":0,"template":"","meta":{"_acf_changed":true},"product_cat":[88,87,336,247],"product_tag":[],"class_list":["post-3526","product","type-product","status-publish","has-post-thumbnail","hentry","product_cat-5g-antennas","product_cat-4g-lte-antennas","product_cat-617-6000-mhz-antennas","product_cat-mimo-omni-antennas"],"acf":{"_sku":"TOF-0660-4DV","product-image":[4848],"_price":"42","pdsms":null,"excerpt":"<ul>\r\n<li>Fonctionne sur la bande 617-6000MHz pour chaque port<\/li>\r\n<li>Id\u00e9al pour les r\u00e9p\u00e9teurs\/booster\/routeurs 2G\/3G\/4G\/5G<\/li>\r\n<li>Rayonnement omnidirectionnel<\/li>\r\n<li>Bo\u00eetier robuste en PVC prot\u00e9g\u00e9 contre les UV<\/li>\r\n<li>Connecteur m\u00e2le RP SMA<\/li>\r\n<li>\u00c9l\u00e9ment PCB \u00e0 l'int\u00e9rieur, haute performance<\/li>\r\n<li>Livr\u00e9 avec un kit de montage robuste<\/li>\r\n<\/ul>","faqs":""},"_links":{"self":[{"href":"https:\/\/www.tesswave.com\/fr\/wp-json\/wp\/v2\/product\/3526","targetHints":{"allow":["GET"]}}],"collection":[{"href":"https:\/\/www.tesswave.com\/fr\/wp-json\/wp\/v2\/product"}],"about":[{"href":"https:\/\/www.tesswave.com\/fr\/wp-json\/wp\/v2\/types\/product"}],"author":[{"embeddable":true,"href":"https:\/\/www.tesswave.com\/fr\/wp-json\/wp\/v2\/users\/1"}],"acf:attachment":[{"embeddable":true,"href":"https:\/\/www.tesswave.com\/fr\/wp-json\/wp\/v2\/media\/4848"}],"wp:featuredmedia":[{"embeddable":true,"href":"https:\/\/www.tesswave.com\/fr\/wp-json\/wp\/v2\/media\/4848"}],"wp:attachment":[{"href":"https:\/\/www.tesswave.com\/fr\/wp-json\/wp\/v2\/media?parent=3526"}],"wp:term":[{"taxonomy":"product_cat","embeddable":true,"href":"https:\/\/www.tesswave.com\/fr\/wp-json\/wp\/v2\/product_cat?post=3526"},{"taxonomy":"product_tag","embeddable":true,"href":"https:\/\/www.tesswave.com\/fr\/wp-json\/wp\/v2\/product_tag?post=3526"}],"curies":[{"name":"wp","href":"https:\/\/api.w.org\/{rel}","templated":true}]}}