{"id":3535,"date":"2022-07-25T21:02:58","date_gmt":"2022-07-25T13:02:58","guid":{"rendered":"https:\/\/www.tesswave.com\/?post_type=product&#038;p=3535"},"modified":"2025-06-19T18:04:24","modified_gmt":"2025-06-19T10:04:24","slug":"4g-lte-magnetic-mount-wideband-antenna-698-2700-mhz","status":"publish","type":"product","link":"https:\/\/www.tesswave.com\/fr\/product\/4g-lte-magnetic-mount-wideband-antenna-698-2700-mhz\/","title":{"rendered":"Antenne \u00e0 large bande 4G LTE \u00e0 montage magn\u00e9tique 698-2700MHz"},"content":{"rendered":"<figure class=\"wp-block-table is-style-regular\"><table class=\"has-fixed-layout\"><tbody><tr><td><strong>Sp\u00e9cifications \u00e9lectriques<\/strong><\/td><td>&nbsp;<\/td><\/tr><tr><td>Fr\u00e9quence - MHz<\/td><td>698-960\/1710-2700<\/td><\/tr><tr><td>Gain-dBi<\/td><td>3\u00b10.5<\/td><\/tr><tr><td>TOS<\/td><td>&lt;2.5<\/td><\/tr><tr><td>Polarisation<\/td><td>Vertical<\/td><\/tr><tr><td>Largeur du faisceau horizontal<\/td><td>360\u00b0<\/td><\/tr><tr><td>Largeur du faisceau vertical<\/td><td>65\u00b0<\/td><\/tr><tr><td>Imp\u00e9dance<\/td><td>50 ohms<\/td><\/tr><tr><td>Puissance max. Puissance d'entr\u00e9e<\/td><td>100W<\/td><\/tr><tr><td>Protection contre la foudre<\/td><td>Terre DC<\/td><\/tr><tr><td><strong>Sp\u00e9cifications m\u00e9caniques<\/strong><\/td><td>&nbsp;<\/td><\/tr><tr><td>Connecteur<\/td><td>RP SMA m\u00e2le<\/td><\/tr><tr><td>C\u00e2ble<\/td><td>3 m\u00e8tres RG174<\/td><\/tr><tr><td>Dimension<\/td><td>160 mm<\/td><\/tr><tr><td>Poids<\/td><td>35 g<\/td><\/tr><tr><td>Vitesse du vent<\/td><td>210 km\/h<\/td><\/tr><tr><td>Temp\u00e9rature de fonctionnement<\/td><td>-40\u2103 - +65\u2103<\/td><\/tr><\/tbody><\/table><\/figure>","protected":false},"author":1,"featured_media":4844,"menu_order":0,"template":"","meta":{"_acf_changed":true},"product_cat":[87,337],"product_tag":[],"class_list":["post-3535","product","type-product","status-publish","has-post-thumbnail","hentry","product_cat-4g-lte-antennas","product_cat-698-2700-mhz-antennas"],"acf":{"_sku":"TMR-0727-3V","product-image":[4844],"_price":"4.5","pdsms":null,"excerpt":"<ul>\r\n<li>Gamme de fr\u00e9quences : 698-960\/1710-2700MHz<\/li>\r\n<li>Id\u00e9al pour les applications 2G\/3G\/4G\/WIFI, etc.<\/li>\r\n<li>Rayonnement omnidirectionnel pour une couverture du signal \u00e0 360 degr\u00e9s<\/li>\r\n<li>Connecteur SMA m\u00e2le \u00e0 charni\u00e8re pivotante avec 3 m\u00e8tres de c\u00e2ble coaxial RG174<\/li>\r\n<li>Base de montage magn\u00e9tique<\/li>\r\n<\/ul>","faqs":""},"_links":{"self":[{"href":"https:\/\/www.tesswave.com\/fr\/wp-json\/wp\/v2\/product\/3535","targetHints":{"allow":["GET"]}}],"collection":[{"href":"https:\/\/www.tesswave.com\/fr\/wp-json\/wp\/v2\/product"}],"about":[{"href":"https:\/\/www.tesswave.com\/fr\/wp-json\/wp\/v2\/types\/product"}],"author":[{"embeddable":true,"href":"https:\/\/www.tesswave.com\/fr\/wp-json\/wp\/v2\/users\/1"}],"acf:attachment":[{"embeddable":true,"href":"https:\/\/www.tesswave.com\/fr\/wp-json\/wp\/v2\/media\/4844"}],"wp:featuredmedia":[{"embeddable":true,"href":"https:\/\/www.tesswave.com\/fr\/wp-json\/wp\/v2\/media\/4844"}],"wp:attachment":[{"href":"https:\/\/www.tesswave.com\/fr\/wp-json\/wp\/v2\/media?parent=3535"}],"wp:term":[{"taxonomy":"product_cat","embeddable":true,"href":"https:\/\/www.tesswave.com\/fr\/wp-json\/wp\/v2\/product_cat?post=3535"},{"taxonomy":"product_tag","embeddable":true,"href":"https:\/\/www.tesswave.com\/fr\/wp-json\/wp\/v2\/product_tag?post=3535"}],"curies":[{"name":"wp","href":"https:\/\/api.w.org\/{rel}","templated":true}]}}