{"id":3561,"date":"2022-08-02T11:06:32","date_gmt":"2022-08-02T03:06:32","guid":{"rendered":"https:\/\/www.tesswave.com\/?post_type=product&#038;p=3561"},"modified":"2025-06-19T18:00:07","modified_gmt":"2025-06-19T10:00:07","slug":"outdoor-omnidirectional-wifi-6e-antenna","status":"publish","type":"product","link":"https:\/\/www.tesswave.com\/fr\/product\/outdoor-omnidirectional-wifi-6e-antenna\/","title":{"rendered":"2400-7125MHz 4\/6dBi Antenne ext\u00e9rieure omnidirectionnelle WiFi 6\/6E"},"content":{"rendered":"<figure class=\"wp-block-table is-style-regular\"><table class=\"has-fixed-layout\"><tbody><tr><td><strong>Sp\u00e9cifications \u00e9lectriques<\/strong><\/td><td>&nbsp;<\/td><td>&nbsp;<\/td><\/tr><tr><td>Fr\u00e9quence-MHz<\/td><td>2400-2500<\/td><td>4900-7125<\/td><\/tr><tr><td>Gain-dBi<\/td><td>4<\/td><td>6<\/td><\/tr><tr><td>TOS<\/td><td>&lt;1.5<\/td><td>&lt;2.2<\/td><\/tr><tr><td>Polarisation<\/td><td>Vertical<\/td><td>&nbsp;<\/td><\/tr><tr><td>Largeur du faisceau horizontal<\/td><td>360\u00b0<\/td><td>&nbsp;<\/td><\/tr><tr><td>Largeur du faisceau vertical<\/td><td>48\u00b0<\/td><td>28\u00b0<\/td><\/tr><tr><td>Imp\u00e9dance<\/td><td>50\u03a9<\/td><td>&nbsp;<\/td><\/tr><tr><td>Puissance max. Puissance d'entr\u00e9e<\/td><td>50W<\/td><td>&nbsp;<\/td><\/tr><tr><td>Protection contre la foudre<\/td><td>Terre DC<\/td><td>&nbsp;<\/td><\/tr><tr><td><strong>Sp\u00e9cifications m\u00e9caniques<\/strong><\/td><td>&nbsp;<\/td><td>&nbsp;<\/td><\/tr><tr><td>Connecteur<\/td><td>N Femme<\/td><td>&nbsp;<\/td><\/tr><tr><td>Dimension<\/td><td>\u00d820\u00d7220 mm<\/td><td>&nbsp;<\/td><\/tr><tr><td>Poids<\/td><td>75 g<\/td><td>&nbsp;<\/td><\/tr><tr><td>Montage<\/td><td>A visser<\/td><td>&nbsp;<\/td><\/tr><tr><td>Mat\u00e9riau du rad\u00f4me<\/td><td>Fibre de verre<\/td><td>&nbsp;<\/td><\/tr><tr><td>Vitesse du vent<\/td><td>210 km\/h<\/td><td>&nbsp;<\/td><\/tr><tr><td>Temp\u00e9rature de fonctionnement<\/td><td>-40\u2103 - +65\u2103<\/td><td>&nbsp;<\/td><\/tr><\/tbody><\/table><\/figure>","protected":false},"author":1,"featured_media":4843,"menu_order":0,"template":"","meta":{"_acf_changed":true},"product_cat":[166,338],"product_tag":[],"class_list":["post-3561","product","type-product","status-publish","has-post-thumbnail","hentry","product_cat-wifi-6-6e-antennas","product_cat-2400-7125-mhz-antennas"],"acf":{"_sku":"TOF-2472-6V","product-image":[4843],"_price":"9.9","pdsms":null,"excerpt":"<ul>\r\n<li>Fonctionne \u00e0 2400-2500\/4900-7125MHz bi-bande<\/li>\r\n<li>Gain r\u00e9el 4dBi@2.4GHz et 6dBi@4900-7125MHz<\/li>\r\n<li>Toute nouvelle bande 6GHz pour WiFi 6E<\/li>\r\n<li>Antenne omnidirectionnelle, id\u00e9ale pour couvrir le signal en ext\u00e9rieur<\/li>\r\n<li>Installation directe sur le routeur ou autres options<\/li>\r\n<li>Bo\u00eetier d'antenne en fibre de verre pour r\u00e9sister aux intemp\u00e9ries<\/li>\r\n<li>Dimensions : \u03a620\u00d7220 mm<\/li>\r\n<li>IP66 r\u00e9sistant \u00e0 la pluie et \u00e0 la poussi\u00e8re<\/li>\r\n<\/ul>","faqs":""},"_links":{"self":[{"href":"https:\/\/www.tesswave.com\/fr\/wp-json\/wp\/v2\/product\/3561","targetHints":{"allow":["GET"]}}],"collection":[{"href":"https:\/\/www.tesswave.com\/fr\/wp-json\/wp\/v2\/product"}],"about":[{"href":"https:\/\/www.tesswave.com\/fr\/wp-json\/wp\/v2\/types\/product"}],"author":[{"embeddable":true,"href":"https:\/\/www.tesswave.com\/fr\/wp-json\/wp\/v2\/users\/1"}],"acf:attachment":[{"embeddable":true,"href":"https:\/\/www.tesswave.com\/fr\/wp-json\/wp\/v2\/media\/4843"}],"wp:featuredmedia":[{"embeddable":true,"href":"https:\/\/www.tesswave.com\/fr\/wp-json\/wp\/v2\/media\/4843"}],"wp:attachment":[{"href":"https:\/\/www.tesswave.com\/fr\/wp-json\/wp\/v2\/media?parent=3561"}],"wp:term":[{"taxonomy":"product_cat","embeddable":true,"href":"https:\/\/www.tesswave.com\/fr\/wp-json\/wp\/v2\/product_cat?post=3561"},{"taxonomy":"product_tag","embeddable":true,"href":"https:\/\/www.tesswave.com\/fr\/wp-json\/wp\/v2\/product_tag?post=3561"}],"curies":[{"name":"wp","href":"https:\/\/api.w.org\/{rel}","templated":true}]}}